{"id":83996,"date":"2022-11-23T15:38:29","date_gmt":"2022-11-23T13:38:29","guid":{"rendered":"https:\/\/mpsoft.fi\/?page_id=83996"},"modified":"2026-03-30T12:52:15","modified_gmt":"2026-03-30T09:52:15","slug":"meista","status":"publish","type":"page","link":"https:\/\/mpsoft.fi\/fi\/meista\/","title":{"rendered":"Tietoa meist\u00e4"},"content":{"rendered":"<div class=\"wpb-content-wrapper\"><p>[vc_row row_height_percent=&#8221;0&#8243; override_padding=&#8221;yes&#8221; h_padding=&#8221;2&#8243; top_padding=&#8221;3&#8243; bottom_padding=&#8221;2&#8243; back_color=&#8221;color-xsdn&#8221; overlay_alpha=&#8221;0&#8243; gutter_size=&#8221;3&#8243; column_width_percent=&#8221;100&#8243; shift_y=&#8221;0&#8243; z_index=&#8221;0&#8243; bottom_divider=&#8221;step_3_4&#8243; uncode_shortcode_id=&#8221;139678&#8243; back_color_type=&#8221;uncode-palette&#8221;][vc_column column_width_percent=&#8221;100&#8243; gutter_size=&#8221;3&#8243; style=&#8221;light&#8221; overlay_alpha=&#8221;50&#8243; shift_x=&#8221;0&#8243; shift_y=&#8221;0&#8243; shift_y_down=&#8221;0&#8243; z_index=&#8221;0&#8243; medium_width=&#8221;0&#8243; mobile_width=&#8221;0&#8243; width=&#8221;2\/3&#8243;][vc_custom_heading heading_semantic=&#8221;p&#8221; text_font=&#8221;font-145987&#8243; text_size=&#8221;fontsize-160000&#8243; text_weight=&#8221;600&#8243; text_height=&#8221;fontheight-179065&#8243; uncode_shortcode_id=&#8221;718261&#8243;]Tietoa meist\u00e4[\/vc_custom_heading][vc_custom_heading heading_semantic=&#8221;h1&#8243; text_font=&#8221;font-145987&#8243; text_size=&#8221;fontsize-155944&#8243; text_weight=&#8221;600&#8243; text_height=&#8221;fontheight-179065&#8243; uncode_shortcode_id=&#8221;136334&#8243;]Nopeampia ja tehokkampia CAD- ja PLM prosesseja &#8211; yli 20 vuoden kokemuksella[\/vc_custom_heading][vc_column_text uncode_shortcode_id=&#8221;209245&#8243;]MP Softilla on yli 20 vuoden kokemus sek\u00e4 PTC:n Creo- ett\u00e4 Windchill-ohjelmistoista, SolidWorks CAD:st\u00e4 ja Autodeskin Inventor-ohjelmistosta. P\u00e4\u00e4tavoitteemme on auttaa asiakkaitamme tehostamaan ja automatisoimaan suunnitteluprosessejaan asiantuntemuksemme ja ratkaisujemme avulla \u2013 ja siten auttaa heit\u00e4 olemaan tuottavampia ja kilpailukykyisempi\u00e4 omassa toiminnassaan.<\/p>\n<p><strong>Yli 100 yrityst\u00e4 luottaa ratkaisuihimme. Ota yhteytt\u00e4 ja selvit\u00e4, mit\u00e4 ratkaisumme voivat auttaa sinua.<\/strong>[\/vc_column_text][\/vc_column][vc_column width=&#8221;1\/3&#8243;][\/vc_column][\/vc_row][vc_row row_height_percent=&#8221;0&#8243; override_padding=&#8221;yes&#8221; h_padding=&#8221;3&#8243; top_padding=&#8221;3&#8243; bottom_padding=&#8221;3&#8243; overlay_alpha=&#8221;100&#8243; gutter_size=&#8221;4&#8243; column_width_percent=&#8221;100&#8243; shift_y=&#8221;0&#8243; z_index=&#8221;0&#8243; style=&#8221;inherited&#8221; uncode_shortcode_id=&#8221;146523&#8243; row_name=&#8221;next&#8221;][vc_column column_width_percent=&#8221;100&#8243; position_vertical=&#8221;middle&#8221; align_horizontal=&#8221;align_center&#8221; gutter_size=&#8221;3&#8243; style=&#8221;light&#8221; overlay_alpha=&#8221;50&#8243; shift_x=&#8221;0&#8243; shift_y=&#8221;0&#8243; shift_y_down=&#8221;0&#8243; z_index=&#8221;0&#8243; medium_width=&#8221;4&#8243; mobile_visibility=&#8221;yes&#8221; mobile_width=&#8221;0&#8243; zoom_width=&#8221;0&#8243; zoom_height=&#8221;0&#8243; width=&#8221;1\/2&#8243; uncode_shortcode_id=&#8221;169774&#8243;][vc_single_image media=&#8221;83947&#8243; media_width_percent=&#8221;100&#8243; uncode_shortcode_id=&#8221;148498&#8243;][\/vc_column][vc_column column_width_percent=&#8221;80&#8243; position_vertical=&#8221;middle&#8221; gutter_size=&#8221;3&#8243; overlay_alpha=&#8221;50&#8243; shift_x=&#8221;0&#8243; shift_y=&#8221;0&#8243; shift_y_down=&#8221;0&#8243; z_index=&#8221;0&#8243; medium_width=&#8221;4&#8243; mobile_width=&#8221;0&#8243; width=&#8221;1\/2&#8243; uncode_shortcode_id=&#8221;149209&#8243;][vc_custom_heading heading_semantic=&#8221;h3&#8243; text_font=&#8221;font-145987&#8243; text_size=&#8221;h1&#8243; text_weight=&#8221;600&#8243; text_height=&#8221;fontheight-179065&#8243; separator=&#8221;yes&#8221; separator_color=&#8221;yes&#8221; uncode_shortcode_id=&#8221;264866&#8243;]<span style=\"font-weight: 400;\">Suunnitteluautomaatiota yli 20 vuoden ajan<br \/>\n<\/span>[\/vc_custom_heading][vc_column_text uncode_shortcode_id=&#8221;614711&#8243;]Laajan CAD- ja PLM-ohjelmistoosaamisemme avulla olemme auttaneet yrityksi\u00e4 ja suunnittelijoita heid\u00e4n jokap\u00e4iv\u00e4isess\u00e4 ty\u00f6ss\u00e4\u00e4n jo yli 20 vuoden ajan. Missiomme on yksinkertainen: saada ty\u00f6si sujuvammaksi lis\u00e4\u00e4m\u00e4ll\u00e4 tuottavuutta, v\u00e4hent\u00e4m\u00e4ll\u00e4 virheit\u00e4 ja tekem\u00e4ll\u00e4 suunnittelutiimisi onnellisemmaksi.<\/p>\n<p>Asiantuntemuksemme perustuu vahvaan taustaamme sek\u00e4 ohjelmoinnin ett\u00e4 CAD -konsultoinnin alalla. N\u00e4in sek\u00e4 ymm\u00e4rr\u00e4mme ett\u00e4 ennakoimme asiakkaidemme tarpeita ja kykenemme tukemaan heid\u00e4n toimintaansa tehokkailla ohjelmistoratkaisuilla.[\/vc_column_text][\/vc_column][\/vc_row][vc_row row_height_percent=&#8221;0&#8243; override_padding=&#8221;yes&#8221; h_padding=&#8221;3&#8243; top_padding=&#8221;3&#8243; bottom_padding=&#8221;3&#8243; overlay_alpha=&#8221;100&#8243; gutter_size=&#8221;4&#8243; column_width_percent=&#8221;100&#8243; shift_y=&#8221;0&#8243; z_index=&#8221;0&#8243; style=&#8221;inherited&#8221; uncode_shortcode_id=&#8221;146523&#8243; row_name=&#8221;next&#8221;][vc_column column_width_percent=&#8221;80&#8243; position_vertical=&#8221;middle&#8221; gutter_size=&#8221;3&#8243; overlay_alpha=&#8221;50&#8243; shift_x=&#8221;0&#8243; shift_y=&#8221;0&#8243; shift_y_down=&#8221;0&#8243; z_index=&#8221;0&#8243; medium_width=&#8221;4&#8243; mobile_width=&#8221;0&#8243; width=&#8221;1\/2&#8243; uncode_shortcode_id=&#8221;149209&#8243;][vc_custom_heading heading_semantic=&#8221;h3&#8243; text_font=&#8221;font-145987&#8243; text_size=&#8221;h1&#8243; text_weight=&#8221;600&#8243; text_height=&#8221;fontheight-179065&#8243; separator=&#8221;yes&#8221; separator_color=&#8221;yes&#8221; uncode_shortcode_id=&#8221;116996&#8243;]<span style=\"font-weight: 400;\">Toiminnan l\u00e4ht\u00f6kohtana asiakkaame tarpeet<br \/>\n<\/span>[\/vc_custom_heading][vc_column_text uncode_shortcode_id=&#8221;189351&#8243;]Laajan CAD- ja PLM-ohjelmistoosaamisemme avulla olemme auttaneet yrityksi\u00e4 ja suunnittelijoita heid\u00e4n jokap\u00e4iv\u00e4isiss\u00e4 toimissaan yli 20 vuoden ajan. Missiomme on yksinkertainen: saada ty\u00f6si sujuvaksi lis\u00e4\u00e4m\u00e4ll\u00e4 tuottavuutta, v\u00e4hent\u00e4m\u00e4ll\u00e4 virheit\u00e4 ja tekem\u00e4ll\u00e4 suunnittelutiimist\u00e4si onnellisemmaksi.<\/p>\n<p>Ohjelmistokehityksemme perustuu asiakkaidemme tarpeisiin. Teemme tiivist\u00e4 yhteisty\u00f6t\u00e4 monien asiakkaidemme kanssa varmistaaksemme, ett\u00e4 keskitymme t\u00e4rkeimp\u00e4\u00e4n: asiakkaidemme el\u00e4m\u00e4n helpottamiseen. Palvelemme yrityksi\u00e4 ja suunnittelutiimej\u00e4 maailmanlaajuisesti, p\u00e4\u00e4konttorimme sijaitsee Suomessa.<\/p>\n<p><strong>Mit\u00e4 voimme tehd\u00e4 ty\u00f6si sujuvuuden parantamiseksi? Ota yhteytt\u00e4, kerromme mielell\u00e4mme lis\u00e4\u00e4!<\/strong>[\/vc_column_text][\/vc_column][vc_column column_width_percent=&#8221;100&#8243; position_vertical=&#8221;middle&#8221; align_horizontal=&#8221;align_center&#8221; gutter_size=&#8221;3&#8243; style=&#8221;light&#8221; overlay_alpha=&#8221;50&#8243; shift_x=&#8221;0&#8243; shift_y=&#8221;0&#8243; shift_y_down=&#8221;0&#8243; z_index=&#8221;0&#8243; medium_width=&#8221;4&#8243; mobile_visibility=&#8221;yes&#8221; mobile_width=&#8221;0&#8243; zoom_width=&#8221;0&#8243; zoom_height=&#8221;0&#8243; width=&#8221;1\/2&#8243; uncode_shortcode_id=&#8221;169774&#8243;][vc_single_image media=&#8221;83949&#8243; media_width_percent=&#8221;100&#8243; uncode_shortcode_id=&#8221;181089&#8243;][\/vc_column][\/vc_row][vc_row unlock_row_content=&#8221;yes&#8221; row_height_percent=&#8221;40&#8243; override_padding=&#8221;yes&#8221; h_padding=&#8221;3&#8243; top_padding=&#8221;3&#8243; bottom_padding=&#8221;5&#8243; overlay_alpha=&#8221;50&#8243; equal_height=&#8221;yes&#8221; gutter_size=&#8221;0&#8243; column_width_percent=&#8221;100&#8243; shift_y=&#8221;0&#8243; z_index=&#8221;0&#8243; mobile_visibility=&#8221;yes&#8221; uncode_shortcode_id=&#8221;189253&#8243;][vc_column column_width_percent=&#8221;100&#8243; position_vertical=&#8221;middle&#8221; align_horizontal=&#8221;align_center&#8221; gutter_size=&#8221;3&#8243; overlay_alpha=&#8221;50&#8243; shift_x=&#8221;0&#8243; shift_y=&#8221;0&#8243; shift_y_down=&#8221;0&#8243; z_index=&#8221;0&#8243; medium_width=&#8221;0&#8243; align_mobile=&#8221;align_left_mobile&#8221; mobile_width=&#8221;0&#8243; width=&#8221;1\/1&#8243; uncode_shortcode_id=&#8221;645337&#8243;][vc_custom_heading heading_semantic=&#8221;h3&#8243; text_font=&#8221;font-145987&#8243; text_size=&#8221;h1&#8243; text_weight=&#8221;600&#8243; text_height=&#8221;fontheight-179065&#8243; separator=&#8221;yes&#8221; separator_color=&#8221;yes&#8221; uncode_shortcode_id=&#8221;338599&#8243;]<span style=\"font-weight: 400;\">J\u00e4lleenmyyj\u00e4t<\/span>[\/vc_custom_heading][vc_custom_heading heading_semantic=&#8221;h3&#8243; text_font=&#8221;font-145987&#8243; text_size=&#8221;h3&#8243; text_weight=&#8221;300&#8243; text_height=&#8221;fontheight-179065&#8243; uncode_shortcode_id=&#8221;691063&#8243;]<a href=\"http:\/\/www.advantis.dk\/\">Advantis Dk<\/a> \u2503 <a href=\"https:\/\/econocap.com\/\">Econocap Fi<\/a> \u2503 <a href=\"https:\/\/www.econocap.de\/\">Econocap De<\/a> \u2503 <a href=\"https:\/\/meksystems.fi\">Meksystems<\/a> \u2503 <a href=\"https:\/\/www.variantum.com\/\">Variantum<\/a>\u00a0\u2503\u00a0<a href=\"https:\/\/www.symetri.com\/\">Symetri<\/a>\u00a0\u2503\u00a0<a href=\"https:\/\/www.frecon.dk\/\">Frecon Dk<\/a>[\/vc_custom_heading][vc_single_image media=&#8221;86273&#8243; media_width_percent=&#8221;15&#8243; alignment=&#8221;center&#8221; media_link=&#8221;title:MP-Soft-Oy_Diamond-2021-AAA&#8221; uncode_shortcode_id=&#8221;952796&#8243;][\/vc_column][\/vc_row][vc_row unlock_row_content=&#8221;yes&#8221; row_height_percent=&#8221;40&#8243; override_padding=&#8221;yes&#8221; h_padding=&#8221;3&#8243; top_padding=&#8221;3&#8243; bottom_padding=&#8221;5&#8243; overlay_alpha=&#8221;50&#8243; equal_height=&#8221;yes&#8221; gutter_size=&#8221;0&#8243; column_width_percent=&#8221;100&#8243; shift_y=&#8221;0&#8243; z_index=&#8221;0&#8243; desktop_visibility=&#8221;yes&#8221; medium_visibility=&#8221;yes&#8221; uncode_shortcode_id=&#8221;113812&#8243;][vc_column column_width_percent=&#8221;100&#8243; position_vertical=&#8221;middle&#8221; gutter_size=&#8221;3&#8243; overlay_alpha=&#8221;50&#8243; shift_x=&#8221;0&#8243; shift_y=&#8221;0&#8243; shift_y_down=&#8221;0&#8243; z_index=&#8221;0&#8243; medium_width=&#8221;0&#8243; align_mobile=&#8221;align_left_mobile&#8221; mobile_width=&#8221;0&#8243; width=&#8221;1\/1&#8243; uncode_shortcode_id=&#8221;257906&#8243;][vc_custom_heading heading_semantic=&#8221;h3&#8243; text_font=&#8221;font-145987&#8243; text_size=&#8221;h1&#8243; text_weight=&#8221;600&#8243; text_height=&#8221;fontheight-179065&#8243; separator=&#8221;yes&#8221; separator_color=&#8221;yes&#8221; uncode_shortcode_id=&#8221;177147&#8243;]<span style=\"font-weight: 400;\">J\u00e4lleenmyyj\u00e4t<\/span>[\/vc_custom_heading][vc_custom_heading heading_semantic=&#8221;h3&#8243; text_font=&#8221;font-145987&#8243; text_size=&#8221;h4&#8243; text_weight=&#8221;300&#8243; text_height=&#8221;fontheight-357766&#8243; uncode_shortcode_id=&#8221;697802&#8243;]<a href=\"http:\/\/www.advantis.dk\/\">Advantis dk<\/a> \u2503 <a href=\"https:\/\/econocap.com\/\">Econocap Finland<\/a> \u2503 <a href=\"https:\/\/www.econocap.de\/\">Econocap Germany<\/a> \u2503 <a href=\"https:\/\/meksystems.fi\">Meksystems<\/a> \u2503 <a href=\"https:\/\/www.variantum.com\/\">Variantum<\/a>\u00a0\u2503\u00a0<a href=\"https:\/\/www.symetri.com\/\">Symetri<\/a>[\/vc_custom_heading][vc_single_image media=&#8221;86273&#8243; media_width_percent=&#8221;65&#8243; uncode_shortcode_id=&#8221;136624&#8243;][\/vc_column][\/vc_row][vc_row][vc_column width=&#8221;1\/1&#8243;][uncode_block id=&#8221;84046&#8243;][\/vc_column][\/vc_row]<\/p>\n<\/div>","protected":false},"excerpt":{"rendered":"<p>[vc_row row_height_percent=&#8221;0&#8243; override_padding=&#8221;yes&#8221; h_padding=&#8221;2&#8243; top_padding=&#8221;3&#8243; bottom_padding=&#8221;2&#8243; back_color=&#8221;color-xsdn&#8221; overlay_alpha=&#8221;0&#8243; gutter_size=&#8221;3&#8243; column_width_percent=&#8221;100&#8243; shift_y=&#8221;0&#8243; z_index=&#8221;0&#8243; bottom_divider=&#8221;step_3_4&#8243; uncode_shortcode_id=&#8221;139678&#8243; back_color_type=&#8221;uncode-palette&#8221;][vc_column column_width_percent=&#8221;100&#8243; gutter_size=&#8221;3&#8243; style=&#8221;light&#8221; overlay_alpha=&#8221;50&#8243; shift_x=&#8221;0&#8243; [&hellip;]<\/p>\n","protected":false},"author":1,"featured_media":0,"parent":0,"menu_order":0,"comment_status":"closed","ping_status":"closed","template":"","meta":{"_improvement_type_select":"improve_an_existing","_thumb_yes_seoaic":false,"_frame_yes_seoaic":false,"seoaic_generate_description":"","seoaic_improve_instructions_prompt":"","seoaic_rollback_content_improvement":"","seoaic_idea_thumbnail_generator":"","thumbnail_generated":false,"thumbnail_generate_prompt":"","seoaic_article_description":"","footnotes":""},"class_list":["post-83996","page","type-page","status-publish","hentry"],"yoast_head":"<!-- This site is optimized with the Yoast SEO plugin v20.4 - https:\/\/yoast.com\/wordpress\/plugins\/seo\/ -->\n<title>Tietoa meist\u00e4 | MP Soft | Integrable CAD &amp; PLM Software Solutions<\/title>\n<meta name=\"description\" content=\"MP Soft has over 20 years of experience in both Creo and Windchill software by PTC, in SolidWorks CAD and in Inventor software by Autodesk.\" \/>\n<meta name=\"robots\" content=\"index, follow, max-snippet:-1, max-image-preview:large, max-video-preview:-1\" \/>\n<link rel=\"canonical\" href=\"https:\/\/mpsoft.fi\/fi\/meista\/\" \/>\n<meta property=\"og:locale\" content=\"fi_FI\" \/>\n<meta property=\"og:type\" content=\"article\" \/>\n<meta property=\"og:title\" content=\"Tietoa meist\u00e4 | MP Soft | Integrable CAD &amp; PLM Software Solutions\" \/>\n<meta property=\"og:description\" content=\"MP Soft has over 20 years of experience in both Creo and Windchill software by PTC, in SolidWorks CAD and in Inventor software by Autodesk.\" \/>\n<meta property=\"og:url\" content=\"https:\/\/mpsoft.fi\/fi\/meista\/\" \/>\n<meta property=\"og:site_name\" content=\"MP Soft\" \/>\n<meta property=\"article:modified_time\" content=\"2026-03-30T09:52:15+00:00\" \/>\n<meta property=\"og:image\" content=\"https:\/\/mpsoft.fi\/wp-content\/uploads\/2020\/02\/Mpsoft_log.png\" \/>\n\t<meta property=\"og:image:width\" content=\"640\" \/>\n\t<meta property=\"og:image:height\" content=\"175\" \/>\n\t<meta property=\"og:image:type\" content=\"image\/png\" \/>\n<meta name=\"twitter:card\" content=\"summary_large_image\" \/>\n<meta name=\"twitter:label1\" content=\"Arvioitu lukuaika\" \/>\n\t<meta name=\"twitter:data1\" content=\"3 minuuttia\" \/>\n<script type=\"application\/ld+json\" class=\"yoast-schema-graph\">{\"@context\":\"https:\/\/schema.org\",\"@graph\":[{\"@type\":\"WebPage\",\"@id\":\"https:\/\/mpsoft.fi\/fi\/meista\/\",\"url\":\"https:\/\/mpsoft.fi\/fi\/meista\/\",\"name\":\"Tietoa meist\u00e4 | MP Soft | Integrable CAD & PLM Software Solutions\",\"isPartOf\":{\"@id\":\"https:\/\/mpsoft.fi\/fi\/#website\"},\"datePublished\":\"2022-11-23T13:38:29+00:00\",\"dateModified\":\"2026-03-30T09:52:15+00:00\",\"description\":\"MP Soft has over 20 years of experience in both Creo and Windchill software by PTC, in SolidWorks CAD and in Inventor software by Autodesk.\",\"breadcrumb\":{\"@id\":\"https:\/\/mpsoft.fi\/fi\/meista\/#breadcrumb\"},\"inLanguage\":\"fi\",\"potentialAction\":[{\"@type\":\"ReadAction\",\"target\":[\"https:\/\/mpsoft.fi\/fi\/meista\/\"]}]},{\"@type\":\"BreadcrumbList\",\"@id\":\"https:\/\/mpsoft.fi\/fi\/meista\/#breadcrumb\",\"itemListElement\":[{\"@type\":\"ListItem\",\"position\":1,\"name\":\"Home\",\"item\":\"https:\/\/mpsoft.fi\/fi\/\"},{\"@type\":\"ListItem\",\"position\":2,\"name\":\"Tietoa meist\u00e4\"}]},{\"@type\":\"WebSite\",\"@id\":\"https:\/\/mpsoft.fi\/fi\/#website\",\"url\":\"https:\/\/mpsoft.fi\/fi\/\",\"name\":\"MP Soft\",\"description\":\"IMPROVE THE QUALITY AND AUTOMATION OF YOUR PRODUCT DESIGN\",\"publisher\":{\"@id\":\"https:\/\/mpsoft.fi\/fi\/#organization\"},\"potentialAction\":[{\"@type\":\"SearchAction\",\"target\":{\"@type\":\"EntryPoint\",\"urlTemplate\":\"https:\/\/mpsoft.fi\/fi\/?s={search_term_string}\"},\"query-input\":\"required name=search_term_string\"}],\"inLanguage\":\"fi\"},{\"@type\":\"Organization\",\"@id\":\"https:\/\/mpsoft.fi\/fi\/#organization\",\"name\":\"MP Soft\",\"url\":\"https:\/\/mpsoft.fi\/fi\/\",\"logo\":{\"@type\":\"ImageObject\",\"inLanguage\":\"fi\",\"@id\":\"https:\/\/mpsoft.fi\/fi\/#\/schema\/logo\/image\/\",\"url\":\"https:\/\/mpsoft.fi\/wp-content\/uploads\/2020\/02\/Mpsoft_log.png\",\"contentUrl\":\"https:\/\/mpsoft.fi\/wp-content\/uploads\/2020\/02\/Mpsoft_log.png\",\"width\":640,\"height\":175,\"caption\":\"MP Soft\"},\"image\":{\"@id\":\"https:\/\/mpsoft.fi\/fi\/#\/schema\/logo\/image\/\"}}]}<\/script>\n<!-- \/ Yoast SEO plugin. -->","yoast_head_json":{"title":"Tietoa meist\u00e4 | MP Soft | Integrable CAD & PLM Software Solutions","description":"MP Soft has over 20 years of experience in both Creo and Windchill software by PTC, in SolidWorks CAD and in Inventor software by Autodesk.","robots":{"index":"index","follow":"follow","max-snippet":"max-snippet:-1","max-image-preview":"max-image-preview:large","max-video-preview":"max-video-preview:-1"},"canonical":"https:\/\/mpsoft.fi\/fi\/meista\/","og_locale":"fi_FI","og_type":"article","og_title":"Tietoa meist\u00e4 | MP Soft | Integrable CAD & PLM Software Solutions","og_description":"MP Soft has over 20 years of experience in both Creo and Windchill software by PTC, in SolidWorks CAD and in Inventor software by Autodesk.","og_url":"https:\/\/mpsoft.fi\/fi\/meista\/","og_site_name":"MP Soft","article_modified_time":"2026-03-30T09:52:15+00:00","og_image":[{"width":640,"height":175,"url":"https:\/\/mpsoft.fi\/wp-content\/uploads\/2020\/02\/Mpsoft_log.png","type":"image\/png"}],"twitter_card":"summary_large_image","twitter_misc":{"Arvioitu lukuaika":"3 minuuttia"},"schema":{"@context":"https:\/\/schema.org","@graph":[{"@type":"WebPage","@id":"https:\/\/mpsoft.fi\/fi\/meista\/","url":"https:\/\/mpsoft.fi\/fi\/meista\/","name":"Tietoa meist\u00e4 | MP Soft | Integrable CAD & PLM Software Solutions","isPartOf":{"@id":"https:\/\/mpsoft.fi\/fi\/#website"},"datePublished":"2022-11-23T13:38:29+00:00","dateModified":"2026-03-30T09:52:15+00:00","description":"MP Soft has over 20 years of experience in both Creo and Windchill software by PTC, in SolidWorks CAD and in Inventor software by Autodesk.","breadcrumb":{"@id":"https:\/\/mpsoft.fi\/fi\/meista\/#breadcrumb"},"inLanguage":"fi","potentialAction":[{"@type":"ReadAction","target":["https:\/\/mpsoft.fi\/fi\/meista\/"]}]},{"@type":"BreadcrumbList","@id":"https:\/\/mpsoft.fi\/fi\/meista\/#breadcrumb","itemListElement":[{"@type":"ListItem","position":1,"name":"Home","item":"https:\/\/mpsoft.fi\/fi\/"},{"@type":"ListItem","position":2,"name":"Tietoa meist\u00e4"}]},{"@type":"WebSite","@id":"https:\/\/mpsoft.fi\/fi\/#website","url":"https:\/\/mpsoft.fi\/fi\/","name":"MP Soft","description":"IMPROVE THE QUALITY AND AUTOMATION OF YOUR PRODUCT DESIGN","publisher":{"@id":"https:\/\/mpsoft.fi\/fi\/#organization"},"potentialAction":[{"@type":"SearchAction","target":{"@type":"EntryPoint","urlTemplate":"https:\/\/mpsoft.fi\/fi\/?s={search_term_string}"},"query-input":"required name=search_term_string"}],"inLanguage":"fi"},{"@type":"Organization","@id":"https:\/\/mpsoft.fi\/fi\/#organization","name":"MP Soft","url":"https:\/\/mpsoft.fi\/fi\/","logo":{"@type":"ImageObject","inLanguage":"fi","@id":"https:\/\/mpsoft.fi\/fi\/#\/schema\/logo\/image\/","url":"https:\/\/mpsoft.fi\/wp-content\/uploads\/2020\/02\/Mpsoft_log.png","contentUrl":"https:\/\/mpsoft.fi\/wp-content\/uploads\/2020\/02\/Mpsoft_log.png","width":640,"height":175,"caption":"MP Soft"},"image":{"@id":"https:\/\/mpsoft.fi\/fi\/#\/schema\/logo\/image\/"}}]}},"_links":{"self":[{"href":"https:\/\/mpsoft.fi\/fi\/wp-json\/wp\/v2\/pages\/83996","targetHints":{"allow":["GET"]}}],"collection":[{"href":"https:\/\/mpsoft.fi\/fi\/wp-json\/wp\/v2\/pages"}],"about":[{"href":"https:\/\/mpsoft.fi\/fi\/wp-json\/wp\/v2\/types\/page"}],"author":[{"embeddable":true,"href":"https:\/\/mpsoft.fi\/fi\/wp-json\/wp\/v2\/users\/1"}],"replies":[{"embeddable":true,"href":"https:\/\/mpsoft.fi\/fi\/wp-json\/wp\/v2\/comments?post=83996"}],"version-history":[{"count":20,"href":"https:\/\/mpsoft.fi\/fi\/wp-json\/wp\/v2\/pages\/83996\/revisions"}],"predecessor-version":[{"id":86279,"href":"https:\/\/mpsoft.fi\/fi\/wp-json\/wp\/v2\/pages\/83996\/revisions\/86279"}],"wp:attachment":[{"href":"https:\/\/mpsoft.fi\/fi\/wp-json\/wp\/v2\/media?parent=83996"}],"curies":[{"name":"wp","href":"https:\/\/api.w.org\/{rel}","templated":true}]}}