{"id":84016,"date":"2022-10-31T15:19:55","date_gmt":"2022-10-31T13:19:55","guid":{"rendered":"https:\/\/mpsoft.fi\/?page_id=84016"},"modified":"2025-02-07T11:29:28","modified_gmt":"2025-02-07T09:29:28","slug":"ratkaisut","status":"publish","type":"page","link":"https:\/\/mpsoft.fi\/fi\/ratkaisut\/","title":{"rendered":"Ratkaisut"},"content":{"rendered":"<div class=\"wpb-content-wrapper\"><p>[vc_row row_height_percent=&#8221;0&#8243; override_padding=&#8221;yes&#8221; h_padding=&#8221;2&#8243; top_padding=&#8221;3&#8243; bottom_padding=&#8221;2&#8243; back_color=&#8221;color-xsdn&#8221; overlay_alpha=&#8221;0&#8243; gutter_size=&#8221;3&#8243; column_width_percent=&#8221;100&#8243; shift_y=&#8221;0&#8243; z_index=&#8221;0&#8243; bottom_divider=&#8221;step_3_4&#8243; uncode_shortcode_id=&#8221;196008&#8243; back_color_type=&#8221;uncode-palette&#8221;][vc_column column_width_percent=&#8221;100&#8243; gutter_size=&#8221;3&#8243; style=&#8221;light&#8221; overlay_alpha=&#8221;50&#8243; shift_x=&#8221;0&#8243; shift_y=&#8221;0&#8243; shift_y_down=&#8221;0&#8243; z_index=&#8221;0&#8243; medium_width=&#8221;0&#8243; mobile_width=&#8221;0&#8243; width=&#8221;2\/3&#8243;][vc_custom_heading heading_semantic=&#8221;p&#8221; text_font=&#8221;font-145987&#8243; text_size=&#8221;fontsize-160000&#8243; text_weight=&#8221;600&#8243; text_height=&#8221;fontheight-179065&#8243; uncode_shortcode_id=&#8221;136323&#8243;]Ratkaisumme[\/vc_custom_heading][vc_custom_heading heading_semantic=&#8221;h1&#8243; text_font=&#8221;font-145987&#8243; text_size=&#8221;fontsize-155944&#8243; text_weight=&#8221;600&#8243; text_height=&#8221;fontheight-179065&#8243; uncode_shortcode_id=&#8221;703351&#8243;]Paranna tuotesuunnittelusi laatua, tuottavuutta ja automaatiota[\/vc_custom_heading][vc_column_text uncode_shortcode_id=&#8221;186054&#8243;]<span class=\"font-377884\"><span style=\"font-weight: 400;\">Kiire ja produktiivisuus ovat kaksi eri asiaa. MP Softin Link-It\u00ae tuoteperhe on suunniteltu tekem\u00e4\u00e4n CAD-ohjelmistostasi ja suunnitteluprosessistasi nopeamman ja tarkemman. Optimoi prosesseja ja automatisoi suunnitteluty\u00f6t\u00e4 kustannustehokkaasti \u2013 samalla v\u00e4henn\u00e4t toistoa vaativien teht\u00e4vien m\u00e4\u00e4r\u00e4\u00e4, s\u00e4\u00e4st\u00e4t aikaa ja autat suunnittelijoitasi keskittym\u00e4\u00e4n olennaiseen.<\/span><\/span>[\/vc_column_text][vc_column_text uncode_shortcode_id=&#8221;497586&#8243;]<strong>Make work flow with Link-It\u00ae.<\/strong>[\/vc_column_text][\/vc_column][vc_column width=&#8221;1\/3&#8243;][\/vc_column][\/vc_row][vc_row row_height_percent=&#8221;0&#8243; override_padding=&#8221;yes&#8221; h_padding=&#8221;3&#8243; top_padding=&#8221;3&#8243; bottom_padding=&#8221;3&#8243; overlay_alpha=&#8221;100&#8243; gutter_size=&#8221;4&#8243; column_width_percent=&#8221;100&#8243; shift_y=&#8221;0&#8243; z_index=&#8221;0&#8243; inverted_device_order=&#8221;yes&#8221; style=&#8221;inherited&#8221; uncode_shortcode_id=&#8221;576620&#8243; row_name=&#8221;next&#8221;][vc_column column_width_percent=&#8221;100&#8243; position_vertical=&#8221;middle&#8221; align_horizontal=&#8221;align_center&#8221; gutter_size=&#8221;3&#8243; style=&#8221;light&#8221; overlay_alpha=&#8221;50&#8243; shift_x=&#8221;0&#8243; shift_y=&#8221;0&#8243; shift_y_down=&#8221;0&#8243; z_index=&#8221;0&#8243; medium_width=&#8221;4&#8243; mobile_width=&#8221;0&#8243; zoom_width=&#8221;0&#8243; zoom_height=&#8221;0&#8243; width=&#8221;1\/2&#8243; uncode_shortcode_id=&#8221;165165&#8243;][vc_single_image media=&#8221;84038&#8243; media_width_percent=&#8221;100&#8243; uncode_shortcode_id=&#8221;188159&#8243;][\/vc_column][vc_column column_width_percent=&#8221;80&#8243; position_vertical=&#8221;middle&#8221; gutter_size=&#8221;3&#8243; overlay_alpha=&#8221;50&#8243; shift_x=&#8221;0&#8243; shift_y=&#8221;0&#8243; shift_y_down=&#8221;0&#8243; z_index=&#8221;0&#8243; medium_width=&#8221;4&#8243; mobile_width=&#8221;0&#8243; width=&#8221;1\/2&#8243; uncode_shortcode_id=&#8221;386544&#8243;][vc_custom_heading text_font=&#8221;font-145987&#8243; text_weight=&#8221;600&#8243; uncode_shortcode_id=&#8221;318397&#8243;]Link-It\u00ae[\/vc_custom_heading][vc_column_text uncode_shortcode_id=&#8221;207908&#8243;]Edes tarkimmat ohjeet ja prosessit eiv\u00e4t takaa hyvi\u00e4 tuloksia ilman ohjelmistoa, joka helpottaa ohjeiden ja standardien noudattamista.<\/p>\n<p>Link-It\u00ae varmistaa johdonmukaisen ja j\u00e4sennellyn tavan ty\u00f6skennell\u00e4 CAD-tietojen kanssa. Automatisoi virhealttiit rutiiniteht\u00e4v\u00e4t Link-Itin avulla ja helpota helpota suunnittelijoiden mahdollisuuksia hallita tuotetietoa tarkasti ja johdonmukaisesti.<\/p>\n<p>Link-It\u00ae-suunnitteluautomaatioty\u00f6kalut mahdollistavat r\u00e4\u00e4t\u00e4l\u00f6ityjen tuotteiden suunnittelun yht\u00e4 nopeasti ja luotettavasti kuin vakiotuotteiden. Link-It\u00ae:n avulla tuotat nopeasti tarkat ja yksityiskohtaiset 3D-n\u00e4kym\u00e4t, CAD-piirustukset ja valmistustiedot jokaisesta r\u00e4\u00e4t\u00e4l\u00f6idyst\u00e4 tuotteesta.<\/p>\n<p>Link-It\u00ae mahdollistaa suunnitteluosaamise<span lang=\"FI\">si<\/span> <span lang=\"FI\">ja s\u00e4\u00e4nn\u00f6st\u00f6n <\/span>tallentamisen <span lang=\"FI\">digitaaliseen tuotemalliin<\/span>\u2013 voit n\u00e4in automatisoida asiakaskohtaisen CAD suunnittelun <span lang=\"FI\">sek\u00e4<\/span> tiedonsiirron<span lang=\"FI\"> loppuprosesseille<\/span>. Link-It\u00ae kyvykkyys integroitua muihin j\u00e4rjestelmiin, kuten myyntikonfiguraattoriin, mahdollistaa t\u00e4ysin automatisoidun ketjun myynnist\u00e4 valmistukseen.[\/vc_column_text][vc_empty_space empty_h=&#8221;2&#8243;][vc_button button_color=&#8221;color-jevc&#8221; size=&#8221;link&#8221; btn_link_size=&#8221;h5&#8243; btn_link_underline=&#8221;btn-underline-out&#8221; custom_typo=&#8221;yes&#8221; font_family=&#8221;font-145987&#8243; font_weight=&#8221;600&#8243; icon_position=&#8221;right&#8221; display=&#8221;inline&#8221; inline_mobile=&#8221;yes&#8221; link=&#8221;url:https%3A%2F%2Fmpsoft.fi%2Ffi%2Flataa-link-it%2F|title:Downloads&#8221; button_color_type=&#8221;uncode-palette&#8221; uncode_shortcode_id=&#8221;415457&#8243; icon=&#8221;fa fa-arrow-right2&#8243;]Kokeile ilmaiseksi[\/vc_button][vc_button button_color=&#8221;color-jevc&#8221; size=&#8221;link&#8221; btn_link_size=&#8221;h5&#8243; btn_link_underline=&#8221;btn-underline-out&#8221; custom_typo=&#8221;yes&#8221; font_family=&#8221;font-145987&#8243; font_weight=&#8221;600&#8243; icon_position=&#8221;right&#8221; display=&#8221;inline&#8221; inline_mobile=&#8221;yes&#8221; link=&#8221;url:%23contact|title:Learn%20more&#8221; button_color_type=&#8221;uncode-palette&#8221; uncode_shortcode_id=&#8221;169643&#8243; icon=&#8221;fa fa-arrow-right2&#8243;]Ota yhteytt\u00e4[\/vc_button][\/vc_column][\/vc_row][vc_row row_height_percent=&#8221;0&#8243; override_padding=&#8221;yes&#8221; h_padding=&#8221;3&#8243; top_padding=&#8221;2&#8243; bottom_padding=&#8221;3&#8243; overlay_alpha=&#8221;100&#8243; gutter_size=&#8221;4&#8243; column_width_percent=&#8221;100&#8243; shift_y=&#8221;0&#8243; z_index=&#8221;0&#8243; style=&#8221;inherited&#8221; uncode_shortcode_id=&#8221;213511&#8243; row_name=&#8221;next&#8221;][vc_column column_width_percent=&#8221;100&#8243; gutter_size=&#8221;3&#8243; style=&#8221;light&#8221; overlay_alpha=&#8221;50&#8243; shift_x=&#8221;0&#8243; shift_y=&#8221;0&#8243; shift_y_down=&#8221;0&#8243; z_index=&#8221;0&#8243; medium_width=&#8221;7&#8243; mobile_width=&#8221;0&#8243; zoom_width=&#8221;0&#8243; zoom_height=&#8221;0&#8243; width=&#8221;1\/3&#8243; uncode_shortcode_id=&#8221;928759&#8243;][vc_single_image media=&#8221;84041&#8243; media_width_percent=&#8221;100&#8243; media_ratio=&#8221;sixteen-nine&#8221; uncode_shortcode_id=&#8221;512031&#8243;][vc_custom_heading text_font=&#8221;font-145987&#8243; text_size=&#8221;h3&#8243; text_weight=&#8221;600&#8243; uncode_shortcode_id=&#8221;437953&#8243; subheading=&#8221;Automatisoi p\u00e4ivitt\u00e4iset rutiiniteht\u00e4v\u00e4t ja hallitse CAD-tietoja \u00e4lykk\u00e4\u00e4n ja integroitavan k\u00e4ytt\u00f6liittym\u00e4n avulla.&#8221;]Link-It\u00ae Properties[\/vc_custom_heading][vc_button button_color=&#8221;color-jevc&#8221; size=&#8221;link&#8221; btn_link_size=&#8221;h5&#8243; btn_link_underline=&#8221;btn-underline-out&#8221; custom_typo=&#8221;yes&#8221; font_family=&#8221;font-145987&#8243; font_weight=&#8221;600&#8243; icon_position=&#8221;right&#8221; link=&#8221;url:https%3A%2F%2Fmpsoft.fi%2Ffi%2Fratkaisut%2Flink-it-properties%2F|title:Link-It%C2%AE%20Properties&#8221; button_color_type=&#8221;uncode-palette&#8221; uncode_shortcode_id=&#8221;114950&#8243; icon=&#8221;fa fa-arrow-right2&#8243;]Tutustu tuotteeseen[\/vc_button][vc_empty_space empty_h=&#8221;2&#8243; desktop_visibility=&#8221;yes&#8221; medium_visibility=&#8221;yes&#8221;][\/vc_column][vc_column column_width_percent=&#8221;100&#8243; gutter_size=&#8221;3&#8243; overlay_alpha=&#8221;50&#8243; shift_x=&#8221;0&#8243; shift_y=&#8221;0&#8243; shift_y_down=&#8221;0&#8243; z_index=&#8221;0&#8243; medium_width=&#8221;4&#8243; mobile_width=&#8221;0&#8243; width=&#8221;1\/3&#8243; uncode_shortcode_id=&#8221;185407&#8243;][vc_single_image media=&#8221;82634&#8243; media_width_percent=&#8221;100&#8243; media_ratio=&#8221;sixteen-nine&#8221; uncode_shortcode_id=&#8221;200006&#8243;][vc_custom_heading text_font=&#8221;font-145987&#8243; text_size=&#8221;h3&#8243; text_weight=&#8221;600&#8243; uncode_shortcode_id=&#8221;104288&#8243; subheading=&#8221;Automatisoi asiakaskohtaista tuotesuunnittelua luomalla tehokkaita konfigurointik\u00e4ytt\u00f6liittymi\u00e4 ja -logiikoita CAD-malleille.&#8221;]Link-It\u00ae Logic[\/vc_custom_heading][vc_button button_color=&#8221;color-jevc&#8221; size=&#8221;link&#8221; btn_link_size=&#8221;h5&#8243; btn_link_underline=&#8221;btn-underline-out&#8221; custom_typo=&#8221;yes&#8221; font_family=&#8221;font-145987&#8243; font_weight=&#8221;600&#8243; icon_position=&#8221;right&#8221; link=&#8221;url:https%3A%2F%2Fmpsoft.fi%2Ffi%2Fratkaisut%2Flink-it-logic%2F|title:Link-It%C2%AE%20Logic&#8221; button_color_type=&#8221;uncode-palette&#8221; uncode_shortcode_id=&#8221;197846&#8243; icon=&#8221;fa fa-arrow-right2&#8243;]Tutustu tuotteeseen[\/vc_button][vc_empty_space empty_h=&#8221;2&#8243; desktop_visibility=&#8221;yes&#8221; medium_visibility=&#8221;yes&#8221;][\/vc_column][vc_column column_width_percent=&#8221;100&#8243; gutter_size=&#8221;3&#8243; overlay_alpha=&#8221;50&#8243; shift_x=&#8221;0&#8243; shift_y=&#8221;0&#8243; shift_y_down=&#8221;0&#8243; z_index=&#8221;0&#8243; medium_width=&#8221;4&#8243; mobile_width=&#8221;0&#8243; width=&#8221;1\/3&#8243; uncode_shortcode_id=&#8221;352277&#8243;][vc_single_image media=&#8221;82636&#8243; media_width_percent=&#8221;100&#8243; media_ratio=&#8221;sixteen-nine&#8221; uncode_shortcode_id=&#8221;808121&#8243;][vc_custom_heading text_font=&#8221;font-145987&#8243; text_size=&#8221;h3&#8243; text_weight=&#8221;600&#8243; uncode_shortcode_id=&#8221;165925&#8243; subheading=&#8221;Tee suunnitteluprosessistasi nopeampi ja luotettavampi standardoimalla ja automatisoimalla CAD-datan julkaisurutiinit.&#8221;]Link-It\u00ae Publish[\/vc_custom_heading][vc_button button_color=&#8221;color-jevc&#8221; size=&#8221;link&#8221; btn_link_size=&#8221;h5&#8243; btn_link_underline=&#8221;btn-underline-out&#8221; custom_typo=&#8221;yes&#8221; font_family=&#8221;font-145987&#8243; font_weight=&#8221;600&#8243; icon_position=&#8221;right&#8221; link=&#8221;url:https%3A%2F%2Fmpsoft.fi%2Ffi%2Fratkaisut%2Flink-it-publish%2F|title:Link-It%C2%AE%20Publish&#8221; button_color_type=&#8221;uncode-palette&#8221; uncode_shortcode_id=&#8221;252137&#8243; icon=&#8221;fa fa-arrow-right2&#8243;]Tutustu tuotteeseen[\/vc_button][vc_empty_space empty_h=&#8221;2&#8243; desktop_visibility=&#8221;yes&#8221; medium_visibility=&#8221;yes&#8221;][\/vc_column][\/vc_row][vc_row row_height_percent=&#8221;0&#8243; override_padding=&#8221;yes&#8221; h_padding=&#8221;3&#8243; top_padding=&#8221;0&#8243; bottom_padding=&#8221;3&#8243; overlay_alpha=&#8221;100&#8243; gutter_size=&#8221;4&#8243; column_width_percent=&#8221;100&#8243; shift_y=&#8221;0&#8243; z_index=&#8221;0&#8243; style=&#8221;inherited&#8221; uncode_shortcode_id=&#8221;941263&#8243; row_name=&#8221;next&#8221;][vc_column column_width_percent=&#8221;100&#8243; gutter_size=&#8221;3&#8243; overlay_alpha=&#8221;50&#8243; shift_x=&#8221;0&#8243; shift_y=&#8221;0&#8243; shift_y_down=&#8221;0&#8243; z_index=&#8221;0&#8243; medium_width=&#8221;4&#8243; mobile_width=&#8221;0&#8243; width=&#8221;1\/3&#8243; uncode_shortcode_id=&#8221;203045&#8243;][vc_single_image media=&#8221;84963&#8243; media_width_percent=&#8221;100&#8243; media_ratio=&#8221;sixteen-nine&#8221; uncode_shortcode_id=&#8221;176989&#8243;][vc_custom_heading text_font=&#8221;font-145987&#8243; text_size=&#8221;h3&#8243; text_weight=&#8221;600&#8243; uncode_shortcode_id=&#8221;122506&#8243; subheading=&#8221;Automatisoi CAD-mallien ja piirustusten konfigurointi- ja julkaisuprosessin.&#8221;]Link-It\u00ae Worker[\/vc_custom_heading][vc_button button_color=&#8221;color-jevc&#8221; size=&#8221;link&#8221; btn_link_size=&#8221;h5&#8243; btn_link_underline=&#8221;btn-underline-out&#8221; custom_typo=&#8221;yes&#8221; font_family=&#8221;font-145987&#8243; font_weight=&#8221;600&#8243; icon_position=&#8221;right&#8221; link=&#8221;url:https%3A%2F%2Fmpsoft.fi%2Ffi%2Fratkaisut%2Flink-it-worker%2F|title:Link-It%C2%AE%20Worker&#8221; button_color_type=&#8221;uncode-palette&#8221; uncode_shortcode_id=&#8221;335654&#8243; icon=&#8221;fa fa-arrow-right2&#8243;]Tutustu tuotteeseen[\/vc_button][vc_empty_space empty_h=&#8221;2&#8243; desktop_visibility=&#8221;yes&#8221; medium_visibility=&#8221;yes&#8221;][\/vc_column][vc_column column_width_percent=&#8221;100&#8243; gutter_size=&#8221;3&#8243; style=&#8221;light&#8221; overlay_alpha=&#8221;50&#8243; shift_x=&#8221;0&#8243; shift_y=&#8221;0&#8243; shift_y_down=&#8221;0&#8243; z_index=&#8221;0&#8243; medium_width=&#8221;4&#8243; mobile_width=&#8221;0&#8243; zoom_width=&#8221;0&#8243; zoom_height=&#8221;0&#8243; width=&#8221;1\/3&#8243; uncode_shortcode_id=&#8221;725912&#8243;][vc_single_image media=&#8221;82701&#8243; media_width_percent=&#8221;100&#8243; media_ratio=&#8221;sixteen-nine&#8221; uncode_shortcode_id=&#8221;904781&#8243;][vc_custom_heading text_font=&#8221;font-145987&#8243; text_size=&#8221;h3&#8243; text_weight=&#8221;600&#8243; uncode_shortcode_id=&#8221;345785&#8243; subheading=&#8221;Integroi j\u00e4rjestelm\u00e4t, automatisoi prosessit.&#8221;]Link-It\u00ae Robot[\/vc_custom_heading][vc_button button_color=&#8221;color-jevc&#8221; size=&#8221;link&#8221; btn_link_size=&#8221;h5&#8243; btn_link_underline=&#8221;btn-underline-out&#8221; custom_typo=&#8221;yes&#8221; font_family=&#8221;font-145987&#8243; font_weight=&#8221;600&#8243; icon_position=&#8221;right&#8221; link=&#8221;url:https%3A%2F%2Fmpsoft.fi%2Ffi%2Fratkaisut%2Flink-it-robot%2F|title:Link-It%C2%AE%20Robot&#8221; button_color_type=&#8221;uncode-palette&#8221; uncode_shortcode_id=&#8221;125819&#8243; icon=&#8221;fa fa-arrow-right2&#8243;]Tutustu tuotteeseen[\/vc_button][vc_empty_space empty_h=&#8221;2&#8243; desktop_visibility=&#8221;yes&#8221; medium_visibility=&#8221;yes&#8221;][\/vc_column][vc_column column_width_percent=&#8221;100&#8243; gutter_size=&#8221;3&#8243; overlay_alpha=&#8221;50&#8243; shift_x=&#8221;0&#8243; shift_y=&#8221;0&#8243; shift_y_down=&#8221;0&#8243; z_index=&#8221;0&#8243; medium_width=&#8221;4&#8243; mobile_width=&#8221;0&#8243; width=&#8221;1\/3&#8243; uncode_shortcode_id=&#8221;115320&#8243;][vc_single_image media=&#8221;83755&#8243; media_width_percent=&#8221;100&#8243; media_ratio=&#8221;sixteen-nine&#8221; uncode_shortcode_id=&#8221;207650&#8243;][vc_custom_heading text_font=&#8221;font-145987&#8243; text_size=&#8221;h3&#8243; text_weight=&#8221;600&#8243; uncode_shortcode_id=&#8221;957221&#8243; subheading=&#8221;Intuitiivinen CAD integroitu k\u00e4ytt\u00f6liittym\u00e4 PLM-tuotekonfiguraattorille.<br \/>\nTestaa ja validoi tuotteen konfigurointis\u00e4\u00e4nt\u00f6j\u00e4 tuotekehityksen aikana helposti 3D-mallin avulla.&#8221; text_color_type=&#8221;uncode-palette&#8221; text_color_solid=&#8221;#ff0000&#8243;]Link-It\u00ae Drive[\/vc_custom_heading][vc_button button_color=&#8221;color-jevc&#8221; size=&#8221;link&#8221; btn_link_size=&#8221;h5&#8243; btn_link_underline=&#8221;btn-underline-out&#8221; custom_typo=&#8221;yes&#8221; font_family=&#8221;font-145987&#8243; font_weight=&#8221;600&#8243; icon_position=&#8221;right&#8221; link=&#8221;url:https%3A%2F%2Fmpsoft.fi%2Ffi%2Fratkaisut%2Flink-it-drive%2F|title:Link-It%C2%AE%20Drive&#8221; button_color_type=&#8221;uncode-palette&#8221; uncode_shortcode_id=&#8221;207199&#8243; icon=&#8221;fa fa-arrow-right2&#8243;]Tutustu tuotteeseen[\/vc_button][\/vc_column][\/vc_row][vc_row][vc_column width=&#8221;1\/1&#8243;][uncode_block id=&#8221;84295&#8243;][\/vc_column][\/vc_row][vc_row][vc_column width=&#8221;1\/1&#8243;][uncode_block id=&#8221;84046&#8243;][\/vc_column][\/vc_row]<\/p>\n<\/div>","protected":false},"excerpt":{"rendered":"<p>[vc_row row_height_percent=&#8221;0&#8243; override_padding=&#8221;yes&#8221; h_padding=&#8221;2&#8243; top_padding=&#8221;3&#8243; bottom_padding=&#8221;2&#8243; back_color=&#8221;color-xsdn&#8221; overlay_alpha=&#8221;0&#8243; gutter_size=&#8221;3&#8243; column_width_percent=&#8221;100&#8243; shift_y=&#8221;0&#8243; z_index=&#8221;0&#8243; bottom_divider=&#8221;step_3_4&#8243; uncode_shortcode_id=&#8221;196008&#8243; back_color_type=&#8221;uncode-palette&#8221;][vc_column column_width_percent=&#8221;100&#8243; gutter_size=&#8221;3&#8243; style=&#8221;light&#8221; overlay_alpha=&#8221;50&#8243; shift_x=&#8221;0&#8243; [&hellip;]<\/p>\n","protected":false},"author":1,"featured_media":0,"parent":0,"menu_order":0,"comment_status":"closed","ping_status":"closed","template":"","meta":{"_improvement_type_select":"improve_an_existing","_thumb_yes_seoaic":false,"_frame_yes_seoaic":false,"seoaic_generate_description":"","seoaic_improve_instructions_prompt":"","seoaic_rollback_content_improvement":"","seoaic_idea_thumbnail_generator":"","thumbnail_generated":false,"thumbnail_generate_prompt":"","seoaic_article_description":"","footnotes":""},"class_list":["post-84016","page","type-page","status-publish","hentry"],"yoast_head":"<!-- This site is optimized with the Yoast SEO plugin v20.4 - https:\/\/yoast.com\/wordpress\/plugins\/seo\/ -->\n<title>Ratkaisut | MP Soft | Integrable CAD &amp; PLM Software Solutions<\/title>\n<meta name=\"description\" content=\"Ratkaisut Creo, SOLIDWORKS, Inventor, AutoCAD ohjelmistoihin. Tee CAD-ohjelmistostasi ja suunnitteluprosessistasi nopeampi ja tarkempi.\" \/>\n<meta name=\"robots\" content=\"index, follow, max-snippet:-1, max-image-preview:large, max-video-preview:-1\" \/>\n<link rel=\"canonical\" href=\"https:\/\/mpsoft.fi\/fi\/ratkaisut\/\" \/>\n<meta property=\"og:locale\" content=\"fi_FI\" \/>\n<meta property=\"og:type\" content=\"article\" \/>\n<meta property=\"og:title\" content=\"Ratkaisut | MP Soft | Integrable CAD &amp; PLM Software Solutions\" \/>\n<meta property=\"og:description\" content=\"Ratkaisut Creo, SOLIDWORKS, Inventor, AutoCAD ohjelmistoihin. Tee CAD-ohjelmistostasi ja suunnitteluprosessistasi nopeampi ja tarkempi.\" \/>\n<meta property=\"og:url\" content=\"https:\/\/mpsoft.fi\/fi\/ratkaisut\/\" \/>\n<meta property=\"og:site_name\" content=\"MP Soft\" \/>\n<meta property=\"article:modified_time\" content=\"2025-02-07T09:29:28+00:00\" \/>\n<meta property=\"og:image\" content=\"https:\/\/mpsoft.fi\/wp-content\/uploads\/2020\/02\/Mpsoft_log.png\" \/>\n\t<meta property=\"og:image:width\" content=\"640\" \/>\n\t<meta property=\"og:image:height\" content=\"175\" \/>\n\t<meta property=\"og:image:type\" content=\"image\/png\" \/>\n<meta name=\"twitter:card\" content=\"summary_large_image\" \/>\n<meta name=\"twitter:label1\" content=\"Arvioitu lukuaika\" \/>\n\t<meta name=\"twitter:data1\" content=\"3 minuuttia\" \/>\n<script type=\"application\/ld+json\" class=\"yoast-schema-graph\">{\"@context\":\"https:\/\/schema.org\",\"@graph\":[{\"@type\":\"WebPage\",\"@id\":\"https:\/\/mpsoft.fi\/fi\/ratkaisut\/\",\"url\":\"https:\/\/mpsoft.fi\/fi\/ratkaisut\/\",\"name\":\"Ratkaisut | MP Soft | Integrable CAD & PLM Software Solutions\",\"isPartOf\":{\"@id\":\"https:\/\/mpsoft.fi\/fi\/#website\"},\"datePublished\":\"2022-10-31T13:19:55+00:00\",\"dateModified\":\"2025-02-07T09:29:28+00:00\",\"description\":\"Ratkaisut Creo, SOLIDWORKS, Inventor, AutoCAD ohjelmistoihin. Tee CAD-ohjelmistostasi ja suunnitteluprosessistasi nopeampi ja tarkempi.\",\"breadcrumb\":{\"@id\":\"https:\/\/mpsoft.fi\/fi\/ratkaisut\/#breadcrumb\"},\"inLanguage\":\"fi\",\"potentialAction\":[{\"@type\":\"ReadAction\",\"target\":[\"https:\/\/mpsoft.fi\/fi\/ratkaisut\/\"]}]},{\"@type\":\"BreadcrumbList\",\"@id\":\"https:\/\/mpsoft.fi\/fi\/ratkaisut\/#breadcrumb\",\"itemListElement\":[{\"@type\":\"ListItem\",\"position\":1,\"name\":\"Home\",\"item\":\"https:\/\/mpsoft.fi\/fi\/\"},{\"@type\":\"ListItem\",\"position\":2,\"name\":\"Ratkaisut\"}]},{\"@type\":\"WebSite\",\"@id\":\"https:\/\/mpsoft.fi\/fi\/#website\",\"url\":\"https:\/\/mpsoft.fi\/fi\/\",\"name\":\"MP Soft\",\"description\":\"IMPROVE THE QUALITY AND AUTOMATION OF YOUR PRODUCT DESIGN\",\"publisher\":{\"@id\":\"https:\/\/mpsoft.fi\/fi\/#organization\"},\"potentialAction\":[{\"@type\":\"SearchAction\",\"target\":{\"@type\":\"EntryPoint\",\"urlTemplate\":\"https:\/\/mpsoft.fi\/fi\/?s={search_term_string}\"},\"query-input\":\"required name=search_term_string\"}],\"inLanguage\":\"fi\"},{\"@type\":\"Organization\",\"@id\":\"https:\/\/mpsoft.fi\/fi\/#organization\",\"name\":\"MP Soft\",\"url\":\"https:\/\/mpsoft.fi\/fi\/\",\"logo\":{\"@type\":\"ImageObject\",\"inLanguage\":\"fi\",\"@id\":\"https:\/\/mpsoft.fi\/fi\/#\/schema\/logo\/image\/\",\"url\":\"https:\/\/mpsoft.fi\/wp-content\/uploads\/2020\/02\/Mpsoft_log.png\",\"contentUrl\":\"https:\/\/mpsoft.fi\/wp-content\/uploads\/2020\/02\/Mpsoft_log.png\",\"width\":640,\"height\":175,\"caption\":\"MP Soft\"},\"image\":{\"@id\":\"https:\/\/mpsoft.fi\/fi\/#\/schema\/logo\/image\/\"}}]}<\/script>\n<!-- \/ Yoast SEO plugin. -->","yoast_head_json":{"title":"Ratkaisut | MP Soft | Integrable CAD & PLM Software Solutions","description":"Ratkaisut Creo, SOLIDWORKS, Inventor, AutoCAD ohjelmistoihin. Tee CAD-ohjelmistostasi ja suunnitteluprosessistasi nopeampi ja tarkempi.","robots":{"index":"index","follow":"follow","max-snippet":"max-snippet:-1","max-image-preview":"max-image-preview:large","max-video-preview":"max-video-preview:-1"},"canonical":"https:\/\/mpsoft.fi\/fi\/ratkaisut\/","og_locale":"fi_FI","og_type":"article","og_title":"Ratkaisut | MP Soft | Integrable CAD & PLM Software Solutions","og_description":"Ratkaisut Creo, SOLIDWORKS, Inventor, AutoCAD ohjelmistoihin. Tee CAD-ohjelmistostasi ja suunnitteluprosessistasi nopeampi ja tarkempi.","og_url":"https:\/\/mpsoft.fi\/fi\/ratkaisut\/","og_site_name":"MP Soft","article_modified_time":"2025-02-07T09:29:28+00:00","og_image":[{"width":640,"height":175,"url":"https:\/\/mpsoft.fi\/wp-content\/uploads\/2020\/02\/Mpsoft_log.png","type":"image\/png"}],"twitter_card":"summary_large_image","twitter_misc":{"Arvioitu lukuaika":"3 minuuttia"},"schema":{"@context":"https:\/\/schema.org","@graph":[{"@type":"WebPage","@id":"https:\/\/mpsoft.fi\/fi\/ratkaisut\/","url":"https:\/\/mpsoft.fi\/fi\/ratkaisut\/","name":"Ratkaisut | MP Soft | Integrable CAD & PLM Software Solutions","isPartOf":{"@id":"https:\/\/mpsoft.fi\/fi\/#website"},"datePublished":"2022-10-31T13:19:55+00:00","dateModified":"2025-02-07T09:29:28+00:00","description":"Ratkaisut Creo, SOLIDWORKS, Inventor, AutoCAD ohjelmistoihin. Tee CAD-ohjelmistostasi ja suunnitteluprosessistasi nopeampi ja tarkempi.","breadcrumb":{"@id":"https:\/\/mpsoft.fi\/fi\/ratkaisut\/#breadcrumb"},"inLanguage":"fi","potentialAction":[{"@type":"ReadAction","target":["https:\/\/mpsoft.fi\/fi\/ratkaisut\/"]}]},{"@type":"BreadcrumbList","@id":"https:\/\/mpsoft.fi\/fi\/ratkaisut\/#breadcrumb","itemListElement":[{"@type":"ListItem","position":1,"name":"Home","item":"https:\/\/mpsoft.fi\/fi\/"},{"@type":"ListItem","position":2,"name":"Ratkaisut"}]},{"@type":"WebSite","@id":"https:\/\/mpsoft.fi\/fi\/#website","url":"https:\/\/mpsoft.fi\/fi\/","name":"MP Soft","description":"IMPROVE THE QUALITY AND AUTOMATION OF YOUR PRODUCT DESIGN","publisher":{"@id":"https:\/\/mpsoft.fi\/fi\/#organization"},"potentialAction":[{"@type":"SearchAction","target":{"@type":"EntryPoint","urlTemplate":"https:\/\/mpsoft.fi\/fi\/?s={search_term_string}"},"query-input":"required name=search_term_string"}],"inLanguage":"fi"},{"@type":"Organization","@id":"https:\/\/mpsoft.fi\/fi\/#organization","name":"MP Soft","url":"https:\/\/mpsoft.fi\/fi\/","logo":{"@type":"ImageObject","inLanguage":"fi","@id":"https:\/\/mpsoft.fi\/fi\/#\/schema\/logo\/image\/","url":"https:\/\/mpsoft.fi\/wp-content\/uploads\/2020\/02\/Mpsoft_log.png","contentUrl":"https:\/\/mpsoft.fi\/wp-content\/uploads\/2020\/02\/Mpsoft_log.png","width":640,"height":175,"caption":"MP Soft"},"image":{"@id":"https:\/\/mpsoft.fi\/fi\/#\/schema\/logo\/image\/"}}]}},"_links":{"self":[{"href":"https:\/\/mpsoft.fi\/fi\/wp-json\/wp\/v2\/pages\/84016","targetHints":{"allow":["GET"]}}],"collection":[{"href":"https:\/\/mpsoft.fi\/fi\/wp-json\/wp\/v2\/pages"}],"about":[{"href":"https:\/\/mpsoft.fi\/fi\/wp-json\/wp\/v2\/types\/page"}],"author":[{"embeddable":true,"href":"https:\/\/mpsoft.fi\/fi\/wp-json\/wp\/v2\/users\/1"}],"replies":[{"embeddable":true,"href":"https:\/\/mpsoft.fi\/fi\/wp-json\/wp\/v2\/comments?post=84016"}],"version-history":[{"count":17,"href":"https:\/\/mpsoft.fi\/fi\/wp-json\/wp\/v2\/pages\/84016\/revisions"}],"predecessor-version":[{"id":85033,"href":"https:\/\/mpsoft.fi\/fi\/wp-json\/wp\/v2\/pages\/84016\/revisions\/85033"}],"wp:attachment":[{"href":"https:\/\/mpsoft.fi\/fi\/wp-json\/wp\/v2\/media?parent=84016"}],"curies":[{"name":"wp","href":"https:\/\/api.w.org\/{rel}","templated":true}]}}