{"id":84044,"date":"2022-11-28T16:49:17","date_gmt":"2022-11-28T14:49:17","guid":{"rendered":"https:\/\/mpsoft.fi\/?page_id=84044"},"modified":"2025-08-05T09:07:02","modified_gmt":"2025-08-05T06:07:02","slug":"lataa-link-it","status":"publish","type":"page","link":"https:\/\/mpsoft.fi\/fi\/lataa-link-it\/","title":{"rendered":"Lataukset"},"content":{"rendered":"<div class=\"wpb-content-wrapper\"><p>[vc_row row_height_percent=&#8221;0&#8243; override_padding=&#8221;yes&#8221; h_padding=&#8221;2&#8243; top_padding=&#8221;3&#8243; bottom_padding=&#8221;2&#8243; back_color=&#8221;color-xsdn&#8221; overlay_alpha=&#8221;0&#8243; gutter_size=&#8221;3&#8243; column_width_percent=&#8221;100&#8243; shift_y=&#8221;0&#8243; z_index=&#8221;0&#8243; bottom_divider=&#8221;step_3_4&#8243; uncode_shortcode_id=&#8221;511281&#8243; back_color_type=&#8221;uncode-palette&#8221;][vc_column column_width_percent=&#8221;100&#8243; gutter_size=&#8221;3&#8243; style=&#8221;light&#8221; overlay_alpha=&#8221;50&#8243; shift_x=&#8221;0&#8243; shift_y=&#8221;0&#8243; shift_y_down=&#8221;0&#8243; z_index=&#8221;0&#8243; medium_width=&#8221;0&#8243; mobile_width=&#8221;0&#8243; width=&#8221;2\/3&#8243;][vc_custom_heading heading_semantic=&#8221;p&#8221; text_font=&#8221;font-145987&#8243; text_size=&#8221;fontsize-160000&#8243; text_weight=&#8221;600&#8243; text_height=&#8221;fontheight-179065&#8243; uncode_shortcode_id=&#8221;893678&#8243;]Lataukset[\/vc_custom_heading][vc_custom_heading heading_semantic=&#8221;h1&#8243; text_font=&#8221;font-145987&#8243; text_size=&#8221;fontsize-155944&#8243; text_weight=&#8221;600&#8243; text_height=&#8221;fontheight-179065&#8243; uncode_shortcode_id=&#8221;105905&#8243;]Tee CAD-ohjelmistostasi ja suunnitteluprosessistasi nopeampi ja tarkempi &#8211; lataa Link-It\u00ae[\/vc_custom_heading][vc_column_text uncode_shortcode_id=&#8221;143011&#8243;]Tutustu ja lataa viimeisimm\u00e4t Link-It\u00ae julkaisut. Tekninen tukemme antaa tarvittaessa lis\u00e4tietoa tai neuvoja k\u00e4ytt\u00f6\u00f6nottoon liittyen.[\/vc_column_text][vc_empty_space empty_h=&#8221;2&#8243;][vc_empty_space empty_h=&#8221;1&#8243; desktop_visibility=&#8221;yes&#8221; medium_visibility=&#8221;yes&#8221;][\/vc_column][vc_column column_width_percent=&#8221;100&#8243; gutter_size=&#8221;3&#8243; overlay_alpha=&#8221;50&#8243; shift_x=&#8221;0&#8243; shift_y=&#8221;0&#8243; shift_y_down=&#8221;0&#8243; z_index=&#8221;0&#8243; medium_width=&#8221;0&#8243; mobile_visibility=&#8221;yes&#8221; mobile_width=&#8221;0&#8243; width=&#8221;1\/3&#8243; uncode_shortcode_id=&#8221;135493&#8243;][\/vc_column][\/vc_row][vc_row row_height_percent=&#8221;0&#8243; override_padding=&#8221;yes&#8221; h_padding=&#8221;2&#8243; top_padding=&#8221;0&#8243; bottom_padding=&#8221;4&#8243; overlay_alpha=&#8221;50&#8243; equal_height=&#8221;yes&#8221; gutter_size=&#8221;4&#8243; column_width_percent=&#8221;100&#8243; shift_y=&#8221;0&#8243; z_index=&#8221;0&#8243; uncode_shortcode_id=&#8221;147010&#8243;][vc_column column_width_percent=&#8221;100&#8243; position_vertical=&#8221;middle&#8221; gutter_size=&#8221;3&#8243; overlay_alpha=&#8221;50&#8243; shift_x=&#8221;0&#8243; shift_y=&#8221;0&#8243; shift_y_down=&#8221;0&#8243; z_index=&#8221;0&#8243; medium_width=&#8221;4&#8243; mobile_width=&#8221;0&#8243; width=&#8221;1\/2&#8243; uncode_shortcode_id=&#8221;162490&#8243;][vc_single_image media=&#8221;84206&#8243; media_width_percent=&#8221;100&#8243; media_ratio=&#8221;sixteen-nine&#8221; uncode_shortcode_id=&#8221;180940&#8243;][vc_custom_heading heading_semantic=&#8221;h3&#8243; text_font=&#8221;font-145987&#8243; text_weight=&#8221;600&#8243; sub_lead=&#8221;small&#8221; uncode_shortcode_id=&#8221;443318&#8243;]Link-It\u00ae Release 10[\/vc_custom_heading][vc_column_text uncode_shortcode_id=&#8221;117093&#8243;]Lataa uusin Link-It\u00ae-versio ja kokeile ratkaisujamme ilmaiseksi. Latauksen mukana saat 30 p\u00e4iv\u00e4n ilmaisen kokeilujakson sek\u00e4 k\u00e4ytt\u00f6\u00f6notossa auttavat oppaat, joiden avulla p\u00e4\u00e4set alkuun. Asennuspakettimme sis\u00e4lt\u00e4\u00e4 suosituimmat Link-It\u00ae-ty\u00f6kalut ja se on saatavilla <strong>Creo<\/strong>lle<strong>, Solidworks<\/strong>ille<strong>, Inventor<\/strong>ille<strong> ja AutoCAD<\/strong>ille.<\/p>\n<p>Jos olet p\u00e4ivitt\u00e4m\u00e4ss\u00e4 vanhempaa ohjelmistoversiota Link-It\u00ae 10-versioon, ota yhteytt\u00e4 tukeemme.[\/vc_column_text][vc_empty_space empty_h=&#8221;2&#8243;][vc_button button_color=&#8221;color-jevc&#8221; size=&#8221;link&#8221; btn_link_size=&#8221;h5&#8243; btn_link_underline=&#8221;btn-underline-out&#8221; custom_typo=&#8221;yes&#8221; font_family=&#8221;font-145987&#8243; font_weight=&#8221;600&#8243; icon_position=&#8221;right&#8221; display=&#8221;inline&#8221; link=&#8221;url:https%3A%2F%2Fmpsoft.fi%2Fdownload%2Flink-it-10-0%2F|title:Link-It%2010&#8243; button_color_type=&#8221;uncode-palette&#8221; uncode_shortcode_id=&#8221;521106&#8243; icon=&#8221;fa fa-arrow-right2&#8243;]Link-It\u00ae Release 10[\/vc_button][\/vc_column][vc_column column_width_percent=&#8221;100&#8243; gutter_size=&#8221;3&#8243; overlay_alpha=&#8221;50&#8243; shift_x=&#8221;0&#8243; shift_y=&#8221;0&#8243; shift_y_down=&#8221;0&#8243; z_index=&#8221;0&#8243; medium_width=&#8221;4&#8243; mobile_width=&#8221;0&#8243; width=&#8221;1\/2&#8243; uncode_shortcode_id=&#8221;156622&#8243;][vc_single_image media=&#8221;84041&#8243; media_width_percent=&#8221;100&#8243; media_ratio=&#8221;sixteen-nine&#8221; uncode_shortcode_id=&#8221;158133&#8243;][vc_custom_heading heading_semantic=&#8221;h3&#8243; text_font=&#8221;font-145987&#8243; text_weight=&#8221;600&#8243; sub_lead=&#8221;small&#8221; uncode_shortcode_id=&#8221;325001&#8243;]Link-It\u00ae Release 11: Creo 12 ja Autodesk 2025 tuotteille[\/vc_custom_heading][vc_column_text uncode_shortcode_id=&#8221;214449&#8243;]Lataa uusin Link-It\u00ae-versio ja kokeile ratkaisujamme ilmaiseksi. Latauksen mukana saat 30 p\u00e4iv\u00e4n ilmaisen kokeilujakson sek\u00e4 k\u00e4ytt\u00f6\u00f6notossa auttavat oppaat, joiden avulla p\u00e4\u00e4set alkuun. Asennuspakettimme sis\u00e4lt\u00e4\u00e4 suosituimmat Link-It\u00ae-ty\u00f6kalut ja se on saatavilla CAD versioille <strong>Creo 12<\/strong>, <strong>Inventor 2025 ja AutoCAD 2025<\/strong>.<\/p>\n<p>Jos olet p\u00e4ivitt\u00e4m\u00e4ss\u00e4 vanhempaa ohjelmistoversiota Link-It\u00ae 10- tai 11- versioon, ota yhteytt\u00e4 tukeemme.[\/vc_column_text][vc_empty_space empty_h=&#8221;2&#8243;][vc_button button_color=&#8221;color-jevc&#8221; size=&#8221;link&#8221; btn_link_size=&#8221;h5&#8243; btn_link_underline=&#8221;btn-underline-out&#8221; custom_typo=&#8221;yes&#8221; font_family=&#8221;font-145987&#8243; font_weight=&#8221;600&#8243; icon_position=&#8221;right&#8221; display=&#8221;inline&#8221; link=&#8221;url:https%3A%2F%2Fmpsoft.fi%2Fdownload%2Flink-it-11%2F|title:Link-It%209.7&#8243; button_color_type=&#8221;uncode-palette&#8221; uncode_shortcode_id=&#8221;154207&#8243; icon=&#8221;fa fa-arrow-right2&#8243;]Link-It\u00ae Release 11[\/vc_button][\/vc_column][\/vc_row][vc_row][vc_column width=&#8221;1\/1&#8243;][uncode_block id=&#8221;84285&#8243;][\/vc_column][\/vc_row][vc_row][vc_column width=&#8221;1\/1&#8243;][uncode_block id=&#8221;84046&#8243;][\/vc_column][\/vc_row]<\/p>\n<\/div>","protected":false},"excerpt":{"rendered":"<p>[vc_row row_height_percent=&#8221;0&#8243; override_padding=&#8221;yes&#8221; h_padding=&#8221;2&#8243; top_padding=&#8221;3&#8243; bottom_padding=&#8221;2&#8243; back_color=&#8221;color-xsdn&#8221; overlay_alpha=&#8221;0&#8243; gutter_size=&#8221;3&#8243; column_width_percent=&#8221;100&#8243; shift_y=&#8221;0&#8243; z_index=&#8221;0&#8243; bottom_divider=&#8221;step_3_4&#8243; uncode_shortcode_id=&#8221;511281&#8243; back_color_type=&#8221;uncode-palette&#8221;][vc_column column_width_percent=&#8221;100&#8243; gutter_size=&#8221;3&#8243; style=&#8221;light&#8221; overlay_alpha=&#8221;50&#8243; shift_x=&#8221;0&#8243; [&hellip;]<\/p>\n","protected":false},"author":1,"featured_media":0,"parent":0,"menu_order":0,"comment_status":"closed","ping_status":"closed","template":"","meta":{"_improvement_type_select":"improve_an_existing","_thumb_yes_seoaic":false,"_frame_yes_seoaic":false,"seoaic_generate_description":"","seoaic_improve_instructions_prompt":"","seoaic_rollback_content_improvement":"","seoaic_idea_thumbnail_generator":"","thumbnail_generated":false,"thumbnail_generate_prompt":"","seoaic_article_description":"","footnotes":""},"class_list":["post-84044","page","type-page","status-publish","hentry"],"yoast_head":"<!-- This site is optimized with the Yoast SEO plugin v20.4 - https:\/\/yoast.com\/wordpress\/plugins\/seo\/ -->\n<title>Lataukset | MP Soft<\/title>\n<meta name=\"robots\" content=\"index, follow, max-snippet:-1, max-image-preview:large, max-video-preview:-1\" \/>\n<link rel=\"canonical\" href=\"https:\/\/mpsoft.fi\/fi\/lataa-link-it\/\" \/>\n<meta property=\"og:locale\" content=\"fi_FI\" \/>\n<meta property=\"og:type\" content=\"article\" \/>\n<meta property=\"og:title\" content=\"Lataukset | MP Soft\" \/>\n<meta property=\"og:description\" content=\"[vc_row row_height_percent=&#8221;0&#8243; override_padding=&#8221;yes&#8221; h_padding=&#8221;2&#8243; top_padding=&#8221;3&#8243; bottom_padding=&#8221;2&#8243; back_color=&#8221;color-xsdn&#8221; overlay_alpha=&#8221;0&#8243; gutter_size=&#8221;3&#8243; column_width_percent=&#8221;100&#8243; shift_y=&#8221;0&#8243; z_index=&#8221;0&#8243; bottom_divider=&#8221;step_3_4&#8243; uncode_shortcode_id=&#8221;511281&#8243; back_color_type=&#8221;uncode-palette&#8221;][vc_column column_width_percent=&#8221;100&#8243; gutter_size=&#8221;3&#8243; style=&#8221;light&#8221; overlay_alpha=&#8221;50&#8243; shift_x=&#8221;0&#8243; [&hellip;]\" \/>\n<meta property=\"og:url\" content=\"https:\/\/mpsoft.fi\/fi\/lataa-link-it\/\" \/>\n<meta property=\"og:site_name\" content=\"MP Soft\" \/>\n<meta property=\"article:modified_time\" content=\"2025-08-05T06:07:02+00:00\" \/>\n<meta property=\"og:image\" content=\"https:\/\/mpsoft.fi\/wp-content\/uploads\/2020\/02\/Mpsoft_log.png\" \/>\n\t<meta property=\"og:image:width\" content=\"640\" \/>\n\t<meta property=\"og:image:height\" content=\"175\" \/>\n\t<meta property=\"og:image:type\" content=\"image\/png\" \/>\n<meta name=\"twitter:card\" content=\"summary_large_image\" \/>\n<meta name=\"twitter:label1\" content=\"Arvioitu lukuaika\" \/>\n\t<meta name=\"twitter:data1\" content=\"2 minuuttia\" \/>\n<script type=\"application\/ld+json\" class=\"yoast-schema-graph\">{\"@context\":\"https:\/\/schema.org\",\"@graph\":[{\"@type\":\"WebPage\",\"@id\":\"https:\/\/mpsoft.fi\/fi\/lataa-link-it\/\",\"url\":\"https:\/\/mpsoft.fi\/fi\/lataa-link-it\/\",\"name\":\"Lataukset | MP Soft\",\"isPartOf\":{\"@id\":\"https:\/\/mpsoft.fi\/fi\/#website\"},\"datePublished\":\"2022-11-28T14:49:17+00:00\",\"dateModified\":\"2025-08-05T06:07:02+00:00\",\"breadcrumb\":{\"@id\":\"https:\/\/mpsoft.fi\/fi\/lataa-link-it\/#breadcrumb\"},\"inLanguage\":\"fi\",\"potentialAction\":[{\"@type\":\"ReadAction\",\"target\":[\"https:\/\/mpsoft.fi\/fi\/lataa-link-it\/\"]}]},{\"@type\":\"BreadcrumbList\",\"@id\":\"https:\/\/mpsoft.fi\/fi\/lataa-link-it\/#breadcrumb\",\"itemListElement\":[{\"@type\":\"ListItem\",\"position\":1,\"name\":\"Home\",\"item\":\"https:\/\/mpsoft.fi\/fi\/\"},{\"@type\":\"ListItem\",\"position\":2,\"name\":\"Lataukset\"}]},{\"@type\":\"WebSite\",\"@id\":\"https:\/\/mpsoft.fi\/fi\/#website\",\"url\":\"https:\/\/mpsoft.fi\/fi\/\",\"name\":\"MP Soft\",\"description\":\"IMPROVE THE QUALITY AND AUTOMATION OF YOUR PRODUCT DESIGN\",\"publisher\":{\"@id\":\"https:\/\/mpsoft.fi\/fi\/#organization\"},\"potentialAction\":[{\"@type\":\"SearchAction\",\"target\":{\"@type\":\"EntryPoint\",\"urlTemplate\":\"https:\/\/mpsoft.fi\/fi\/?s={search_term_string}\"},\"query-input\":\"required name=search_term_string\"}],\"inLanguage\":\"fi\"},{\"@type\":\"Organization\",\"@id\":\"https:\/\/mpsoft.fi\/fi\/#organization\",\"name\":\"MP Soft\",\"url\":\"https:\/\/mpsoft.fi\/fi\/\",\"logo\":{\"@type\":\"ImageObject\",\"inLanguage\":\"fi\",\"@id\":\"https:\/\/mpsoft.fi\/fi\/#\/schema\/logo\/image\/\",\"url\":\"https:\/\/mpsoft.fi\/wp-content\/uploads\/2020\/02\/Mpsoft_log.png\",\"contentUrl\":\"https:\/\/mpsoft.fi\/wp-content\/uploads\/2020\/02\/Mpsoft_log.png\",\"width\":640,\"height\":175,\"caption\":\"MP Soft\"},\"image\":{\"@id\":\"https:\/\/mpsoft.fi\/fi\/#\/schema\/logo\/image\/\"}}]}<\/script>\n<!-- \/ Yoast SEO plugin. -->","yoast_head_json":{"title":"Lataukset | MP Soft","robots":{"index":"index","follow":"follow","max-snippet":"max-snippet:-1","max-image-preview":"max-image-preview:large","max-video-preview":"max-video-preview:-1"},"canonical":"https:\/\/mpsoft.fi\/fi\/lataa-link-it\/","og_locale":"fi_FI","og_type":"article","og_title":"Lataukset | MP Soft","og_description":"[vc_row row_height_percent=&#8221;0&#8243; override_padding=&#8221;yes&#8221; h_padding=&#8221;2&#8243; top_padding=&#8221;3&#8243; bottom_padding=&#8221;2&#8243; back_color=&#8221;color-xsdn&#8221; overlay_alpha=&#8221;0&#8243; gutter_size=&#8221;3&#8243; column_width_percent=&#8221;100&#8243; shift_y=&#8221;0&#8243; z_index=&#8221;0&#8243; bottom_divider=&#8221;step_3_4&#8243; uncode_shortcode_id=&#8221;511281&#8243; back_color_type=&#8221;uncode-palette&#8221;][vc_column column_width_percent=&#8221;100&#8243; gutter_size=&#8221;3&#8243; style=&#8221;light&#8221; overlay_alpha=&#8221;50&#8243; shift_x=&#8221;0&#8243; [&hellip;]","og_url":"https:\/\/mpsoft.fi\/fi\/lataa-link-it\/","og_site_name":"MP Soft","article_modified_time":"2025-08-05T06:07:02+00:00","og_image":[{"width":640,"height":175,"url":"https:\/\/mpsoft.fi\/wp-content\/uploads\/2020\/02\/Mpsoft_log.png","type":"image\/png"}],"twitter_card":"summary_large_image","twitter_misc":{"Arvioitu lukuaika":"2 minuuttia"},"schema":{"@context":"https:\/\/schema.org","@graph":[{"@type":"WebPage","@id":"https:\/\/mpsoft.fi\/fi\/lataa-link-it\/","url":"https:\/\/mpsoft.fi\/fi\/lataa-link-it\/","name":"Lataukset | MP Soft","isPartOf":{"@id":"https:\/\/mpsoft.fi\/fi\/#website"},"datePublished":"2022-11-28T14:49:17+00:00","dateModified":"2025-08-05T06:07:02+00:00","breadcrumb":{"@id":"https:\/\/mpsoft.fi\/fi\/lataa-link-it\/#breadcrumb"},"inLanguage":"fi","potentialAction":[{"@type":"ReadAction","target":["https:\/\/mpsoft.fi\/fi\/lataa-link-it\/"]}]},{"@type":"BreadcrumbList","@id":"https:\/\/mpsoft.fi\/fi\/lataa-link-it\/#breadcrumb","itemListElement":[{"@type":"ListItem","position":1,"name":"Home","item":"https:\/\/mpsoft.fi\/fi\/"},{"@type":"ListItem","position":2,"name":"Lataukset"}]},{"@type":"WebSite","@id":"https:\/\/mpsoft.fi\/fi\/#website","url":"https:\/\/mpsoft.fi\/fi\/","name":"MP Soft","description":"IMPROVE THE QUALITY AND AUTOMATION OF YOUR PRODUCT DESIGN","publisher":{"@id":"https:\/\/mpsoft.fi\/fi\/#organization"},"potentialAction":[{"@type":"SearchAction","target":{"@type":"EntryPoint","urlTemplate":"https:\/\/mpsoft.fi\/fi\/?s={search_term_string}"},"query-input":"required name=search_term_string"}],"inLanguage":"fi"},{"@type":"Organization","@id":"https:\/\/mpsoft.fi\/fi\/#organization","name":"MP Soft","url":"https:\/\/mpsoft.fi\/fi\/","logo":{"@type":"ImageObject","inLanguage":"fi","@id":"https:\/\/mpsoft.fi\/fi\/#\/schema\/logo\/image\/","url":"https:\/\/mpsoft.fi\/wp-content\/uploads\/2020\/02\/Mpsoft_log.png","contentUrl":"https:\/\/mpsoft.fi\/wp-content\/uploads\/2020\/02\/Mpsoft_log.png","width":640,"height":175,"caption":"MP Soft"},"image":{"@id":"https:\/\/mpsoft.fi\/fi\/#\/schema\/logo\/image\/"}}]}},"_links":{"self":[{"href":"https:\/\/mpsoft.fi\/fi\/wp-json\/wp\/v2\/pages\/84044","targetHints":{"allow":["GET"]}}],"collection":[{"href":"https:\/\/mpsoft.fi\/fi\/wp-json\/wp\/v2\/pages"}],"about":[{"href":"https:\/\/mpsoft.fi\/fi\/wp-json\/wp\/v2\/types\/page"}],"author":[{"embeddable":true,"href":"https:\/\/mpsoft.fi\/fi\/wp-json\/wp\/v2\/users\/1"}],"replies":[{"embeddable":true,"href":"https:\/\/mpsoft.fi\/fi\/wp-json\/wp\/v2\/comments?post=84044"}],"version-history":[{"count":10,"href":"https:\/\/mpsoft.fi\/fi\/wp-json\/wp\/v2\/pages\/84044\/revisions"}],"predecessor-version":[{"id":86103,"href":"https:\/\/mpsoft.fi\/fi\/wp-json\/wp\/v2\/pages\/84044\/revisions\/86103"}],"wp:attachment":[{"href":"https:\/\/mpsoft.fi\/fi\/wp-json\/wp\/v2\/media?parent=84044"}],"curies":[{"name":"wp","href":"https:\/\/api.w.org\/{rel}","templated":true}]}}