{"id":84070,"date":"2022-11-02T17:11:44","date_gmt":"2022-11-02T15:11:44","guid":{"rendered":"https:\/\/mpsoft.fi\/?page_id=84070"},"modified":"2026-02-25T10:38:57","modified_gmt":"2026-02-25T08:38:57","slug":"link-it-logic","status":"publish","type":"page","link":"https:\/\/mpsoft.fi\/fi\/ratkaisut\/link-it-logic\/","title":{"rendered":"Link-It\u00ae Logic"},"content":{"rendered":"<div class=\"wpb-content-wrapper\"><p>[vc_row row_height_percent=&#8221;0&#8243; override_padding=&#8221;yes&#8221; h_padding=&#8221;2&#8243; top_padding=&#8221;3&#8243; bottom_padding=&#8221;2&#8243; back_color=&#8221;color-xsdn&#8221; overlay_alpha=&#8221;0&#8243; gutter_size=&#8221;3&#8243; column_width_percent=&#8221;100&#8243; shift_y=&#8221;0&#8243; z_index=&#8221;0&#8243; bottom_divider=&#8221;step_3_4&#8243; uncode_shortcode_id=&#8221;306622&#8243; back_color_type=&#8221;uncode-palette&#8221;][vc_column column_width_percent=&#8221;100&#8243; gutter_size=&#8221;3&#8243; style=&#8221;light&#8221; overlay_alpha=&#8221;50&#8243; shift_x=&#8221;0&#8243; shift_y=&#8221;0&#8243; shift_y_down=&#8221;0&#8243; z_index=&#8221;0&#8243; medium_width=&#8221;0&#8243; mobile_width=&#8221;0&#8243; width=&#8221;2\/3&#8243;][vc_custom_heading heading_semantic=&#8221;p&#8221; text_font=&#8221;font-145987&#8243; text_size=&#8221;fontsize-160000&#8243; text_weight=&#8221;600&#8243; text_height=&#8221;fontheight-179065&#8243; uncode_shortcode_id=&#8221;182082&#8243;]Seuraaville ohjelmistoille: Creo, Solidworks[\/vc_custom_heading][vc_custom_heading text_font=&#8221;font-145987&#8243; text_size=&#8221;fontsize-155944&#8243; text_weight=&#8221;600&#8243; text_height=&#8221;fontheight-179065&#8243; uncode_shortcode_id=&#8221;169873&#8243;]Link-It\u00ae Logic[\/vc_custom_heading][vc_custom_heading heading_semantic=&#8221;h1&#8243; text_font=&#8221;font-145987&#8243; text_size=&#8221;h3&#8243; text_weight=&#8221;600&#8243; text_height=&#8221;fontheight-179065&#8243; uncode_shortcode_id=&#8221;194369&#8243;]Luo konfigurointi<span lang=\"FI\">k\u00e4ytt\u00f6liittymi\u00e4<\/span> ja -logiikoita CAD-malleille ja hallitse paremmin suunnittelun laatua.[\/vc_custom_heading][vc_column_text uncode_shortcode_id=&#8221;916963&#8243;]Link-It\u00ae Logic on 3D CAD:n konfigurointity\u00f6kalu. Link-It\u00ae Logicin avulla voit rakentaa <span lang=\"FI\">\u00e4lykk\u00e4\u00e4n<\/span> konfigur<span lang=\"FI\">ointi<\/span>k\u00e4ytt\u00f6liittym\u00e4n ja ohjelmoida logiikan, jolla <span lang=\"FI\">konfiguroit<\/span> CAD-mallisi. Hy\u00f6dyt lyhentyneist\u00e4 projektisuunnittelun l\u00e4pimenoajoista ja paremmasta suunnittelun laadusta.<\/p>\n<p>Link-It\u00ae Logic tarjoaa monipuolisia elementtej\u00e4 konfiguraattorilomakkeiden rakentamiseen \u2013 esimerkkein\u00e4: valikkokent\u00e4t, dynaamiset valikot, dynaamiset kentt\u00e4ominaisuudet, dynaaminen kentt\u00e4populaatio, automaattinen muotoilu, ty\u00f6kaluvihjeet ja kuvat. Link-It\u00ae Logic voi muodostaa yhteyden myynnin konfigurointij\u00e4rjestelmiin ja n\u00e4in sulkea kuilun suunnittelusta myyntiin.[\/vc_column_text][\/vc_column][vc_column width=&#8221;1\/3&#8243;][\/vc_column][\/vc_row][vc_row row_height_percent=&#8221;0&#8243; override_padding=&#8221;yes&#8221; h_padding=&#8221;2&#8243; top_padding=&#8221;2&#8243; bottom_padding=&#8221;2&#8243; overlay_alpha=&#8221;50&#8243; gutter_size=&#8221;3&#8243; column_width_percent=&#8221;100&#8243; shift_y=&#8221;0&#8243; z_index=&#8221;0&#8243; mobile_visibility=&#8221;yes&#8221; uncode_shortcode_id=&#8221;237550&#8243;][vc_column column_width_percent=&#8221;100&#8243; position_vertical=&#8221;middle&#8221; align_horizontal=&#8221;align_center&#8221; gutter_size=&#8221;3&#8243; overlay_alpha=&#8221;50&#8243; shift_x=&#8221;0&#8243; shift_y=&#8221;0&#8243; shift_y_down=&#8221;0&#8243; z_index=&#8221;0&#8243; medium_width=&#8221;0&#8243; mobile_width=&#8221;0&#8243; width=&#8221;1\/1&#8243;][vc_custom_heading heading_semantic=&#8221;h3&#8243; text_font=&#8221;font-145987&#8243; text_size=&#8221;h1&#8243; text_weight=&#8221;600&#8243; text_height=&#8221;fontheight-179065&#8243; uncode_shortcode_id=&#8221;154076&#8243;]Link-It\u00ae Logic hy\u00f6dyt[\/vc_custom_heading][\/vc_column][\/vc_row][vc_row unlock_row_content=&#8221;yes&#8221; row_height_percent=&#8221;0&#8243; override_padding=&#8221;yes&#8221; h_padding=&#8221;2&#8243; top_padding=&#8221;2&#8243; bottom_padding=&#8221;0&#8243; overlay_alpha=&#8221;50&#8243; equal_height=&#8221;yes&#8221; gutter_size=&#8221;3&#8243; column_width_percent=&#8221;100&#8243; shift_y=&#8221;0&#8243; z_index=&#8221;0&#8243; uncode_shortcode_id=&#8221;172954&#8243;][vc_column column_width_percent=&#8221;100&#8243; position_vertical=&#8221;middle&#8221; align_horizontal=&#8221;align_center&#8221; gutter_size=&#8221;3&#8243; overlay_alpha=&#8221;50&#8243; shift_x=&#8221;0&#8243; shift_y=&#8221;0&#8243; shift_y_down=&#8221;0&#8243; z_index=&#8221;0&#8243; medium_width=&#8221;4&#8243; mobile_visibility=&#8221;yes&#8221; mobile_width=&#8221;0&#8243; width=&#8221;1\/2&#8243; uncode_shortcode_id=&#8221;962810&#8243;][vc_single_image media=&#8221;83701&#8243; media_width_percent=&#8221;100&#8243;][\/vc_column][vc_column column_width_percent=&#8221;100&#8243; position_vertical=&#8221;middle&#8221; gutter_size=&#8221;3&#8243; overlay_alpha=&#8221;50&#8243; shift_x=&#8221;0&#8243; shift_y=&#8221;0&#8243; shift_y_down=&#8221;0&#8243; z_index=&#8221;0&#8243; medium_width=&#8221;4&#8243; mobile_width=&#8221;0&#8243; width=&#8221;1\/2&#8243; uncode_shortcode_id=&#8221;138814&#8243;][vc_custom_heading heading_semantic=&#8221;h3&#8243; text_font=&#8221;font-145987&#8243; text_size=&#8221;h1&#8243; text_weight=&#8221;600&#8243; text_height=&#8221;fontheight-179065&#8243; desktop_visibility=&#8221;yes&#8221; medium_visibility=&#8221;yes&#8221; uncode_shortcode_id=&#8221;149122&#8243;]Link-It\u00ae Logic hy\u00f6dyt[\/vc_custom_heading][vc_empty_space empty_h=&#8221;1&#8243; desktop_visibility=&#8221;yes&#8221; medium_visibility=&#8221;yes&#8221;][uncode_list icon=&#8221;fa fa-check&#8221; uncode_shortcode_id=&#8221;199657&#8243;]<\/p>\n<ul>\n<li class=\"m_-3516954922407769206MsoListParagraph\">Lyhenn\u00e4 tilau<span lang=\"FI\">s- <\/span>toimitus<span lang=\"FI\">prosessin l\u00e4pimenoaikaa<\/span><\/li>\n<li>Tallenna suunnittelu<span lang=\"FI\">osaamista ja s\u00e4\u00e4nn\u00f6st\u00f6\u00e4 tuotemalliin<\/span><\/li>\n<li>Automatisoi virhealttiit rutiiniteht\u00e4v\u00e4t<\/li>\n<li>Yksinkertaista suunnitteluty\u00f6t\u00e4<\/li>\n<li>V\u00e4henn\u00e4 monimutkaisia \u200b\u200bristiviittauksia CAD-mallien v\u00e4lill\u00e4<\/li>\n<li>Alhaiset kustannukset ja lyhyt takaisinmaksuaika<\/li>\n<\/ul>\n<p>[\/uncode_list][vc_empty_space empty_h=&#8221;1&#8243;][vc_column_text uncode_shortcode_id=&#8221;125598&#8243;]Link-It\u00ae Logic on saatavilla Creo<span lang=\"EN-US\">:<\/span>lle ja Solidworks:ille.[\/vc_column_text][\/vc_column][\/vc_row][vc_row row_height_percent=&#8221;0&#8243; override_padding=&#8221;yes&#8221; h_padding=&#8221;2&#8243; top_padding=&#8221;4&#8243; bottom_padding=&#8221;2&#8243; overlay_alpha=&#8221;50&#8243; equal_height=&#8221;yes&#8221; gutter_size=&#8221;4&#8243; column_width_percent=&#8221;100&#8243; shift_y=&#8221;0&#8243; z_index=&#8221;0&#8243; uncode_shortcode_id=&#8221;169465&#8243;][vc_column column_width_percent=&#8221;100&#8243; gutter_size=&#8221;3&#8243; overlay_alpha=&#8221;50&#8243; shift_x=&#8221;0&#8243; shift_y=&#8221;0&#8243; shift_y_down=&#8221;0&#8243; z_index=&#8221;0&#8243; medium_width=&#8221;4&#8243; mobile_width=&#8221;0&#8243; width=&#8221;1\/2&#8243; uncode_shortcode_id=&#8221;147262&#8243;][vc_custom_heading heading_semantic=&#8221;h3&#8243; text_font=&#8221;font-145987&#8243; text_weight=&#8221;600&#8243; sub_lead=&#8221;small&#8221; subheading=&#8221;+ Luo visuaalinen ja \u00e4lyk\u00e4s sy\u00f6tt\u00f6lomake tuoteominaisuuksien m\u00e4\u00e4ritt\u00e4miseen<br \/>\n+ Ohjaa Creo -mallin piirteit\u00e4, materiaaleja, v\u00e4rej\u00e4 ja parametreja<br \/>\n+ Konfiguroi Link-It\u00ae Publish -julkaisuluettelo<br \/>\n+ Integroi ulkoisen myyntikonfiguraattorin kanssa&#8221; uncode_shortcode_id=&#8221;110026&#8243; text_color_type=&#8221;uncode-palette&#8221; text_color_solid=&#8221;#ff0000&#8243;]Link-It\u00ae Logic for Creo[\/vc_custom_heading][\/vc_column][vc_column column_width_percent=&#8221;100&#8243; position_vertical=&#8221;middle&#8221; gutter_size=&#8221;3&#8243; overlay_alpha=&#8221;50&#8243; shift_x=&#8221;0&#8243; shift_y=&#8221;0&#8243; shift_y_down=&#8221;0&#8243; z_index=&#8221;0&#8243; medium_width=&#8221;4&#8243; mobile_width=&#8221;0&#8243; width=&#8221;1\/2&#8243; uncode_shortcode_id=&#8221;693846&#8243;][vc_custom_heading heading_semantic=&#8221;h3&#8243; text_font=&#8221;font-145987&#8243; text_weight=&#8221;600&#8243; sub_lead=&#8221;small&#8221; subheading=&#8221;+ Luo visuaalinen ja \u00e4lyk\u00e4s sy\u00f6tt\u00f6lomake tuoteominaisuuksien m\u00e4\u00e4ritt\u00e4miseen<br \/>\n+ Ohjaa Solidworks -mallin piirteit\u00e4, materiaaleja, v\u00e4rej\u00e4 ja custom propertyj\u00e4<br \/>\n+ Ohjaa Solidworks -piirustuksen n\u00e4kymi\u00e4, noteja ja layereit\u00e4<br \/>\n+ Konfiguroi Link-It Publish -julkaisuluettelo<br \/>\n+ Integroi ulkoisen myyntikonfiguraattorin kanssa&#8221; uncode_shortcode_id=&#8221;820065&#8243; text_color_type=&#8221;uncode-palette&#8221; text_color_solid=&#8221;#ff0000&#8243;]Link-It\u00ae Logic for Solidworks[\/vc_custom_heading][vc_empty_space empty_h=&#8221;2&#8243; desktop_visibility=&#8221;yes&#8221; medium_visibility=&#8221;yes&#8221;][\/vc_column][\/vc_row][vc_row row_height_percent=&#8221;0&#8243; override_padding=&#8221;yes&#8221; h_padding=&#8221;2&#8243; top_padding=&#8221;2&#8243; bottom_padding=&#8221;3&#8243; overlay_alpha=&#8221;50&#8243; equal_height=&#8221;yes&#8221; gutter_size=&#8221;4&#8243; column_width_percent=&#8221;100&#8243; shift_y=&#8221;0&#8243; z_index=&#8221;0&#8243; mobile_visibility=&#8221;yes&#8221; uncode_shortcode_id=&#8221;578670&#8243;][vc_column column_width_percent=&#8221;100&#8243; gutter_size=&#8221;3&#8243; overlay_alpha=&#8221;50&#8243; shift_x=&#8221;0&#8243; shift_y=&#8221;0&#8243; shift_y_down=&#8221;0&#8243; z_index=&#8221;0&#8243; medium_width=&#8221;4&#8243; mobile_width=&#8221;0&#8243; width=&#8221;1\/2&#8243; uncode_shortcode_id=&#8221;208814&#8243;][vc_single_image media=&#8221;86218&#8243; media_width_percent=&#8221;100&#8243; media_ratio=&#8221;sixteen-nine&#8221; uncode_shortcode_id=&#8221;585987&#8243;][\/vc_column][vc_column column_width_percent=&#8221;100&#8243; position_vertical=&#8221;middle&#8221; gutter_size=&#8221;3&#8243; overlay_alpha=&#8221;50&#8243; shift_x=&#8221;0&#8243; shift_y=&#8221;0&#8243; shift_y_down=&#8221;0&#8243; z_index=&#8221;0&#8243; medium_width=&#8221;4&#8243; mobile_width=&#8221;0&#8243; width=&#8221;1\/2&#8243; uncode_shortcode_id=&#8221;177821&#8243;][vc_single_image media=&#8221;84626&#8243; media_width_percent=&#8221;100&#8243; uncode_shortcode_id=&#8221;175778&#8243;][\/vc_column][\/vc_row][vc_row][vc_column width=&#8221;1\/1&#8243;][uncode_block id=&#8221;84295&#8243;][\/vc_column][\/vc_row][vc_row][vc_column width=&#8221;1\/1&#8243;][uncode_block id=&#8221;84046&#8243;][\/vc_column][\/vc_row]<\/p>\n<\/div>","protected":false},"excerpt":{"rendered":"<p>Create configurator interfaces and logics for CAD models.<\/p>\n","protected":false},"author":1,"featured_media":84153,"parent":84016,"menu_order":0,"comment_status":"closed","ping_status":"closed","template":"","meta":{"_improvement_type_select":"improve_an_existing","_thumb_yes_seoaic":false,"_frame_yes_seoaic":false,"seoaic_generate_description":"","seoaic_improve_instructions_prompt":"","seoaic_rollback_content_improvement":"","seoaic_idea_thumbnail_generator":"","thumbnail_generated":false,"thumbnail_generate_prompt":"","seoaic_article_description":"","footnotes":""},"class_list":["post-84070","page","type-page","status-publish","has-post-thumbnail","hentry","page_category-other-productivity-tools-fi"],"yoast_head":"<!-- This site is optimized with the Yoast SEO plugin v20.4 - https:\/\/yoast.com\/wordpress\/plugins\/seo\/ -->\n<title>Link-It\u00ae Logic: Create configurator interfaces and logics | MP Soft<\/title>\n<meta name=\"description\" content=\"Get better control over design quality creating configurator interfaces and logics for CAD models with Link-It\u00ae Logic. For SOLIDWORKS, Creo.\" \/>\n<meta name=\"robots\" content=\"index, follow, max-snippet:-1, max-image-preview:large, max-video-preview:-1\" \/>\n<link rel=\"canonical\" href=\"https:\/\/mpsoft.fi\/fi\/ratkaisut\/link-it-logic\/\" \/>\n<meta property=\"og:locale\" content=\"fi_FI\" \/>\n<meta property=\"og:type\" content=\"article\" \/>\n<meta property=\"og:title\" content=\"Link-It\u00ae Logic: Create configurator interfaces and logics | MP Soft\" \/>\n<meta property=\"og:description\" content=\"Get better control over design quality creating configurator interfaces and logics for CAD models with Link-It\u00ae Logic. For SOLIDWORKS, Creo.\" \/>\n<meta property=\"og:url\" content=\"https:\/\/mpsoft.fi\/fi\/ratkaisut\/link-it-logic\/\" \/>\n<meta property=\"og:site_name\" content=\"MP Soft\" \/>\n<meta property=\"article:modified_time\" content=\"2026-02-25T08:38:57+00:00\" \/>\n<meta property=\"og:image\" content=\"https:\/\/mpsoft.fi\/wp-content\/uploads\/2022\/10\/Link-It_Logic.jpg\" \/>\n\t<meta property=\"og:image:width\" content=\"1920\" \/>\n\t<meta property=\"og:image:height\" content=\"1080\" \/>\n\t<meta property=\"og:image:type\" content=\"image\/jpeg\" \/>\n<meta name=\"twitter:card\" content=\"summary_large_image\" \/>\n<meta name=\"twitter:label1\" content=\"Arvioitu lukuaika\" \/>\n\t<meta name=\"twitter:data1\" content=\"2 minuuttia\" \/>\n<script type=\"application\/ld+json\" class=\"yoast-schema-graph\">{\"@context\":\"https:\/\/schema.org\",\"@graph\":[{\"@type\":\"WebPage\",\"@id\":\"https:\/\/mpsoft.fi\/fi\/ratkaisut\/link-it-logic\/\",\"url\":\"https:\/\/mpsoft.fi\/fi\/ratkaisut\/link-it-logic\/\",\"name\":\"Link-It\u00ae Logic: Create configurator interfaces and logics | MP Soft\",\"isPartOf\":{\"@id\":\"https:\/\/mpsoft.fi\/fi\/#website\"},\"datePublished\":\"2022-11-02T15:11:44+00:00\",\"dateModified\":\"2026-02-25T08:38:57+00:00\",\"description\":\"Get better control over design quality creating configurator interfaces and logics for CAD models with Link-It\u00ae Logic. For SOLIDWORKS, Creo.\",\"breadcrumb\":{\"@id\":\"https:\/\/mpsoft.fi\/fi\/ratkaisut\/link-it-logic\/#breadcrumb\"},\"inLanguage\":\"fi\",\"potentialAction\":[{\"@type\":\"ReadAction\",\"target\":[\"https:\/\/mpsoft.fi\/fi\/ratkaisut\/link-it-logic\/\"]}]},{\"@type\":\"BreadcrumbList\",\"@id\":\"https:\/\/mpsoft.fi\/fi\/ratkaisut\/link-it-logic\/#breadcrumb\",\"itemListElement\":[{\"@type\":\"ListItem\",\"position\":1,\"name\":\"Home\",\"item\":\"https:\/\/mpsoft.fi\/fi\/\"},{\"@type\":\"ListItem\",\"position\":2,\"name\":\"Ratkaisut\",\"item\":\"https:\/\/mpsoft.fi\/fi\/ratkaisut\/\"},{\"@type\":\"ListItem\",\"position\":3,\"name\":\"Link-It\u00ae Logic\"}]},{\"@type\":\"WebSite\",\"@id\":\"https:\/\/mpsoft.fi\/fi\/#website\",\"url\":\"https:\/\/mpsoft.fi\/fi\/\",\"name\":\"MP Soft\",\"description\":\"IMPROVE THE QUALITY AND AUTOMATION OF YOUR PRODUCT DESIGN\",\"publisher\":{\"@id\":\"https:\/\/mpsoft.fi\/fi\/#organization\"},\"potentialAction\":[{\"@type\":\"SearchAction\",\"target\":{\"@type\":\"EntryPoint\",\"urlTemplate\":\"https:\/\/mpsoft.fi\/fi\/?s={search_term_string}\"},\"query-input\":\"required name=search_term_string\"}],\"inLanguage\":\"fi\"},{\"@type\":\"Organization\",\"@id\":\"https:\/\/mpsoft.fi\/fi\/#organization\",\"name\":\"MP Soft\",\"url\":\"https:\/\/mpsoft.fi\/fi\/\",\"logo\":{\"@type\":\"ImageObject\",\"inLanguage\":\"fi\",\"@id\":\"https:\/\/mpsoft.fi\/fi\/#\/schema\/logo\/image\/\",\"url\":\"https:\/\/mpsoft.fi\/wp-content\/uploads\/2020\/02\/Mpsoft_log.png\",\"contentUrl\":\"https:\/\/mpsoft.fi\/wp-content\/uploads\/2020\/02\/Mpsoft_log.png\",\"width\":640,\"height\":175,\"caption\":\"MP Soft\"},\"image\":{\"@id\":\"https:\/\/mpsoft.fi\/fi\/#\/schema\/logo\/image\/\"}}]}<\/script>\n<!-- \/ Yoast SEO plugin. -->","yoast_head_json":{"title":"Link-It\u00ae Logic: Create configurator interfaces and logics | MP Soft","description":"Get better control over design quality creating configurator interfaces and logics for CAD models with Link-It\u00ae Logic. For SOLIDWORKS, Creo.","robots":{"index":"index","follow":"follow","max-snippet":"max-snippet:-1","max-image-preview":"max-image-preview:large","max-video-preview":"max-video-preview:-1"},"canonical":"https:\/\/mpsoft.fi\/fi\/ratkaisut\/link-it-logic\/","og_locale":"fi_FI","og_type":"article","og_title":"Link-It\u00ae Logic: Create configurator interfaces and logics | MP Soft","og_description":"Get better control over design quality creating configurator interfaces and logics for CAD models with Link-It\u00ae Logic. For SOLIDWORKS, Creo.","og_url":"https:\/\/mpsoft.fi\/fi\/ratkaisut\/link-it-logic\/","og_site_name":"MP Soft","article_modified_time":"2026-02-25T08:38:57+00:00","og_image":[{"width":1920,"height":1080,"url":"https:\/\/mpsoft.fi\/wp-content\/uploads\/2022\/10\/Link-It_Logic.jpg","type":"image\/jpeg"}],"twitter_card":"summary_large_image","twitter_misc":{"Arvioitu lukuaika":"2 minuuttia"},"schema":{"@context":"https:\/\/schema.org","@graph":[{"@type":"WebPage","@id":"https:\/\/mpsoft.fi\/fi\/ratkaisut\/link-it-logic\/","url":"https:\/\/mpsoft.fi\/fi\/ratkaisut\/link-it-logic\/","name":"Link-It\u00ae Logic: Create configurator interfaces and logics | MP Soft","isPartOf":{"@id":"https:\/\/mpsoft.fi\/fi\/#website"},"datePublished":"2022-11-02T15:11:44+00:00","dateModified":"2026-02-25T08:38:57+00:00","description":"Get better control over design quality creating configurator interfaces and logics for CAD models with Link-It\u00ae Logic. For SOLIDWORKS, Creo.","breadcrumb":{"@id":"https:\/\/mpsoft.fi\/fi\/ratkaisut\/link-it-logic\/#breadcrumb"},"inLanguage":"fi","potentialAction":[{"@type":"ReadAction","target":["https:\/\/mpsoft.fi\/fi\/ratkaisut\/link-it-logic\/"]}]},{"@type":"BreadcrumbList","@id":"https:\/\/mpsoft.fi\/fi\/ratkaisut\/link-it-logic\/#breadcrumb","itemListElement":[{"@type":"ListItem","position":1,"name":"Home","item":"https:\/\/mpsoft.fi\/fi\/"},{"@type":"ListItem","position":2,"name":"Ratkaisut","item":"https:\/\/mpsoft.fi\/fi\/ratkaisut\/"},{"@type":"ListItem","position":3,"name":"Link-It\u00ae Logic"}]},{"@type":"WebSite","@id":"https:\/\/mpsoft.fi\/fi\/#website","url":"https:\/\/mpsoft.fi\/fi\/","name":"MP Soft","description":"IMPROVE THE QUALITY AND AUTOMATION OF YOUR PRODUCT DESIGN","publisher":{"@id":"https:\/\/mpsoft.fi\/fi\/#organization"},"potentialAction":[{"@type":"SearchAction","target":{"@type":"EntryPoint","urlTemplate":"https:\/\/mpsoft.fi\/fi\/?s={search_term_string}"},"query-input":"required name=search_term_string"}],"inLanguage":"fi"},{"@type":"Organization","@id":"https:\/\/mpsoft.fi\/fi\/#organization","name":"MP Soft","url":"https:\/\/mpsoft.fi\/fi\/","logo":{"@type":"ImageObject","inLanguage":"fi","@id":"https:\/\/mpsoft.fi\/fi\/#\/schema\/logo\/image\/","url":"https:\/\/mpsoft.fi\/wp-content\/uploads\/2020\/02\/Mpsoft_log.png","contentUrl":"https:\/\/mpsoft.fi\/wp-content\/uploads\/2020\/02\/Mpsoft_log.png","width":640,"height":175,"caption":"MP Soft"},"image":{"@id":"https:\/\/mpsoft.fi\/fi\/#\/schema\/logo\/image\/"}}]}},"_links":{"self":[{"href":"https:\/\/mpsoft.fi\/fi\/wp-json\/wp\/v2\/pages\/84070","targetHints":{"allow":["GET"]}}],"collection":[{"href":"https:\/\/mpsoft.fi\/fi\/wp-json\/wp\/v2\/pages"}],"about":[{"href":"https:\/\/mpsoft.fi\/fi\/wp-json\/wp\/v2\/types\/page"}],"author":[{"embeddable":true,"href":"https:\/\/mpsoft.fi\/fi\/wp-json\/wp\/v2\/users\/1"}],"replies":[{"embeddable":true,"href":"https:\/\/mpsoft.fi\/fi\/wp-json\/wp\/v2\/comments?post=84070"}],"version-history":[{"count":17,"href":"https:\/\/mpsoft.fi\/fi\/wp-json\/wp\/v2\/pages\/84070\/revisions"}],"predecessor-version":[{"id":86265,"href":"https:\/\/mpsoft.fi\/fi\/wp-json\/wp\/v2\/pages\/84070\/revisions\/86265"}],"up":[{"embeddable":true,"href":"https:\/\/mpsoft.fi\/fi\/wp-json\/wp\/v2\/pages\/84016"}],"wp:featuredmedia":[{"embeddable":true,"href":"https:\/\/mpsoft.fi\/fi\/wp-json\/wp\/v2\/media\/84153"}],"wp:attachment":[{"href":"https:\/\/mpsoft.fi\/fi\/wp-json\/wp\/v2\/media?parent=84070"}],"curies":[{"name":"wp","href":"https:\/\/api.w.org\/{rel}","templated":true}]}}