{"id":84102,"date":"2022-11-02T17:09:38","date_gmt":"2022-11-02T15:09:38","guid":{"rendered":"https:\/\/mpsoft.fi\/?page_id=84102"},"modified":"2025-02-07T10:57:31","modified_gmt":"2025-02-07T08:57:31","slug":"link-it-properties","status":"publish","type":"page","link":"https:\/\/mpsoft.fi\/fi\/ratkaisut\/link-it-properties\/","title":{"rendered":"Link-It\u00ae Properties"},"content":{"rendered":"<div class=\"wpb-content-wrapper\"><p>[vc_row row_height_percent=&#8221;0&#8243; override_padding=&#8221;yes&#8221; h_padding=&#8221;2&#8243; top_padding=&#8221;3&#8243; bottom_padding=&#8221;2&#8243; back_color=&#8221;color-xsdn&#8221; overlay_alpha=&#8221;0&#8243; gutter_size=&#8221;3&#8243; column_width_percent=&#8221;100&#8243; shift_y=&#8221;0&#8243; z_index=&#8221;0&#8243; bottom_divider=&#8221;step_3_4&#8243; uncode_shortcode_id=&#8221;110277&#8243; back_color_type=&#8221;uncode-palette&#8221;][vc_column column_width_percent=&#8221;100&#8243; gutter_size=&#8221;3&#8243; style=&#8221;light&#8221; overlay_alpha=&#8221;50&#8243; shift_x=&#8221;0&#8243; shift_y=&#8221;0&#8243; shift_y_down=&#8221;0&#8243; z_index=&#8221;0&#8243; medium_width=&#8221;0&#8243; mobile_width=&#8221;0&#8243; width=&#8221;2\/3&#8243;][vc_custom_heading heading_semantic=&#8221;p&#8221; text_font=&#8221;font-145987&#8243; text_size=&#8221;fontsize-160000&#8243; text_weight=&#8221;600&#8243; text_height=&#8221;fontheight-179065&#8243; uncode_shortcode_id=&#8221;182240&#8243;]Seuraaville ohjelmistoille: Creo, Solidworks, Inventor, AutoCAD[\/vc_custom_heading][vc_custom_heading text_font=&#8221;font-145987&#8243; text_size=&#8221;fontsize-155944&#8243; text_weight=&#8221;600&#8243; text_height=&#8221;fontheight-179065&#8243; uncode_shortcode_id=&#8221;191305&#8243;]Link-It\u00ae Properties[\/vc_custom_heading][vc_custom_heading heading_semantic=&#8221;h1&#8243; text_font=&#8221;font-145987&#8243; text_size=&#8221;h3&#8243; text_weight=&#8221;600&#8243; text_height=&#8221;fontheight-179065&#8243; uncode_shortcode_id=&#8221;206425&#8243;]Hallitse CAD-tietoja ja automatisoi p\u00e4ivitt\u00e4iset rutiiniteht\u00e4v\u00e4t \u00e4lykk\u00e4\u00e4n ja integroitavan k\u00e4ytt\u00f6liittym\u00e4n avulla.[\/vc_custom_heading][vc_column_text uncode_shortcode_id=&#8221;174149&#8243;]Link-It\u00ae Properties tarjoaa k\u00e4ytt\u00e4j\u00e4lle \u00e4lykk\u00e4\u00e4n ja integroitavan k\u00e4ytt\u00f6liittym\u00e4n CAD-mallien ja piirustuksen ominaisuustietojen hallintaan. Se varmistaa tietojen johdonmukaisuuden ja automatisoi p\u00e4ivitt\u00e4iset rutiiniteht\u00e4v\u00e4t, parantaen laatua ja tuottavuutta.<\/p>\n<p>Link-It\u00ae Properties on joustavasti r\u00e4\u00e4t\u00e4l\u00f6it\u00e4viss\u00e4 erilaisiin tarpeisiin. Sen mukautettava tietolomake tarjoaa monipuoliset mahdollisuudet parantaa suunnittelutiedonhallinnan k\u00e4ytett\u00e4vyytt\u00e4 ja automatisointia \u2013 esimerkkein\u00e4: valikkokent\u00e4t, dynaamiset valikot, dynaamiset kentt\u00e4ominaisuudet, dynaaminen kentt\u00e4populaatio, automaattinen muotoilu ja ty\u00f6kaluvihjeet. Link-It\u00ae Properties voi muodostaa yhteyden PLM- ja ERP-j\u00e4rjestelmiin, <span lang=\"FI\">mik\u00e4 parantaa ja automatisoi tietojen jakamista j\u00e4rjestelm\u00e4ymp\u00e4rist\u00f6ss\u00e4si.<\/span>[\/vc_column_text][\/vc_column][vc_column width=&#8221;1\/3&#8243;][\/vc_column][\/vc_row][vc_row row_height_percent=&#8221;0&#8243; override_padding=&#8221;yes&#8221; h_padding=&#8221;2&#8243; top_padding=&#8221;2&#8243; bottom_padding=&#8221;2&#8243; overlay_alpha=&#8221;50&#8243; gutter_size=&#8221;3&#8243; column_width_percent=&#8221;100&#8243; shift_y=&#8221;0&#8243; z_index=&#8221;0&#8243; mobile_visibility=&#8221;yes&#8221; uncode_shortcode_id=&#8221;122337&#8243;][vc_column column_width_percent=&#8221;100&#8243; position_vertical=&#8221;middle&#8221; align_horizontal=&#8221;align_center&#8221; gutter_size=&#8221;3&#8243; overlay_alpha=&#8221;50&#8243; shift_x=&#8221;0&#8243; shift_y=&#8221;0&#8243; shift_y_down=&#8221;0&#8243; z_index=&#8221;0&#8243; medium_width=&#8221;0&#8243; mobile_width=&#8221;0&#8243; width=&#8221;1\/1&#8243;][vc_custom_heading heading_semantic=&#8221;h3&#8243; text_font=&#8221;font-145987&#8243; text_size=&#8221;h1&#8243; text_weight=&#8221;600&#8243; text_height=&#8221;fontheight-179065&#8243; uncode_shortcode_id=&#8221;213347&#8243;]Link-It\u00ae Properties hy\u00f6dyt[\/vc_custom_heading][\/vc_column][\/vc_row][vc_row unlock_row_content=&#8221;yes&#8221; row_height_percent=&#8221;0&#8243; override_padding=&#8221;yes&#8221; h_padding=&#8221;2&#8243; top_padding=&#8221;2&#8243; bottom_padding=&#8221;0&#8243; overlay_alpha=&#8221;50&#8243; equal_height=&#8221;yes&#8221; gutter_size=&#8221;3&#8243; column_width_percent=&#8221;100&#8243; shift_y=&#8221;0&#8243; z_index=&#8221;0&#8243; uncode_shortcode_id=&#8221;347725&#8243;][vc_column column_width_percent=&#8221;100&#8243; position_vertical=&#8221;middle&#8221; align_horizontal=&#8221;align_center&#8221; gutter_size=&#8221;3&#8243; overlay_alpha=&#8221;50&#8243; shift_x=&#8221;0&#8243; shift_y=&#8221;0&#8243; shift_y_down=&#8221;0&#8243; z_index=&#8221;0&#8243; medium_width=&#8221;4&#8243; mobile_visibility=&#8221;yes&#8221; mobile_width=&#8221;0&#8243; width=&#8221;1\/2&#8243; uncode_shortcode_id=&#8221;510172&#8243;][vc_single_image media=&#8221;83751&#8243; media_width_percent=&#8221;100&#8243;][\/vc_column][vc_column column_width_percent=&#8221;100&#8243; position_vertical=&#8221;middle&#8221; gutter_size=&#8221;3&#8243; overlay_alpha=&#8221;50&#8243; shift_x=&#8221;0&#8243; shift_y=&#8221;0&#8243; shift_y_down=&#8221;0&#8243; z_index=&#8221;0&#8243; medium_width=&#8221;4&#8243; mobile_width=&#8221;0&#8243; width=&#8221;1\/2&#8243; uncode_shortcode_id=&#8221;142928&#8243;][vc_custom_heading heading_semantic=&#8221;h3&#8243; text_font=&#8221;font-145987&#8243; text_size=&#8221;h1&#8243; text_weight=&#8221;600&#8243; text_height=&#8221;fontheight-179065&#8243; desktop_visibility=&#8221;yes&#8221; medium_visibility=&#8221;yes&#8221; uncode_shortcode_id=&#8221;173259&#8243;]Link-It\u00ae Properties hy\u00f6dyt[\/vc_custom_heading][vc_empty_space empty_h=&#8221;1&#8243; desktop_visibility=&#8221;yes&#8221; medium_visibility=&#8221;yes&#8221;][uncode_list icon=&#8221;fa fa-check&#8221; uncode_shortcode_id=&#8221;764590&#8243;]<\/p>\n<ul>\n<li>Paranna tuotetietojen j\u00e4ljitett\u00e4vyytt\u00e4<\/li>\n<li>Automatisoi virhealttiit rutiiniteht\u00e4v\u00e4t<\/li>\n<li>Yksinkertaista suunnittelijan tiedonhallintaty\u00f6t\u00e4<\/li>\n<li>Alhaiset kustannukset ja lyhyt takaisinmaksuaika<\/li>\n<\/ul>\n<p>[\/uncode_list][vc_empty_space empty_h=&#8221;1&#8243;][vc_column_text uncode_shortcode_id=&#8221;117018&#8243;]Link-It\u00ae Properties on saatavilla Creolle, Solidworks:ille, Inventorille ja AutoCAD:ille[\/vc_column_text][\/vc_column][\/vc_row][vc_row row_height_percent=&#8221;0&#8243; override_padding=&#8221;yes&#8221; h_padding=&#8221;2&#8243; top_padding=&#8221;4&#8243; bottom_padding=&#8221;2&#8243; overlay_alpha=&#8221;50&#8243; equal_height=&#8221;yes&#8221; gutter_size=&#8221;4&#8243; column_width_percent=&#8221;100&#8243; shift_y=&#8221;0&#8243; z_index=&#8221;0&#8243; uncode_shortcode_id=&#8221;169465&#8243;][vc_column column_width_percent=&#8221;100&#8243; gutter_size=&#8221;3&#8243; overlay_alpha=&#8221;50&#8243; shift_x=&#8221;0&#8243; shift_y=&#8221;0&#8243; shift_y_down=&#8221;0&#8243; z_index=&#8221;0&#8243; medium_width=&#8221;4&#8243; mobile_width=&#8221;0&#8243; width=&#8221;1\/2&#8243; uncode_shortcode_id=&#8221;170310&#8243;][vc_custom_heading heading_semantic=&#8221;h3&#8243; text_font=&#8221;font-145987&#8243; text_weight=&#8221;600&#8243; sub_lead=&#8221;small&#8221; subheading=&#8221;+ Kustomoitava tiedonsy\u00f6tt\u00f6lomake Creo-mallin ja piirustuksen parametreille, materiaali- ja massaominaisuuksille<br \/>\n+ BOM n\u00e4kym\u00e4 Creo-kokoonpanon komponenttien LINENUMBER-parametrin hallintaan ja BOM exportteihin<br \/>\n+ Creo-tiedostojen automaattinen nime\u00e4minen<br \/>\n+ Yhdist\u00e4 Creo-data PLM- ja ERP-j\u00e4rjestelmien kanssa&#8221; uncode_shortcode_id=&#8221;776203&#8243; text_color_type=&#8221;uncode-palette&#8221; text_color_solid=&#8221;#ff0000&#8243;]Link-It\u00ae Properties for Creo[\/vc_custom_heading][\/vc_column][vc_column column_width_percent=&#8221;100&#8243; position_vertical=&#8221;middle&#8221; gutter_size=&#8221;3&#8243; overlay_alpha=&#8221;50&#8243; shift_x=&#8221;0&#8243; shift_y=&#8221;0&#8243; shift_y_down=&#8221;0&#8243; z_index=&#8221;0&#8243; medium_width=&#8221;4&#8243; mobile_width=&#8221;0&#8243; width=&#8221;1\/2&#8243; uncode_shortcode_id=&#8221;939626&#8243;][vc_custom_heading heading_semantic=&#8221;h3&#8243; text_font=&#8221;font-145987&#8243; text_weight=&#8221;600&#8243; sub_lead=&#8221;small&#8221; subheading=&#8221;+ Kustomoitava tiedonsy\u00f6tt\u00f6lomake Solidworks -mallin ja piirustuksen custom propertyille, materiaali- ja massaominaisuuksille<br \/>\n+ Sy\u00f6tt\u00f6taulukko Solidworks -piirustuksen versiotiedoille<br \/>\n+ BOM n\u00e4kym\u00e4 Solidworks -kokoonpanon komponenttien reference number tiedon hallintaan ja BOM exportteihin<br \/>\n+ Solidworks -tiedostojen automaattinen nime\u00e4minen<br \/>\n+ Yhdist\u00e4 Solidworks -data PLM- ja ERP-j\u00e4rjestelmien kanssa&#8221; uncode_shortcode_id=&#8221;141020&#8243; text_color_type=&#8221;uncode-palette&#8221; text_color_solid=&#8221;#ff0000&#8243;]Link-It\u00ae Properties for Solidworks[\/vc_custom_heading][vc_empty_space empty_h=&#8221;2&#8243; desktop_visibility=&#8221;yes&#8221; medium_visibility=&#8221;yes&#8221;][\/vc_column][\/vc_row][vc_row row_height_percent=&#8221;0&#8243; override_padding=&#8221;yes&#8221; h_padding=&#8221;2&#8243; top_padding=&#8221;2&#8243; bottom_padding=&#8221;3&#8243; overlay_alpha=&#8221;50&#8243; equal_height=&#8221;yes&#8221; gutter_size=&#8221;4&#8243; column_width_percent=&#8221;100&#8243; shift_y=&#8221;0&#8243; z_index=&#8221;0&#8243; mobile_visibility=&#8221;yes&#8221; uncode_shortcode_id=&#8221;488454&#8243;][vc_column column_width_percent=&#8221;100&#8243; gutter_size=&#8221;3&#8243; overlay_alpha=&#8221;50&#8243; shift_x=&#8221;0&#8243; shift_y=&#8221;0&#8243; shift_y_down=&#8221;0&#8243; z_index=&#8221;0&#8243; medium_width=&#8221;4&#8243; mobile_width=&#8221;0&#8243; width=&#8221;1\/2&#8243; uncode_shortcode_id=&#8221;119266&#8243;][vc_single_image media=&#8221;84575&#8243; media_width_percent=&#8221;100&#8243; media_ratio=&#8221;sixteen-nine&#8221; uncode_shortcode_id=&#8221;644973&#8243;][\/vc_column][vc_column column_width_percent=&#8221;100&#8243; position_vertical=&#8221;middle&#8221; gutter_size=&#8221;3&#8243; overlay_alpha=&#8221;50&#8243; shift_x=&#8221;0&#8243; shift_y=&#8221;0&#8243; shift_y_down=&#8221;0&#8243; z_index=&#8221;0&#8243; medium_width=&#8221;4&#8243; mobile_width=&#8221;0&#8243; width=&#8221;1\/2&#8243; uncode_shortcode_id=&#8221;201947&#8243;][vc_single_image media=&#8221;84578&#8243; media_width_percent=&#8221;100&#8243; media_ratio=&#8221;sixteen-nine&#8221; uncode_shortcode_id=&#8221;190105&#8243;][\/vc_column][\/vc_row][vc_row row_height_percent=&#8221;0&#8243; override_padding=&#8221;yes&#8221; h_padding=&#8221;2&#8243; top_padding=&#8221;4&#8243; bottom_padding=&#8221;2&#8243; overlay_alpha=&#8221;50&#8243; equal_height=&#8221;yes&#8221; gutter_size=&#8221;4&#8243; column_width_percent=&#8221;100&#8243; shift_y=&#8221;0&#8243; z_index=&#8221;0&#8243; uncode_shortcode_id=&#8221;169465&#8243;][vc_column column_width_percent=&#8221;100&#8243; position_vertical=&#8221;middle&#8221; gutter_size=&#8221;3&#8243; overlay_alpha=&#8221;50&#8243; shift_x=&#8221;0&#8243; shift_y=&#8221;0&#8243; shift_y_down=&#8221;0&#8243; z_index=&#8221;0&#8243; medium_width=&#8221;4&#8243; mobile_width=&#8221;0&#8243; width=&#8221;1\/2&#8243; uncode_shortcode_id=&#8221;203756&#8243;][vc_custom_heading heading_semantic=&#8221;h3&#8243; text_font=&#8221;font-145987&#8243; text_weight=&#8221;600&#8243; sub_lead=&#8221;small&#8221; subheading=&#8221;+ Kustomoitava tiedonsy\u00f6tt\u00f6lomake Inventor-mallin ja piirustuksen iProperties, materiaali- ja massaominaisuuksille<br \/>\n+ Sy\u00f6tt\u00f6taulukko Inventor -piirustuksen versiotiedoille<br \/>\n+ BOM exporttaus<br \/>\n+ Inventor-tiedostojen automaattinen nime\u00e4minen<br \/>\n+ Yhdist\u00e4 Inventor-data PLM- ja ERP-j\u00e4rjestelmien kanssa&#8221; uncode_shortcode_id=&#8221;759694&#8243; text_color_type=&#8221;uncode-palette&#8221; text_color_solid=&#8221;#ff0000&#8243;]Link-It\u00ae Properties for Inventor[\/vc_custom_heading][vc_empty_space empty_h=&#8221;2&#8243; desktop_visibility=&#8221;yes&#8221; medium_visibility=&#8221;yes&#8221;][\/vc_column][vc_column column_width_percent=&#8221;100&#8243; gutter_size=&#8221;3&#8243; overlay_alpha=&#8221;50&#8243; shift_x=&#8221;0&#8243; shift_y=&#8221;0&#8243; shift_y_down=&#8221;0&#8243; z_index=&#8221;0&#8243; medium_width=&#8221;4&#8243; mobile_width=&#8221;0&#8243; width=&#8221;1\/2&#8243; uncode_shortcode_id=&#8221;485623&#8243;][vc_custom_heading heading_semantic=&#8221;h3&#8243; text_font=&#8221;font-145987&#8243; text_weight=&#8221;600&#8243; sub_lead=&#8221;small&#8221; subheading=&#8221;+ Kustomoitava tiedonsy\u00f6tt\u00f6lomake AutoCAD-piirustuksen otsikkotaulun tietoihin<br \/>\n+ BOM-n\u00e4kym\u00e4 ja kustomoitava sy\u00f6tt\u00f6lomake AutoCAD part reference attribuuteille<br \/>\n+ AutoCAD- tiedostojen automaattinen nime\u00e4minen<br \/>\n+ Yhdist\u00e4 AutoCAD-data PLM- ja ERP-j\u00e4rjestelmien kanssa&#8221; uncode_shortcode_id=&#8221;196888&#8243; text_color_type=&#8221;uncode-palette&#8221; text_color_solid=&#8221;#ff0000&#8243;]Link-It\u00ae Properties for AutoCAD[\/vc_custom_heading][vc_empty_space empty_h=&#8221;2&#8243; desktop_visibility=&#8221;yes&#8221; medium_visibility=&#8221;yes&#8221;][\/vc_column][\/vc_row][vc_row row_height_percent=&#8221;0&#8243; override_padding=&#8221;yes&#8221; h_padding=&#8221;2&#8243; top_padding=&#8221;2&#8243; bottom_padding=&#8221;3&#8243; overlay_alpha=&#8221;50&#8243; equal_height=&#8221;yes&#8221; gutter_size=&#8221;4&#8243; column_width_percent=&#8221;100&#8243; shift_y=&#8221;0&#8243; z_index=&#8221;0&#8243; mobile_visibility=&#8221;yes&#8221; uncode_shortcode_id=&#8221;100719&#8243;][vc_column column_width_percent=&#8221;100&#8243; position_vertical=&#8221;middle&#8221; gutter_size=&#8221;3&#8243; overlay_alpha=&#8221;50&#8243; shift_x=&#8221;0&#8243; shift_y=&#8221;0&#8243; shift_y_down=&#8221;0&#8243; z_index=&#8221;0&#8243; medium_width=&#8221;4&#8243; mobile_width=&#8221;0&#8243; width=&#8221;1\/2&#8243; uncode_shortcode_id=&#8221;104170&#8243;][vc_single_image media=&#8221;84618&#8243; media_width_percent=&#8221;100&#8243; media_ratio=&#8221;sixteen-nine&#8221; uncode_shortcode_id=&#8221;211455&#8243;][\/vc_column][vc_column column_width_percent=&#8221;100&#8243; gutter_size=&#8221;3&#8243; overlay_alpha=&#8221;50&#8243; shift_x=&#8221;0&#8243; shift_y=&#8221;0&#8243; shift_y_down=&#8221;0&#8243; z_index=&#8221;0&#8243; medium_width=&#8221;4&#8243; mobile_width=&#8221;0&#8243; width=&#8221;1\/2&#8243; uncode_shortcode_id=&#8221;508562&#8243;][vc_single_image media=&#8221;84587&#8243; media_width_percent=&#8221;100&#8243; media_ratio=&#8221;sixteen-nine&#8221; uncode_shortcode_id=&#8221;649375&#8243;][\/vc_column][\/vc_row][vc_row][vc_column width=&#8221;1\/1&#8243;][uncode_block id=&#8221;84295&#8243;][\/vc_column][\/vc_row][vc_row][vc_column width=&#8221;1\/1&#8243;][uncode_block id=&#8221;84046&#8243;][\/vc_column][\/vc_row]<\/p>\n<\/div>","protected":false},"excerpt":{"rendered":"<p>Manage CAD data through an intelligent and integrable user interface.<\/p>\n","protected":false},"author":1,"featured_media":84155,"parent":84016,"menu_order":0,"comment_status":"closed","ping_status":"closed","template":"","meta":{"_improvement_type_select":"improve_an_existing","_thumb_yes_seoaic":false,"_frame_yes_seoaic":false,"seoaic_generate_description":"","seoaic_improve_instructions_prompt":"","seoaic_rollback_content_improvement":"","seoaic_idea_thumbnail_generator":"","thumbnail_generated":false,"thumbnail_generate_prompt":"","seoaic_article_description":"","footnotes":""},"class_list":["post-84102","page","type-page","status-publish","has-post-thumbnail","hentry","page_category-design-quality-and-automation-suite-fi"],"yoast_head":"<!-- This site is optimized with the Yoast SEO plugin v20.4 - https:\/\/yoast.com\/wordpress\/plugins\/seo\/ -->\n<title>Link-It\u00ae Properties: Intelligent user interface for CAD data | MP Soft<\/title>\n<meta name=\"description\" content=\"Manage CAD data and automate routine tasks through an intelligent and integrable user interface. For SOLIDWORKS, Creo, Inventor, AutoCAD.\" \/>\n<meta name=\"robots\" content=\"index, follow, max-snippet:-1, max-image-preview:large, max-video-preview:-1\" \/>\n<link rel=\"canonical\" href=\"https:\/\/mpsoft.fi\/fi\/ratkaisut\/link-it-properties\/\" \/>\n<meta property=\"og:locale\" content=\"fi_FI\" \/>\n<meta property=\"og:type\" content=\"article\" \/>\n<meta property=\"og:title\" content=\"Link-It\u00ae Properties: Intelligent user interface for CAD data | MP Soft\" \/>\n<meta property=\"og:description\" content=\"Manage CAD data and automate routine tasks through an intelligent and integrable user interface. For SOLIDWORKS, Creo, Inventor, AutoCAD.\" \/>\n<meta property=\"og:url\" content=\"https:\/\/mpsoft.fi\/fi\/ratkaisut\/link-it-properties\/\" \/>\n<meta property=\"og:site_name\" content=\"MP Soft\" \/>\n<meta property=\"article:modified_time\" content=\"2025-02-07T08:57:31+00:00\" \/>\n<meta property=\"og:image\" content=\"https:\/\/mpsoft.fi\/wp-content\/uploads\/2022\/10\/Link-It_Properties.jpg\" \/>\n\t<meta property=\"og:image:width\" content=\"1920\" \/>\n\t<meta property=\"og:image:height\" content=\"1080\" \/>\n\t<meta property=\"og:image:type\" content=\"image\/jpeg\" \/>\n<meta name=\"twitter:card\" content=\"summary_large_image\" \/>\n<meta name=\"twitter:label1\" content=\"Arvioitu lukuaika\" \/>\n\t<meta name=\"twitter:data1\" content=\"3 minuuttia\" \/>\n<script type=\"application\/ld+json\" class=\"yoast-schema-graph\">{\"@context\":\"https:\/\/schema.org\",\"@graph\":[{\"@type\":\"WebPage\",\"@id\":\"https:\/\/mpsoft.fi\/fi\/ratkaisut\/link-it-properties\/\",\"url\":\"https:\/\/mpsoft.fi\/fi\/ratkaisut\/link-it-properties\/\",\"name\":\"Link-It\u00ae Properties: Intelligent user interface for CAD data | MP Soft\",\"isPartOf\":{\"@id\":\"https:\/\/mpsoft.fi\/fi\/#website\"},\"datePublished\":\"2022-11-02T15:09:38+00:00\",\"dateModified\":\"2025-02-07T08:57:31+00:00\",\"description\":\"Manage CAD data and automate routine tasks through an intelligent and integrable user interface. For SOLIDWORKS, Creo, Inventor, AutoCAD.\",\"breadcrumb\":{\"@id\":\"https:\/\/mpsoft.fi\/fi\/ratkaisut\/link-it-properties\/#breadcrumb\"},\"inLanguage\":\"fi\",\"potentialAction\":[{\"@type\":\"ReadAction\",\"target\":[\"https:\/\/mpsoft.fi\/fi\/ratkaisut\/link-it-properties\/\"]}]},{\"@type\":\"BreadcrumbList\",\"@id\":\"https:\/\/mpsoft.fi\/fi\/ratkaisut\/link-it-properties\/#breadcrumb\",\"itemListElement\":[{\"@type\":\"ListItem\",\"position\":1,\"name\":\"Home\",\"item\":\"https:\/\/mpsoft.fi\/fi\/\"},{\"@type\":\"ListItem\",\"position\":2,\"name\":\"Ratkaisut\",\"item\":\"https:\/\/mpsoft.fi\/fi\/ratkaisut\/\"},{\"@type\":\"ListItem\",\"position\":3,\"name\":\"Link-It\u00ae Properties\"}]},{\"@type\":\"WebSite\",\"@id\":\"https:\/\/mpsoft.fi\/fi\/#website\",\"url\":\"https:\/\/mpsoft.fi\/fi\/\",\"name\":\"MP Soft\",\"description\":\"IMPROVE THE QUALITY AND AUTOMATION OF YOUR PRODUCT DESIGN\",\"publisher\":{\"@id\":\"https:\/\/mpsoft.fi\/fi\/#organization\"},\"potentialAction\":[{\"@type\":\"SearchAction\",\"target\":{\"@type\":\"EntryPoint\",\"urlTemplate\":\"https:\/\/mpsoft.fi\/fi\/?s={search_term_string}\"},\"query-input\":\"required name=search_term_string\"}],\"inLanguage\":\"fi\"},{\"@type\":\"Organization\",\"@id\":\"https:\/\/mpsoft.fi\/fi\/#organization\",\"name\":\"MP Soft\",\"url\":\"https:\/\/mpsoft.fi\/fi\/\",\"logo\":{\"@type\":\"ImageObject\",\"inLanguage\":\"fi\",\"@id\":\"https:\/\/mpsoft.fi\/fi\/#\/schema\/logo\/image\/\",\"url\":\"https:\/\/mpsoft.fi\/wp-content\/uploads\/2020\/02\/Mpsoft_log.png\",\"contentUrl\":\"https:\/\/mpsoft.fi\/wp-content\/uploads\/2020\/02\/Mpsoft_log.png\",\"width\":640,\"height\":175,\"caption\":\"MP Soft\"},\"image\":{\"@id\":\"https:\/\/mpsoft.fi\/fi\/#\/schema\/logo\/image\/\"}}]}<\/script>\n<!-- \/ Yoast SEO plugin. -->","yoast_head_json":{"title":"Link-It\u00ae Properties: Intelligent user interface for CAD data | MP Soft","description":"Manage CAD data and automate routine tasks through an intelligent and integrable user interface. For SOLIDWORKS, Creo, Inventor, AutoCAD.","robots":{"index":"index","follow":"follow","max-snippet":"max-snippet:-1","max-image-preview":"max-image-preview:large","max-video-preview":"max-video-preview:-1"},"canonical":"https:\/\/mpsoft.fi\/fi\/ratkaisut\/link-it-properties\/","og_locale":"fi_FI","og_type":"article","og_title":"Link-It\u00ae Properties: Intelligent user interface for CAD data | MP Soft","og_description":"Manage CAD data and automate routine tasks through an intelligent and integrable user interface. For SOLIDWORKS, Creo, Inventor, AutoCAD.","og_url":"https:\/\/mpsoft.fi\/fi\/ratkaisut\/link-it-properties\/","og_site_name":"MP Soft","article_modified_time":"2025-02-07T08:57:31+00:00","og_image":[{"width":1920,"height":1080,"url":"https:\/\/mpsoft.fi\/wp-content\/uploads\/2022\/10\/Link-It_Properties.jpg","type":"image\/jpeg"}],"twitter_card":"summary_large_image","twitter_misc":{"Arvioitu lukuaika":"3 minuuttia"},"schema":{"@context":"https:\/\/schema.org","@graph":[{"@type":"WebPage","@id":"https:\/\/mpsoft.fi\/fi\/ratkaisut\/link-it-properties\/","url":"https:\/\/mpsoft.fi\/fi\/ratkaisut\/link-it-properties\/","name":"Link-It\u00ae Properties: Intelligent user interface for CAD data | MP Soft","isPartOf":{"@id":"https:\/\/mpsoft.fi\/fi\/#website"},"datePublished":"2022-11-02T15:09:38+00:00","dateModified":"2025-02-07T08:57:31+00:00","description":"Manage CAD data and automate routine tasks through an intelligent and integrable user interface. For SOLIDWORKS, Creo, Inventor, AutoCAD.","breadcrumb":{"@id":"https:\/\/mpsoft.fi\/fi\/ratkaisut\/link-it-properties\/#breadcrumb"},"inLanguage":"fi","potentialAction":[{"@type":"ReadAction","target":["https:\/\/mpsoft.fi\/fi\/ratkaisut\/link-it-properties\/"]}]},{"@type":"BreadcrumbList","@id":"https:\/\/mpsoft.fi\/fi\/ratkaisut\/link-it-properties\/#breadcrumb","itemListElement":[{"@type":"ListItem","position":1,"name":"Home","item":"https:\/\/mpsoft.fi\/fi\/"},{"@type":"ListItem","position":2,"name":"Ratkaisut","item":"https:\/\/mpsoft.fi\/fi\/ratkaisut\/"},{"@type":"ListItem","position":3,"name":"Link-It\u00ae Properties"}]},{"@type":"WebSite","@id":"https:\/\/mpsoft.fi\/fi\/#website","url":"https:\/\/mpsoft.fi\/fi\/","name":"MP Soft","description":"IMPROVE THE QUALITY AND AUTOMATION OF YOUR PRODUCT DESIGN","publisher":{"@id":"https:\/\/mpsoft.fi\/fi\/#organization"},"potentialAction":[{"@type":"SearchAction","target":{"@type":"EntryPoint","urlTemplate":"https:\/\/mpsoft.fi\/fi\/?s={search_term_string}"},"query-input":"required name=search_term_string"}],"inLanguage":"fi"},{"@type":"Organization","@id":"https:\/\/mpsoft.fi\/fi\/#organization","name":"MP Soft","url":"https:\/\/mpsoft.fi\/fi\/","logo":{"@type":"ImageObject","inLanguage":"fi","@id":"https:\/\/mpsoft.fi\/fi\/#\/schema\/logo\/image\/","url":"https:\/\/mpsoft.fi\/wp-content\/uploads\/2020\/02\/Mpsoft_log.png","contentUrl":"https:\/\/mpsoft.fi\/wp-content\/uploads\/2020\/02\/Mpsoft_log.png","width":640,"height":175,"caption":"MP Soft"},"image":{"@id":"https:\/\/mpsoft.fi\/fi\/#\/schema\/logo\/image\/"}}]}},"_links":{"self":[{"href":"https:\/\/mpsoft.fi\/fi\/wp-json\/wp\/v2\/pages\/84102","targetHints":{"allow":["GET"]}}],"collection":[{"href":"https:\/\/mpsoft.fi\/fi\/wp-json\/wp\/v2\/pages"}],"about":[{"href":"https:\/\/mpsoft.fi\/fi\/wp-json\/wp\/v2\/types\/page"}],"author":[{"embeddable":true,"href":"https:\/\/mpsoft.fi\/fi\/wp-json\/wp\/v2\/users\/1"}],"replies":[{"embeddable":true,"href":"https:\/\/mpsoft.fi\/fi\/wp-json\/wp\/v2\/comments?post=84102"}],"version-history":[{"count":15,"href":"https:\/\/mpsoft.fi\/fi\/wp-json\/wp\/v2\/pages\/84102\/revisions"}],"predecessor-version":[{"id":85012,"href":"https:\/\/mpsoft.fi\/fi\/wp-json\/wp\/v2\/pages\/84102\/revisions\/85012"}],"up":[{"embeddable":true,"href":"https:\/\/mpsoft.fi\/fi\/wp-json\/wp\/v2\/pages\/84016"}],"wp:featuredmedia":[{"embeddable":true,"href":"https:\/\/mpsoft.fi\/fi\/wp-json\/wp\/v2\/media\/84155"}],"wp:attachment":[{"href":"https:\/\/mpsoft.fi\/fi\/wp-json\/wp\/v2\/media?parent=84102"}],"curies":[{"name":"wp","href":"https:\/\/api.w.org\/{rel}","templated":true}]}}