{"id":84120,"date":"2022-11-02T16:53:48","date_gmt":"2022-11-02T14:53:48","guid":{"rendered":"https:\/\/mpsoft.fi\/?page_id=84120"},"modified":"2025-02-07T10:54:15","modified_gmt":"2025-02-07T08:54:15","slug":"link-it-drive","status":"publish","type":"page","link":"https:\/\/mpsoft.fi\/fi\/ratkaisut\/link-it-drive\/","title":{"rendered":"Link-It\u00ae Drive"},"content":{"rendered":"<div class=\"wpb-content-wrapper\"><p>[vc_row row_height_percent=&#8221;0&#8243; override_padding=&#8221;yes&#8221; h_padding=&#8221;2&#8243; top_padding=&#8221;3&#8243; bottom_padding=&#8221;2&#8243; back_color=&#8221;color-xsdn&#8221; overlay_alpha=&#8221;0&#8243; gutter_size=&#8221;3&#8243; column_width_percent=&#8221;100&#8243; shift_y=&#8221;0&#8243; z_index=&#8221;0&#8243; bottom_divider=&#8221;step_3_4&#8243; uncode_shortcode_id=&#8221;930980&#8243; back_color_type=&#8221;uncode-palette&#8221;][vc_column column_width_percent=&#8221;100&#8243; gutter_size=&#8221;3&#8243; style=&#8221;light&#8221; overlay_alpha=&#8221;50&#8243; shift_x=&#8221;0&#8243; shift_y=&#8221;0&#8243; shift_y_down=&#8221;0&#8243; z_index=&#8221;0&#8243; medium_width=&#8221;0&#8243; mobile_width=&#8221;0&#8243; width=&#8221;2\/3&#8243;][vc_custom_heading heading_semantic=&#8221;p&#8221; text_font=&#8221;font-145987&#8243; text_size=&#8221;fontsize-160000&#8243; text_weight=&#8221;600&#8243; text_height=&#8221;fontheight-179065&#8243; uncode_shortcode_id=&#8221;182823&#8243;]Seuraaville ohjelmistoille: Creo, Windchill Options &amp; Variants, VariPDM[\/vc_custom_heading][vc_custom_heading text_font=&#8221;font-145987&#8243; text_size=&#8221;fontsize-155944&#8243; text_weight=&#8221;600&#8243; text_height=&#8221;fontheight-179065&#8243; uncode_shortcode_id=&#8221;983520&#8243;]Link-It\u00ae Drive[\/vc_custom_heading][vc_custom_heading heading_semantic=&#8221;h1&#8243; text_font=&#8221;font-145987&#8243; text_size=&#8221;h3&#8243; text_weight=&#8221;600&#8243; text_height=&#8221;fontheight-179065&#8243; uncode_shortcode_id=&#8221;883880&#8243;]Testaa ja validoi konfiguroitavia tuotemalleja helposti 3D:ss\u00e4 tuotekehityksen aikana[\/vc_custom_heading][vc_column_text uncode_shortcode_id=&#8221;156455&#8243;]Link-It\u00ae Drive tarjoaa intuitiivisen ja tehokkaan k\u00e4ytt\u00f6liittym\u00e4n tuotteen konfigurointis\u00e4\u00e4nn\u00f6st\u00f6\u00f6n PLM-tuotekonfiguraattorissa sek\u00e4 mahdollisuuden konfiguroida 3D-yksil\u00f6it\u00e4 PLM-konfiguraattorin s\u00e4\u00e4nt\u00f6kannan avulla.<\/p>\n<p>Link-It\u00ae Driven avulla k\u00e4ytt\u00e4j\u00e4 hallitsee paremmin konfigurointis\u00e4\u00e4nt\u00f6j\u00e4 ja s\u00e4\u00e4st\u00e4\u00e4 aikaa suorittamalla automaattisesti aikaa vievi\u00e4 rutiiniteht\u00e4vi\u00e4. Link-It\u00ae Driven avulla on helppo testata ja validoida konfiguroitavia tuotemalleja 3D-muodossa tuotekehityksen aikana. T\u00e4m\u00e4 nopeuttaa kehitysprosessia ja parantaa konfiguroitavien tuotemalliesi yleist\u00e4 laatua.[\/vc_column_text][\/vc_column][vc_column width=&#8221;1\/3&#8243;][\/vc_column][\/vc_row][vc_row row_height_percent=&#8221;0&#8243; override_padding=&#8221;yes&#8221; h_padding=&#8221;2&#8243; top_padding=&#8221;4&#8243; bottom_padding=&#8221;2&#8243; overlay_alpha=&#8221;50&#8243; gutter_size=&#8221;3&#8243; column_width_percent=&#8221;100&#8243; shift_y=&#8221;0&#8243; z_index=&#8221;0&#8243; mobile_visibility=&#8221;yes&#8221; uncode_shortcode_id=&#8221;100498&#8243;][vc_column column_width_percent=&#8221;100&#8243; position_vertical=&#8221;middle&#8221; align_horizontal=&#8221;align_center&#8221; gutter_size=&#8221;3&#8243; overlay_alpha=&#8221;50&#8243; shift_x=&#8221;0&#8243; shift_y=&#8221;0&#8243; shift_y_down=&#8221;0&#8243; z_index=&#8221;0&#8243; medium_width=&#8221;0&#8243; align_mobile=&#8221;align_left_mobile&#8221; mobile_width=&#8221;0&#8243; width=&#8221;1\/1&#8243; uncode_shortcode_id=&#8221;579594&#8243;][vc_custom_heading heading_semantic=&#8221;h3&#8243; text_font=&#8221;font-145987&#8243; text_size=&#8221;h1&#8243; text_weight=&#8221;600&#8243; text_height=&#8221;fontheight-179065&#8243; uncode_shortcode_id=&#8221;191620&#8243;]Link-It\u00ae Drive hy\u00f6dyt[\/vc_custom_heading][\/vc_column][\/vc_row][vc_row unlock_row_content=&#8221;yes&#8221; row_height_percent=&#8221;0&#8243; override_padding=&#8221;yes&#8221; h_padding=&#8221;2&#8243; top_padding=&#8221;2&#8243; bottom_padding=&#8221;0&#8243; overlay_alpha=&#8221;50&#8243; equal_height=&#8221;yes&#8221; gutter_size=&#8221;3&#8243; column_width_percent=&#8221;100&#8243; shift_y=&#8221;0&#8243; z_index=&#8221;0&#8243; uncode_shortcode_id=&#8221;337964&#8243;][vc_column column_width_percent=&#8221;100&#8243; position_vertical=&#8221;middle&#8221; align_horizontal=&#8221;align_center&#8221; gutter_size=&#8221;3&#8243; overlay_alpha=&#8221;50&#8243; shift_x=&#8221;0&#8243; shift_y=&#8221;0&#8243; shift_y_down=&#8221;0&#8243; z_index=&#8221;0&#8243; medium_width=&#8221;4&#8243; mobile_visibility=&#8221;yes&#8221; mobile_width=&#8221;0&#8243; width=&#8221;1\/2&#8243; mobile_height=&#8221;340&#8243; uncode_shortcode_id=&#8221;670305&#8243;][vc_single_image media=&#8221;84204&#8243; media_width_percent=&#8221;100&#8243; uncode_shortcode_id=&#8221;501046&#8243;][\/vc_column][vc_column column_width_percent=&#8221;100&#8243; position_vertical=&#8221;middle&#8221; gutter_size=&#8221;3&#8243; overlay_alpha=&#8221;50&#8243; shift_x=&#8221;0&#8243; shift_y=&#8221;0&#8243; shift_y_down=&#8221;0&#8243; z_index=&#8221;0&#8243; medium_width=&#8221;4&#8243; align_mobile=&#8221;align_left_mobile&#8221; mobile_width=&#8221;0&#8243; width=&#8221;1\/2&#8243; uncode_shortcode_id=&#8221;111616&#8243;][vc_custom_heading heading_semantic=&#8221;h3&#8243; text_font=&#8221;font-145987&#8243; text_size=&#8221;h1&#8243; text_weight=&#8221;600&#8243; text_height=&#8221;fontheight-179065&#8243; desktop_visibility=&#8221;yes&#8221; medium_visibility=&#8221;yes&#8221; uncode_shortcode_id=&#8221;194261&#8243;]Link-It\u00ae Drive hy\u00f6dyt[\/vc_custom_heading][vc_empty_space empty_h=&#8221;1&#8243; desktop_visibility=&#8221;yes&#8221; medium_visibility=&#8221;yes&#8221;][uncode_list icon=&#8221;fa fa-check&#8221; uncode_shortcode_id=&#8221;195565&#8243;]<\/p>\n<ul>\n<li><span lang=\"FI\">Hallitse ja hahmota paremmin tuotteen konfigurointis\u00e4\u00e4nn\u00f6st\u00f6\u00e4<\/span><\/li>\n<li>Automatisoi virhealttiit ja aikaa viev\u00e4t rutiiniteht\u00e4v\u00e4t<\/li>\n<li>Paranna konfiguroitavan tuotteen digitaalisen mallin laatua<\/li>\n<li>Sulje CAD- ja PLM-tuotekonfiguraattorin v\u00e4linen kuilu<\/li>\n<\/ul>\n<p>[\/uncode_list][vc_column_text uncode_shortcode_id=&#8221;709769&#8243;]Link-It\u00ae Drive on saatavilla Creolle ja seuraaville PLM-tuotekonfiguraattoreille: Windchill Options &amp; Variants, VariPDM[\/vc_column_text][\/vc_column][\/vc_row][vc_row][vc_column width=&#8221;1\/1&#8243;][uncode_block id=&#8221;84295&#8243;][\/vc_column][\/vc_row][vc_row][vc_column width=&#8221;1\/1&#8243;][uncode_block id=&#8221;84046&#8243;][\/vc_column][\/vc_row]<\/p>\n<\/div>","protected":false},"excerpt":{"rendered":"<p>Easily test and validate configurable product models in 3D during product development<\/p>\n","protected":false},"author":1,"featured_media":84149,"parent":84016,"menu_order":0,"comment_status":"closed","ping_status":"closed","template":"","meta":{"_improvement_type_select":"improve_an_existing","_thumb_yes_seoaic":false,"_frame_yes_seoaic":false,"seoaic_generate_description":"","seoaic_improve_instructions_prompt":"","seoaic_rollback_content_improvement":"","seoaic_idea_thumbnail_generator":"","thumbnail_generated":false,"thumbnail_generate_prompt":"","seoaic_article_description":"","footnotes":""},"class_list":["post-84120","page","type-page","status-publish","has-post-thumbnail","hentry","page_category-other-productivity-tools-fi"],"yoast_head":"<!-- This site is optimized with the Yoast SEO plugin v20.4 - https:\/\/yoast.com\/wordpress\/plugins\/seo\/ -->\n<title>Link-It\u00ae Drive: Test configurable product models in 3D | MP Soft<\/title>\n<meta name=\"description\" content=\"Test and validate configurable product models in 3D during product development with user interfaces in PLM product configurator. For Creo.\" \/>\n<meta name=\"robots\" content=\"index, follow, max-snippet:-1, max-image-preview:large, max-video-preview:-1\" \/>\n<link rel=\"canonical\" href=\"https:\/\/mpsoft.fi\/fi\/ratkaisut\/link-it-drive\/\" \/>\n<meta property=\"og:locale\" content=\"fi_FI\" \/>\n<meta property=\"og:type\" content=\"article\" \/>\n<meta property=\"og:title\" content=\"Link-It\u00ae Drive: Test configurable product models in 3D | MP Soft\" \/>\n<meta property=\"og:description\" content=\"Test and validate configurable product models in 3D during product development with user interfaces in PLM product configurator. For Creo.\" \/>\n<meta property=\"og:url\" content=\"https:\/\/mpsoft.fi\/fi\/ratkaisut\/link-it-drive\/\" \/>\n<meta property=\"og:site_name\" content=\"MP Soft\" \/>\n<meta property=\"article:modified_time\" content=\"2025-02-07T08:54:15+00:00\" \/>\n<meta property=\"og:image\" content=\"https:\/\/mpsoft.fi\/wp-content\/uploads\/2022\/10\/Link-it-Drive.jpg\" \/>\n\t<meta property=\"og:image:width\" content=\"1920\" \/>\n\t<meta property=\"og:image:height\" content=\"1080\" \/>\n\t<meta property=\"og:image:type\" content=\"image\/jpeg\" \/>\n<meta name=\"twitter:card\" content=\"summary_large_image\" \/>\n<meta name=\"twitter:label1\" content=\"Arvioitu lukuaika\" \/>\n\t<meta name=\"twitter:data1\" content=\"2 minuuttia\" \/>\n<script type=\"application\/ld+json\" class=\"yoast-schema-graph\">{\"@context\":\"https:\/\/schema.org\",\"@graph\":[{\"@type\":\"WebPage\",\"@id\":\"https:\/\/mpsoft.fi\/fi\/ratkaisut\/link-it-drive\/\",\"url\":\"https:\/\/mpsoft.fi\/fi\/ratkaisut\/link-it-drive\/\",\"name\":\"Link-It\u00ae Drive: Test configurable product models in 3D | MP Soft\",\"isPartOf\":{\"@id\":\"https:\/\/mpsoft.fi\/fi\/#website\"},\"datePublished\":\"2022-11-02T14:53:48+00:00\",\"dateModified\":\"2025-02-07T08:54:15+00:00\",\"description\":\"Test and validate configurable product models in 3D during product development with user interfaces in PLM product configurator. For Creo.\",\"breadcrumb\":{\"@id\":\"https:\/\/mpsoft.fi\/fi\/ratkaisut\/link-it-drive\/#breadcrumb\"},\"inLanguage\":\"fi\",\"potentialAction\":[{\"@type\":\"ReadAction\",\"target\":[\"https:\/\/mpsoft.fi\/fi\/ratkaisut\/link-it-drive\/\"]}]},{\"@type\":\"BreadcrumbList\",\"@id\":\"https:\/\/mpsoft.fi\/fi\/ratkaisut\/link-it-drive\/#breadcrumb\",\"itemListElement\":[{\"@type\":\"ListItem\",\"position\":1,\"name\":\"Home\",\"item\":\"https:\/\/mpsoft.fi\/fi\/\"},{\"@type\":\"ListItem\",\"position\":2,\"name\":\"Ratkaisut\",\"item\":\"https:\/\/mpsoft.fi\/fi\/ratkaisut\/\"},{\"@type\":\"ListItem\",\"position\":3,\"name\":\"Link-It\u00ae Drive\"}]},{\"@type\":\"WebSite\",\"@id\":\"https:\/\/mpsoft.fi\/fi\/#website\",\"url\":\"https:\/\/mpsoft.fi\/fi\/\",\"name\":\"MP Soft\",\"description\":\"IMPROVE THE QUALITY AND AUTOMATION OF YOUR PRODUCT DESIGN\",\"publisher\":{\"@id\":\"https:\/\/mpsoft.fi\/fi\/#organization\"},\"potentialAction\":[{\"@type\":\"SearchAction\",\"target\":{\"@type\":\"EntryPoint\",\"urlTemplate\":\"https:\/\/mpsoft.fi\/fi\/?s={search_term_string}\"},\"query-input\":\"required name=search_term_string\"}],\"inLanguage\":\"fi\"},{\"@type\":\"Organization\",\"@id\":\"https:\/\/mpsoft.fi\/fi\/#organization\",\"name\":\"MP Soft\",\"url\":\"https:\/\/mpsoft.fi\/fi\/\",\"logo\":{\"@type\":\"ImageObject\",\"inLanguage\":\"fi\",\"@id\":\"https:\/\/mpsoft.fi\/fi\/#\/schema\/logo\/image\/\",\"url\":\"https:\/\/mpsoft.fi\/wp-content\/uploads\/2020\/02\/Mpsoft_log.png\",\"contentUrl\":\"https:\/\/mpsoft.fi\/wp-content\/uploads\/2020\/02\/Mpsoft_log.png\",\"width\":640,\"height\":175,\"caption\":\"MP Soft\"},\"image\":{\"@id\":\"https:\/\/mpsoft.fi\/fi\/#\/schema\/logo\/image\/\"}}]}<\/script>\n<!-- \/ Yoast SEO plugin. -->","yoast_head_json":{"title":"Link-It\u00ae Drive: Test configurable product models in 3D | MP Soft","description":"Test and validate configurable product models in 3D during product development with user interfaces in PLM product configurator. For Creo.","robots":{"index":"index","follow":"follow","max-snippet":"max-snippet:-1","max-image-preview":"max-image-preview:large","max-video-preview":"max-video-preview:-1"},"canonical":"https:\/\/mpsoft.fi\/fi\/ratkaisut\/link-it-drive\/","og_locale":"fi_FI","og_type":"article","og_title":"Link-It\u00ae Drive: Test configurable product models in 3D | MP Soft","og_description":"Test and validate configurable product models in 3D during product development with user interfaces in PLM product configurator. For Creo.","og_url":"https:\/\/mpsoft.fi\/fi\/ratkaisut\/link-it-drive\/","og_site_name":"MP Soft","article_modified_time":"2025-02-07T08:54:15+00:00","og_image":[{"width":1920,"height":1080,"url":"https:\/\/mpsoft.fi\/wp-content\/uploads\/2022\/10\/Link-it-Drive.jpg","type":"image\/jpeg"}],"twitter_card":"summary_large_image","twitter_misc":{"Arvioitu lukuaika":"2 minuuttia"},"schema":{"@context":"https:\/\/schema.org","@graph":[{"@type":"WebPage","@id":"https:\/\/mpsoft.fi\/fi\/ratkaisut\/link-it-drive\/","url":"https:\/\/mpsoft.fi\/fi\/ratkaisut\/link-it-drive\/","name":"Link-It\u00ae Drive: Test configurable product models in 3D | MP Soft","isPartOf":{"@id":"https:\/\/mpsoft.fi\/fi\/#website"},"datePublished":"2022-11-02T14:53:48+00:00","dateModified":"2025-02-07T08:54:15+00:00","description":"Test and validate configurable product models in 3D during product development with user interfaces in PLM product configurator. For Creo.","breadcrumb":{"@id":"https:\/\/mpsoft.fi\/fi\/ratkaisut\/link-it-drive\/#breadcrumb"},"inLanguage":"fi","potentialAction":[{"@type":"ReadAction","target":["https:\/\/mpsoft.fi\/fi\/ratkaisut\/link-it-drive\/"]}]},{"@type":"BreadcrumbList","@id":"https:\/\/mpsoft.fi\/fi\/ratkaisut\/link-it-drive\/#breadcrumb","itemListElement":[{"@type":"ListItem","position":1,"name":"Home","item":"https:\/\/mpsoft.fi\/fi\/"},{"@type":"ListItem","position":2,"name":"Ratkaisut","item":"https:\/\/mpsoft.fi\/fi\/ratkaisut\/"},{"@type":"ListItem","position":3,"name":"Link-It\u00ae Drive"}]},{"@type":"WebSite","@id":"https:\/\/mpsoft.fi\/fi\/#website","url":"https:\/\/mpsoft.fi\/fi\/","name":"MP Soft","description":"IMPROVE THE QUALITY AND AUTOMATION OF YOUR PRODUCT DESIGN","publisher":{"@id":"https:\/\/mpsoft.fi\/fi\/#organization"},"potentialAction":[{"@type":"SearchAction","target":{"@type":"EntryPoint","urlTemplate":"https:\/\/mpsoft.fi\/fi\/?s={search_term_string}"},"query-input":"required name=search_term_string"}],"inLanguage":"fi"},{"@type":"Organization","@id":"https:\/\/mpsoft.fi\/fi\/#organization","name":"MP Soft","url":"https:\/\/mpsoft.fi\/fi\/","logo":{"@type":"ImageObject","inLanguage":"fi","@id":"https:\/\/mpsoft.fi\/fi\/#\/schema\/logo\/image\/","url":"https:\/\/mpsoft.fi\/wp-content\/uploads\/2020\/02\/Mpsoft_log.png","contentUrl":"https:\/\/mpsoft.fi\/wp-content\/uploads\/2020\/02\/Mpsoft_log.png","width":640,"height":175,"caption":"MP Soft"},"image":{"@id":"https:\/\/mpsoft.fi\/fi\/#\/schema\/logo\/image\/"}}]}},"_links":{"self":[{"href":"https:\/\/mpsoft.fi\/fi\/wp-json\/wp\/v2\/pages\/84120","targetHints":{"allow":["GET"]}}],"collection":[{"href":"https:\/\/mpsoft.fi\/fi\/wp-json\/wp\/v2\/pages"}],"about":[{"href":"https:\/\/mpsoft.fi\/fi\/wp-json\/wp\/v2\/types\/page"}],"author":[{"embeddable":true,"href":"https:\/\/mpsoft.fi\/fi\/wp-json\/wp\/v2\/users\/1"}],"replies":[{"embeddable":true,"href":"https:\/\/mpsoft.fi\/fi\/wp-json\/wp\/v2\/comments?post=84120"}],"version-history":[{"count":8,"href":"https:\/\/mpsoft.fi\/fi\/wp-json\/wp\/v2\/pages\/84120\/revisions"}],"predecessor-version":[{"id":85008,"href":"https:\/\/mpsoft.fi\/fi\/wp-json\/wp\/v2\/pages\/84120\/revisions\/85008"}],"up":[{"embeddable":true,"href":"https:\/\/mpsoft.fi\/fi\/wp-json\/wp\/v2\/pages\/84016"}],"wp:featuredmedia":[{"embeddable":true,"href":"https:\/\/mpsoft.fi\/fi\/wp-json\/wp\/v2\/media\/84149"}],"wp:attachment":[{"href":"https:\/\/mpsoft.fi\/fi\/wp-json\/wp\/v2\/media?parent=84120"}],"curies":[{"name":"wp","href":"https:\/\/api.w.org\/{rel}","templated":true}]}}