{"id":84328,"date":"2022-12-05T18:57:52","date_gmt":"2022-12-05T16:57:52","guid":{"rendered":"https:\/\/mpsoft.fi\/?page_id=84328"},"modified":"2025-02-10T17:04:27","modified_gmt":"2025-02-10T15:04:27","slug":"autocad","status":"publish","type":"page","link":"https:\/\/mpsoft.fi\/fi\/autocad\/","title":{"rendered":"AutoCAD"},"content":{"rendered":"<div class=\"wpb-content-wrapper\"><p>[vc_row row_height_percent=&#8221;0&#8243; override_padding=&#8221;yes&#8221; h_padding=&#8221;2&#8243; top_padding=&#8221;3&#8243; bottom_padding=&#8221;3&#8243; back_color=&#8221;color-xsdn&#8221; overlay_alpha=&#8221;0&#8243; gutter_size=&#8221;3&#8243; column_width_percent=&#8221;100&#8243; shift_y=&#8221;0&#8243; z_index=&#8221;0&#8243; bottom_divider=&#8221;step_3_4&#8243;][vc_column column_width_percent=&#8221;100&#8243; gutter_size=&#8221;3&#8243; style=&#8221;light&#8221; overlay_alpha=&#8221;50&#8243; shift_x=&#8221;0&#8243; shift_y=&#8221;0&#8243; shift_y_down=&#8221;0&#8243; z_index=&#8221;0&#8243; medium_width=&#8221;0&#8243; mobile_width=&#8221;0&#8243; width=&#8221;2\/3&#8243;][vc_custom_heading heading_semantic=&#8221;h3&#8243; text_font=&#8221;font-145987&#8243; text_size=&#8221;fontsize-160000&#8243; text_weight=&#8221;600&#8243; text_height=&#8221;fontheight-179065&#8243; uncode_shortcode_id=&#8221;138306&#8243;]AutoCAD automaatioratkaisut[\/vc_custom_heading][vc_custom_heading heading_semantic=&#8221;h3&#8243; text_font=&#8221;font-145987&#8243; text_size=&#8221;fontsize-155944&#8243; text_weight=&#8221;600&#8243; text_height=&#8221;fontheight-179065&#8243; uncode_shortcode_id=&#8221;154629&#8243;]Paranna tuottavuutta, automaatiota ja tuotesuunnittelun laatua Link-It\u00ae for AutoCAD:lla.[\/vc_custom_heading][vc_column_text uncode_shortcode_id=&#8221;196354&#8243;]<span class=\"font-377884\">Kiire ja produktiivisuus ovat kaksi eri asiaa. Link-It\u00ae tuoteperhe on suunniteltu tekem\u00e4\u00e4n AutoCAD ohjelmistostasi ja suunnitteluprosessistasi nopeamman ja tarkemman. Optimoi prosesseja ja automatisoi suunnitteluty\u00f6t\u00e4 kustannustehokkaasti \u2013 samalla v\u00e4henn\u00e4t toistoa vaativien teht\u00e4vien m\u00e4\u00e4r\u00e4\u00e4, s\u00e4\u00e4st\u00e4t aikaa ja autat suunnittelijoitasi keskittym\u00e4\u00e4n olennaiseen.<\/span><\/p>\n<p><span class=\"font-377884\"><span style=\"font-weight: 400;\">\u00a0<\/span><\/span>[\/vc_column_text][vc_column_text uncode_shortcode_id=&#8221;193068&#8243;]<strong>Make your AutoCAD workflow better with Link-It\u00ae.<\/strong>[\/vc_column_text][\/vc_column][vc_column column_width_percent=&#8221;100&#8243; position_vertical=&#8221;middle&#8221; gutter_size=&#8221;3&#8243; overlay_alpha=&#8221;50&#8243; shift_x=&#8221;0&#8243; shift_y=&#8221;0&#8243; shift_y_down=&#8221;0&#8243; z_index=&#8221;0&#8243; medium_width=&#8221;0&#8243; mobile_width=&#8221;0&#8243; width=&#8221;1\/3&#8243; uncode_shortcode_id=&#8221;371060&#8243;][vc_single_image media=&#8221;84308&#8243; media_width_percent=&#8221;60&#8243; uncode_shortcode_id=&#8221;198442&#8243;][\/vc_column][\/vc_row][vc_row row_height_percent=&#8221;0&#8243; override_padding=&#8221;yes&#8221; h_padding=&#8221;3&#8243; top_padding=&#8221;5&#8243; bottom_padding=&#8221;3&#8243; overlay_alpha=&#8221;100&#8243; gutter_size=&#8221;4&#8243; column_width_percent=&#8221;100&#8243; shift_y=&#8221;0&#8243; z_index=&#8221;0&#8243; style=&#8221;inherited&#8221; uncode_shortcode_id=&#8221;630583&#8243; row_name=&#8221;next&#8221;][vc_column column_width_percent=&#8221;100&#8243; position_vertical=&#8221;middle&#8221; align_horizontal=&#8221;align_center&#8221; gutter_size=&#8221;3&#8243; style=&#8221;light&#8221; overlay_alpha=&#8221;50&#8243; shift_x=&#8221;0&#8243; shift_y=&#8221;0&#8243; shift_y_down=&#8221;0&#8243; z_index=&#8221;0&#8243; medium_width=&#8221;0&#8243; mobile_width=&#8221;0&#8243; zoom_width=&#8221;0&#8243; zoom_height=&#8221;0&#8243; width=&#8221;1\/2&#8243; uncode_shortcode_id=&#8221;774242&#8243;][vc_single_image media=&#8221;84038&#8243; media_width_percent=&#8221;100&#8243; uncode_shortcode_id=&#8221;188159&#8243;][\/vc_column][vc_column column_width_percent=&#8221;80&#8243; position_vertical=&#8221;middle&#8221; gutter_size=&#8221;3&#8243; overlay_alpha=&#8221;50&#8243; shift_x=&#8221;0&#8243; shift_y=&#8221;0&#8243; shift_y_down=&#8221;0&#8243; z_index=&#8221;0&#8243; medium_width=&#8221;0&#8243; mobile_width=&#8221;0&#8243; width=&#8221;1\/2&#8243; uncode_shortcode_id=&#8221;203655&#8243;][vc_custom_heading text_font=&#8221;font-145987&#8243; text_weight=&#8221;600&#8243; uncode_shortcode_id=&#8221;464365&#8243;]Link-It\u00ae for AutoCAD[\/vc_custom_heading][vc_column_text uncode_shortcode_id=&#8221;238878&#8243;]Edes tarkimmat ohjeistukset ja prosessit eiv\u00e4t takaa haluttua tulosta jos loppuk\u00e4ytt\u00e4j\u00e4n ohjelmisto tekee ty\u00f6n hallinnasta hankalaa.<\/p>\n<p>Link-It\u00ae for AutoCAD varmistaa johdonmukaisen ja j\u00e4sennellyn tavan ty\u00f6skennell\u00e4 Creo-datan kanssa. Automatisoi virhealttiit rutiiniteht\u00e4v\u00e4si Link-Itin\u00ae avulla ja tee k\u00e4ytt\u00e4jien helpoksi hallita tarkkoja ja johdonmukaisia \u200b\u200btietoja AutoCAD-tiedostoissa.[\/vc_column_text][vc_empty_space empty_h=&#8221;2&#8243;][vc_button button_color=&#8221;color-jevc&#8221; size=&#8221;link&#8221; btn_link_size=&#8221;h5&#8243; btn_link_underline=&#8221;btn-underline-out&#8221; custom_typo=&#8221;yes&#8221; font_family=&#8221;font-145987&#8243; font_weight=&#8221;600&#8243; icon_position=&#8221;right&#8221; display=&#8221;inline&#8221; link=&#8221;url:https%3A%2F%2Fmpsoft.fi%2Ffi%2Flataa-link-it%2F|title:Downloads&#8221; button_color_type=&#8221;uncode-palette&#8221; uncode_shortcode_id=&#8221;237497&#8243; icon=&#8221;fa fa-arrow-right2&#8243;]Kokeile ilmaiseksi[\/vc_button][vc_button button_color=&#8221;color-jevc&#8221; size=&#8221;link&#8221; btn_link_size=&#8221;h5&#8243; btn_link_underline=&#8221;btn-underline-out&#8221; custom_typo=&#8221;yes&#8221; font_family=&#8221;font-145987&#8243; font_weight=&#8221;600&#8243; icon_position=&#8221;right&#8221; display=&#8221;inline&#8221; link=&#8221;url:%23contact|title:Learn%20more&#8221; button_color_type=&#8221;uncode-palette&#8221; uncode_shortcode_id=&#8221;106826&#8243; icon=&#8221;fa fa-arrow-right2&#8243;]Ota yhteytt\u00e4[\/vc_button][\/vc_column][\/vc_row][vc_row row_height_percent=&#8221;0&#8243; override_padding=&#8221;yes&#8221; h_padding=&#8221;3&#8243; top_padding=&#8221;5&#8243; bottom_padding=&#8221;3&#8243; overlay_alpha=&#8221;100&#8243; gutter_size=&#8221;4&#8243; column_width_percent=&#8221;100&#8243; shift_y=&#8221;0&#8243; z_index=&#8221;0&#8243; style=&#8221;inherited&#8221; uncode_shortcode_id=&#8221;630583&#8243; row_name=&#8221;next&#8221;][vc_column column_width_percent=&#8221;80&#8243; position_vertical=&#8221;middle&#8221; gutter_size=&#8221;3&#8243; overlay_alpha=&#8221;50&#8243; shift_x=&#8221;0&#8243; shift_y=&#8221;0&#8243; shift_y_down=&#8221;0&#8243; z_index=&#8221;0&#8243; medium_width=&#8221;0&#8243; mobile_width=&#8221;0&#8243; width=&#8221;1\/2&#8243; uncode_shortcode_id=&#8221;203655&#8243;][vc_custom_heading text_font=&#8221;font-145987&#8243; text_weight=&#8221;600&#8243; uncode_shortcode_id=&#8221;198674&#8243;]Link-It\u00ae Properties for AutoCAD[\/vc_custom_heading][vc_column_text uncode_shortcode_id=&#8221;109460&#8243;]Link-It\u00ae Properties tarjoaa k\u00e4ytt\u00e4j\u00e4lle \u00e4lykk\u00e4\u00e4n ja integroitavan k\u00e4ytt\u00f6liittym\u00e4n CAD-mallien ja piirustuksen ominaisuustietojen hallintaan. Se varmistaa tietojen johdonmukaisuuden ja automatisoi p\u00e4ivitt\u00e4iset rutiiniteht\u00e4v\u00e4t, parantaen laatua ja tuottavuutta.<\/p>\n<p>Link-It\u00ae Properties on joustavasti r\u00e4\u00e4t\u00e4l\u00f6it\u00e4viss\u00e4 erilaisiin tarpeisiin. Sen mukautettava tietolomake tarjoaa monipuoliset mahdollisuudet parantaa suunnittelutiedonhallinnan k\u00e4ytett\u00e4vyytt\u00e4 ja automatisointia \u2013 esimerkkein\u00e4: valikkokent\u00e4t, dynaamiset valikot, dynaamiset kentt\u00e4ominaisuudet, dynaaminen kentt\u00e4populaatio, automaattinen muotoilu ja ty\u00f6kaluvihjeet. Link-It\u00ae Properties voi my\u00f6s muodostaa yhteyden PLM- ja ERP-j\u00e4rjestelmiin, <span lang=\"FI\">mik\u00e4 parantaa ja automatisoi tietojen jakamista j\u00e4rjestelm\u00e4ymp\u00e4rist\u00f6ss\u00e4si.<\/span>[\/vc_column_text][uncode_list icon=&#8221;fa fa-check&#8221; uncode_shortcode_id=&#8221;175725&#8243;]<\/p>\n<ul>\n<li>Mukautettavat sy\u00f6tt\u00f6kent\u00e4t AutoCAD-mallin ja piirustuksen parametreille, materiaali- ja massaominaisuuksille<\/li>\n<li>BOM n\u00e4kym\u00e4 AutoCAD-kokoonpanon komponenttien LINENUMBER-parametrin hallintaan ja BOM exporttaus<\/li>\n<li>AutoCAD-tiedostojen automaattinen nime\u00e4minen<\/li>\n<li>Yhdist\u00e4 AutoCAD-data PLM- ja ERP-j\u00e4rjestelmien kanssa<\/li>\n<\/ul>\n<p>[\/uncode_list][vc_empty_space empty_h=&#8221;2&#8243;][vc_button button_color=&#8221;color-jevc&#8221; size=&#8221;link&#8221; btn_link_size=&#8221;h5&#8243; btn_link_underline=&#8221;btn-underline-out&#8221; custom_typo=&#8221;yes&#8221; font_family=&#8221;font-145987&#8243; font_weight=&#8221;600&#8243; icon_position=&#8221;right&#8221; display=&#8221;inline&#8221; link=&#8221;url:https%3A%2F%2Fmpsoft.fi%2Ffi%2Flataa-link-it%2F|title:Downloads&#8221; button_color_type=&#8221;uncode-palette&#8221; uncode_shortcode_id=&#8221;237497&#8243; icon=&#8221;fa fa-arrow-right2&#8243;]Kokeile ilmaiseksi[\/vc_button][vc_button button_color=&#8221;color-jevc&#8221; size=&#8221;link&#8221; btn_link_size=&#8221;h5&#8243; btn_link_underline=&#8221;btn-underline-out&#8221; custom_typo=&#8221;yes&#8221; font_family=&#8221;font-145987&#8243; font_weight=&#8221;600&#8243; icon_position=&#8221;right&#8221; display=&#8221;inline&#8221; link=&#8221;url:%23contact|title:Learn%20more&#8221; button_color_type=&#8221;uncode-palette&#8221; uncode_shortcode_id=&#8221;106826&#8243; icon=&#8221;fa fa-arrow-right2&#8243;]Ota yhteytt\u00e4[\/vc_button][\/vc_column][vc_column column_width_percent=&#8221;100&#8243; position_vertical=&#8221;middle&#8221; align_horizontal=&#8221;align_center&#8221; gutter_size=&#8221;3&#8243; style=&#8221;light&#8221; overlay_alpha=&#8221;50&#8243; shift_x=&#8221;0&#8243; shift_y=&#8221;0&#8243; shift_y_down=&#8221;0&#8243; z_index=&#8221;0&#8243; medium_width=&#8221;0&#8243; mobile_visibility=&#8221;yes&#8221; mobile_width=&#8221;0&#8243; zoom_width=&#8221;0&#8243; zoom_height=&#8221;0&#8243; width=&#8221;1\/2&#8243; uncode_shortcode_id=&#8221;150343&#8243;][vc_single_image media=&#8221;84041&#8243; media_width_percent=&#8221;100&#8243; uncode_shortcode_id=&#8221;639105&#8243;][\/vc_column][\/vc_row][vc_row row_height_percent=&#8221;0&#8243; override_padding=&#8221;yes&#8221; h_padding=&#8221;3&#8243; top_padding=&#8221;5&#8243; bottom_padding=&#8221;3&#8243; overlay_alpha=&#8221;100&#8243; gutter_size=&#8221;4&#8243; column_width_percent=&#8221;100&#8243; shift_y=&#8221;0&#8243; z_index=&#8221;0&#8243; style=&#8221;inherited&#8221; uncode_shortcode_id=&#8221;630583&#8243; row_name=&#8221;next&#8221;][vc_column column_width_percent=&#8221;100&#8243; position_vertical=&#8221;middle&#8221; align_horizontal=&#8221;align_center&#8221; gutter_size=&#8221;3&#8243; style=&#8221;light&#8221; overlay_alpha=&#8221;50&#8243; shift_x=&#8221;0&#8243; shift_y=&#8221;0&#8243; shift_y_down=&#8221;0&#8243; z_index=&#8221;0&#8243; medium_width=&#8221;0&#8243; mobile_width=&#8221;0&#8243; zoom_width=&#8221;0&#8243; zoom_height=&#8221;0&#8243; width=&#8221;1\/2&#8243; uncode_shortcode_id=&#8221;774242&#8243;][vc_single_image media=&#8221;82636&#8243; media_width_percent=&#8221;100&#8243; uncode_shortcode_id=&#8221;277062&#8243;][\/vc_column][vc_column column_width_percent=&#8221;80&#8243; position_vertical=&#8221;middle&#8221; gutter_size=&#8221;3&#8243; overlay_alpha=&#8221;50&#8243; shift_x=&#8221;0&#8243; shift_y=&#8221;0&#8243; shift_y_down=&#8221;0&#8243; z_index=&#8221;0&#8243; medium_width=&#8221;0&#8243; mobile_width=&#8221;0&#8243; width=&#8221;1\/2&#8243; uncode_shortcode_id=&#8221;203655&#8243;][vc_custom_heading text_font=&#8221;font-145987&#8243; text_weight=&#8221;600&#8243; uncode_shortcode_id=&#8221;643699&#8243;]Link-It\u00ae Publish for AutoCAD[\/vc_custom_heading][vc_column_text uncode_shortcode_id=&#8221;118591&#8243;]Link-It\u00ae Publish automatisoi CAD-tiedostojen ja tietojen <span lang=\"FI\">julkaisun<\/span> sek\u00e4 <span lang=\"FI\">toistuvat tietojen tarkistukse<\/span>t ja valmistelut. Link-It\u00ae Publish kykenee tuottamaan erilaisia \u200b\u200bCAD-tiedostojen vientimuotoja ja poimimaan, k\u00e4sittelem\u00e4\u00e4n ja viem\u00e4\u00e4n metatietoja AutoCADista tietomuotoihin, kuten .txt, .csv, .xml, .json, .xlsx jne. Link-It\u00ae Publish voi k\u00e4sitell\u00e4 useita CAD-tiedostoja yhdell\u00e4 kertaa, mik\u00e4 s\u00e4\u00e4st\u00e4\u00e4 valtavia m\u00e4\u00e4ri\u00e4 aikaa ja minimoi virheet.<\/p>\n<p>Link-It\u00ae Publish voidaan r\u00e4\u00e4t\u00e4l\u00f6id\u00e4 joustavasti erilaisiin <span lang=\"FI\">tiedonsiirto<\/span>vaatimuksiin. Voit mukauttaa logiikkaa, joka automatisoi esimerkiksi kohdekansion valinnan, tiedostojen nime\u00e4misen, tietojen tarkistuksen ja paljon muuta. Link-It\u00ae Publish voi muodostaa yhteyden muihin j\u00e4rjestelmiin ja automatisoida tiedonsiirron suunnittelusta jatkoprosesseihin.[\/vc_column_text][uncode_list icon=&#8221;fa fa-check&#8221; uncode_shortcode_id=&#8221;856455&#8243;]<\/p>\n<ul>\n<li>K\u00e4tev\u00e4t hakuty\u00f6kalut AutoCAD-piirustusten ker\u00e4\u00e4miseen julkaisuluetteloon<\/li>\n<li>Muokattavat suodattimet julkaisuluettelon viimeistelemiseksi<\/li>\n<li>Joustavasti muokattavat julkaisutavat<\/li>\n<li>Vie AutoCAD-data automaattisesti PLM:\u00e4\u00e4n, ERP:hen tai muihin j\u00e4rjestelmiin<\/li>\n<\/ul>\n<p>[\/uncode_list][vc_empty_space empty_h=&#8221;2&#8243;][vc_button button_color=&#8221;color-jevc&#8221; size=&#8221;link&#8221; btn_link_size=&#8221;h5&#8243; btn_link_underline=&#8221;btn-underline-out&#8221; custom_typo=&#8221;yes&#8221; font_family=&#8221;font-145987&#8243; font_weight=&#8221;600&#8243; icon_position=&#8221;right&#8221; display=&#8221;inline&#8221; link=&#8221;url:https%3A%2F%2Fmpsoft.fi%2Ffi%2Flataa-link-it%2F|title:Downloads&#8221; button_color_type=&#8221;uncode-palette&#8221; uncode_shortcode_id=&#8221;237497&#8243; icon=&#8221;fa fa-arrow-right2&#8243;]Kokeile ilmaiseksi[\/vc_button][vc_button button_color=&#8221;color-jevc&#8221; size=&#8221;link&#8221; btn_link_size=&#8221;h5&#8243; btn_link_underline=&#8221;btn-underline-out&#8221; custom_typo=&#8221;yes&#8221; font_family=&#8221;font-145987&#8243; font_weight=&#8221;600&#8243; icon_position=&#8221;right&#8221; display=&#8221;inline&#8221; link=&#8221;url:%23contact|title:Learn%20more&#8221; button_color_type=&#8221;uncode-palette&#8221; uncode_shortcode_id=&#8221;106826&#8243; icon=&#8221;fa fa-arrow-right2&#8243;]Ota yhteytt\u00e4[\/vc_button][\/vc_column][\/vc_row][vc_row][vc_column width=&#8221;1\/1&#8243;][uncode_block id=&#8221;84295&#8243;][\/vc_column][\/vc_row][vc_row][vc_column width=&#8221;1\/1&#8243;][uncode_block id=&#8221;84046&#8243;][\/vc_column][\/vc_row]<\/p>\n<\/div>","protected":false},"excerpt":{"rendered":"<p>[vc_row row_height_percent=&#8221;0&#8243; override_padding=&#8221;yes&#8221; h_padding=&#8221;2&#8243; top_padding=&#8221;3&#8243; bottom_padding=&#8221;3&#8243; back_color=&#8221;color-xsdn&#8221; overlay_alpha=&#8221;0&#8243; gutter_size=&#8221;3&#8243; column_width_percent=&#8221;100&#8243; shift_y=&#8221;0&#8243; z_index=&#8221;0&#8243; bottom_divider=&#8221;step_3_4&#8243;][vc_column column_width_percent=&#8221;100&#8243; gutter_size=&#8221;3&#8243; style=&#8221;light&#8221; overlay_alpha=&#8221;50&#8243; shift_x=&#8221;0&#8243; shift_y=&#8221;0&#8243; shift_y_down=&#8221;0&#8243; [&hellip;]<\/p>\n","protected":false},"author":1,"featured_media":0,"parent":0,"menu_order":0,"comment_status":"closed","ping_status":"closed","template":"","meta":{"_improvement_type_select":"improve_an_existing","_thumb_yes_seoaic":false,"_frame_yes_seoaic":false,"seoaic_generate_description":"","seoaic_improve_instructions_prompt":"","seoaic_rollback_content_improvement":"","seoaic_idea_thumbnail_generator":"","thumbnail_generated":false,"thumbnail_generate_prompt":"","seoaic_article_description":"","footnotes":""},"class_list":["post-84328","page","type-page","status-publish","hentry"],"yoast_head":"<!-- This site is optimized with the Yoast SEO plugin v20.4 - https:\/\/yoast.com\/wordpress\/plugins\/seo\/ -->\n<title>AutoCAD automaatio- ja tuottavuusty\u00f6kalut | Link-It\u00ae by MP Soft<\/title>\n<meta name=\"description\" content=\"Paranna tuottavuutta, automaatiota ja tuotesuunnittelun laatua - Link-It\u00ae varmistaa johdonmukaisen tavan ty\u00f6skennell\u00e4 AutoCAD-tietojen kanssa.\" \/>\n<meta name=\"robots\" content=\"index, follow, max-snippet:-1, max-image-preview:large, max-video-preview:-1\" \/>\n<link rel=\"canonical\" href=\"https:\/\/mpsoft.fi\/fi\/autocad\/\" \/>\n<meta property=\"og:locale\" content=\"fi_FI\" \/>\n<meta property=\"og:type\" content=\"article\" \/>\n<meta property=\"og:title\" content=\"AutoCAD automaatio- ja tuottavuusty\u00f6kalut | Link-It\u00ae by MP Soft\" \/>\n<meta property=\"og:description\" content=\"Paranna tuottavuutta, automaatiota ja tuotesuunnittelun laatua - Link-It\u00ae varmistaa johdonmukaisen tavan ty\u00f6skennell\u00e4 AutoCAD-tietojen kanssa.\" \/>\n<meta property=\"og:url\" content=\"https:\/\/mpsoft.fi\/fi\/autocad\/\" \/>\n<meta property=\"og:site_name\" content=\"MP Soft\" \/>\n<meta property=\"article:modified_time\" content=\"2025-02-10T15:04:27+00:00\" \/>\n<meta property=\"og:image\" content=\"https:\/\/mpsoft.fi\/wp-content\/uploads\/2020\/02\/Mpsoft_log.png\" \/>\n\t<meta property=\"og:image:width\" content=\"640\" \/>\n\t<meta property=\"og:image:height\" content=\"175\" \/>\n\t<meta property=\"og:image:type\" content=\"image\/png\" \/>\n<meta name=\"twitter:card\" content=\"summary_large_image\" \/>\n<meta name=\"twitter:label1\" content=\"Arvioitu lukuaika\" \/>\n\t<meta name=\"twitter:data1\" content=\"3 minuuttia\" \/>\n<script type=\"application\/ld+json\" class=\"yoast-schema-graph\">{\"@context\":\"https:\/\/schema.org\",\"@graph\":[{\"@type\":\"WebPage\",\"@id\":\"https:\/\/mpsoft.fi\/fi\/autocad\/\",\"url\":\"https:\/\/mpsoft.fi\/fi\/autocad\/\",\"name\":\"AutoCAD automaatio- ja tuottavuusty\u00f6kalut | Link-It\u00ae by MP Soft\",\"isPartOf\":{\"@id\":\"https:\/\/mpsoft.fi\/fi\/#website\"},\"datePublished\":\"2022-12-05T16:57:52+00:00\",\"dateModified\":\"2025-02-10T15:04:27+00:00\",\"description\":\"Paranna tuottavuutta, automaatiota ja tuotesuunnittelun laatua - Link-It\u00ae varmistaa johdonmukaisen tavan ty\u00f6skennell\u00e4 AutoCAD-tietojen kanssa.\",\"breadcrumb\":{\"@id\":\"https:\/\/mpsoft.fi\/fi\/autocad\/#breadcrumb\"},\"inLanguage\":\"fi\",\"potentialAction\":[{\"@type\":\"ReadAction\",\"target\":[\"https:\/\/mpsoft.fi\/fi\/autocad\/\"]}]},{\"@type\":\"BreadcrumbList\",\"@id\":\"https:\/\/mpsoft.fi\/fi\/autocad\/#breadcrumb\",\"itemListElement\":[{\"@type\":\"ListItem\",\"position\":1,\"name\":\"Home\",\"item\":\"https:\/\/mpsoft.fi\/fi\/\"},{\"@type\":\"ListItem\",\"position\":2,\"name\":\"AutoCAD\"}]},{\"@type\":\"WebSite\",\"@id\":\"https:\/\/mpsoft.fi\/fi\/#website\",\"url\":\"https:\/\/mpsoft.fi\/fi\/\",\"name\":\"MP Soft\",\"description\":\"IMPROVE THE QUALITY AND AUTOMATION OF YOUR PRODUCT DESIGN\",\"publisher\":{\"@id\":\"https:\/\/mpsoft.fi\/fi\/#organization\"},\"potentialAction\":[{\"@type\":\"SearchAction\",\"target\":{\"@type\":\"EntryPoint\",\"urlTemplate\":\"https:\/\/mpsoft.fi\/fi\/?s={search_term_string}\"},\"query-input\":\"required name=search_term_string\"}],\"inLanguage\":\"fi\"},{\"@type\":\"Organization\",\"@id\":\"https:\/\/mpsoft.fi\/fi\/#organization\",\"name\":\"MP Soft\",\"url\":\"https:\/\/mpsoft.fi\/fi\/\",\"logo\":{\"@type\":\"ImageObject\",\"inLanguage\":\"fi\",\"@id\":\"https:\/\/mpsoft.fi\/fi\/#\/schema\/logo\/image\/\",\"url\":\"https:\/\/mpsoft.fi\/wp-content\/uploads\/2020\/02\/Mpsoft_log.png\",\"contentUrl\":\"https:\/\/mpsoft.fi\/wp-content\/uploads\/2020\/02\/Mpsoft_log.png\",\"width\":640,\"height\":175,\"caption\":\"MP Soft\"},\"image\":{\"@id\":\"https:\/\/mpsoft.fi\/fi\/#\/schema\/logo\/image\/\"}}]}<\/script>\n<!-- \/ Yoast SEO plugin. -->","yoast_head_json":{"title":"AutoCAD automaatio- ja tuottavuusty\u00f6kalut | Link-It\u00ae by MP Soft","description":"Paranna tuottavuutta, automaatiota ja tuotesuunnittelun laatua - Link-It\u00ae varmistaa johdonmukaisen tavan ty\u00f6skennell\u00e4 AutoCAD-tietojen kanssa.","robots":{"index":"index","follow":"follow","max-snippet":"max-snippet:-1","max-image-preview":"max-image-preview:large","max-video-preview":"max-video-preview:-1"},"canonical":"https:\/\/mpsoft.fi\/fi\/autocad\/","og_locale":"fi_FI","og_type":"article","og_title":"AutoCAD automaatio- ja tuottavuusty\u00f6kalut | Link-It\u00ae by MP Soft","og_description":"Paranna tuottavuutta, automaatiota ja tuotesuunnittelun laatua - Link-It\u00ae varmistaa johdonmukaisen tavan ty\u00f6skennell\u00e4 AutoCAD-tietojen kanssa.","og_url":"https:\/\/mpsoft.fi\/fi\/autocad\/","og_site_name":"MP Soft","article_modified_time":"2025-02-10T15:04:27+00:00","og_image":[{"width":640,"height":175,"url":"https:\/\/mpsoft.fi\/wp-content\/uploads\/2020\/02\/Mpsoft_log.png","type":"image\/png"}],"twitter_card":"summary_large_image","twitter_misc":{"Arvioitu lukuaika":"3 minuuttia"},"schema":{"@context":"https:\/\/schema.org","@graph":[{"@type":"WebPage","@id":"https:\/\/mpsoft.fi\/fi\/autocad\/","url":"https:\/\/mpsoft.fi\/fi\/autocad\/","name":"AutoCAD automaatio- ja tuottavuusty\u00f6kalut | Link-It\u00ae by MP Soft","isPartOf":{"@id":"https:\/\/mpsoft.fi\/fi\/#website"},"datePublished":"2022-12-05T16:57:52+00:00","dateModified":"2025-02-10T15:04:27+00:00","description":"Paranna tuottavuutta, automaatiota ja tuotesuunnittelun laatua - Link-It\u00ae varmistaa johdonmukaisen tavan ty\u00f6skennell\u00e4 AutoCAD-tietojen kanssa.","breadcrumb":{"@id":"https:\/\/mpsoft.fi\/fi\/autocad\/#breadcrumb"},"inLanguage":"fi","potentialAction":[{"@type":"ReadAction","target":["https:\/\/mpsoft.fi\/fi\/autocad\/"]}]},{"@type":"BreadcrumbList","@id":"https:\/\/mpsoft.fi\/fi\/autocad\/#breadcrumb","itemListElement":[{"@type":"ListItem","position":1,"name":"Home","item":"https:\/\/mpsoft.fi\/fi\/"},{"@type":"ListItem","position":2,"name":"AutoCAD"}]},{"@type":"WebSite","@id":"https:\/\/mpsoft.fi\/fi\/#website","url":"https:\/\/mpsoft.fi\/fi\/","name":"MP Soft","description":"IMPROVE THE QUALITY AND AUTOMATION OF YOUR PRODUCT DESIGN","publisher":{"@id":"https:\/\/mpsoft.fi\/fi\/#organization"},"potentialAction":[{"@type":"SearchAction","target":{"@type":"EntryPoint","urlTemplate":"https:\/\/mpsoft.fi\/fi\/?s={search_term_string}"},"query-input":"required name=search_term_string"}],"inLanguage":"fi"},{"@type":"Organization","@id":"https:\/\/mpsoft.fi\/fi\/#organization","name":"MP Soft","url":"https:\/\/mpsoft.fi\/fi\/","logo":{"@type":"ImageObject","inLanguage":"fi","@id":"https:\/\/mpsoft.fi\/fi\/#\/schema\/logo\/image\/","url":"https:\/\/mpsoft.fi\/wp-content\/uploads\/2020\/02\/Mpsoft_log.png","contentUrl":"https:\/\/mpsoft.fi\/wp-content\/uploads\/2020\/02\/Mpsoft_log.png","width":640,"height":175,"caption":"MP Soft"},"image":{"@id":"https:\/\/mpsoft.fi\/fi\/#\/schema\/logo\/image\/"}}]}},"_links":{"self":[{"href":"https:\/\/mpsoft.fi\/fi\/wp-json\/wp\/v2\/pages\/84328","targetHints":{"allow":["GET"]}}],"collection":[{"href":"https:\/\/mpsoft.fi\/fi\/wp-json\/wp\/v2\/pages"}],"about":[{"href":"https:\/\/mpsoft.fi\/fi\/wp-json\/wp\/v2\/types\/page"}],"author":[{"embeddable":true,"href":"https:\/\/mpsoft.fi\/fi\/wp-json\/wp\/v2\/users\/1"}],"replies":[{"embeddable":true,"href":"https:\/\/mpsoft.fi\/fi\/wp-json\/wp\/v2\/comments?post=84328"}],"version-history":[{"count":11,"href":"https:\/\/mpsoft.fi\/fi\/wp-json\/wp\/v2\/pages\/84328\/revisions"}],"predecessor-version":[{"id":85051,"href":"https:\/\/mpsoft.fi\/fi\/wp-json\/wp\/v2\/pages\/84328\/revisions\/85051"}],"wp:attachment":[{"href":"https:\/\/mpsoft.fi\/fi\/wp-json\/wp\/v2\/media?parent=84328"}],"curies":[{"name":"wp","href":"https:\/\/api.w.org\/{rel}","templated":true}]}}